{"id":3066,"date":"2023-03-19T16:23:21","date_gmt":"2023-03-19T14:23:21","guid":{"rendered":"https:\/\/grillandmore.lv\/shop\/?post_type=product&#038;p=3066"},"modified":"2023-11-07T17:51:41","modified_gmt":"2023-11-07T15:51:41","slug":"napoleon-rogue-se-425-r-br-ir-sd-stn-stl","status":"publish","type":"product","link":"https:\/\/grillandmore.lv\/shop\/products\/napoleon-rogue-se-425-r-br-ir-sd-stn-stl\/","title":{"rendered":"Napoleon Rogue SE 425 R.BR\/IR SD STN STL"},"content":{"rendered":"<ul>\n<li>Pret r\u016bsu iztur\u012bgs, iztur\u012bgs ner\u016bs\u0113jo\u0161\u0101 t\u0113rauda b\u0101rbekj\u016b iztur\u0113s jebkuros laikapst\u0101k\u013cos, vienlaikus saglab\u0101jot stil\u012bgu izskatu<\/li>\n<li>Aizmugur\u0113jais infrasarkanais cepe\u0161kr\u0101sns deglis ir lieliski piem\u0113rots daudzu da\u017e\u0101du gardu malt\u012b\u0161u l\u0113nai cep\u0161anai uz iesma (Rotisserie komplekts nav iek\u013cauts komplekt\u0101)<\/li>\n<li>Ieg\u016bstiet perfektu steiku m\u0101jas stilu, cepiet uz steikiem, izmantojot integr\u0113to cep\u0161anas staciju, infrasarkanais siltums rada neticami augstu temperat\u016bru. T\u0101 ir ar\u012b lieliska vieta m\u0113r\u010du un s\u0101nu \u0113dienu pagatavo\u0161anai<\/li>\n<li>Ner\u016bs\u0113jo\u0161\u0101 t\u0113rauda gatavo\u0161anas re\u017e\u0123iem praktiski nav nepiecie\u0161ama apkope<\/li>\n<li>Prec\u012bza siltuma kontrole \u013cauj gril\u0113t\u0101jiem gril\u0113t un cept zem\u0101k\u0101 temperat\u016br\u0101 vai palielin\u0101t siltumu apcep\u0161anai<\/li>\n<li>Nekav\u0113joties aizdedziet Rogue BBQ Grill ar aizdedzi bez akumulatora. \u0160\u012b bezatteices aizdedzes sist\u0113ma nekav\u0113joties aizdedzina deg\u013cus ar liesmas str\u016bklu<\/li>\n<li>Unik\u0101lie vi\u013c\u0146u formas gatavo\u0161anas re\u017e\u0123i nodro\u0161ina vienm\u0113r\u012bgu sild\u012b\u0161anu, nov\u0113r\u0161 \u0113diena izkri\u0161anu un rada izcilas sacepuma p\u0113das<\/li>\n<li>Salok\u0101mie s\u0101nu plaukti \u013cauj \u0161o BBQ novietot \u0101rpus glab\u0101\u0161anas ce\u013ca vai ietilpt kompakt\u0101s telp\u0101s, kas ir ide\u0101li piem\u0113roti balkoniem un maziem iek\u0161pagalmiem.<\/li>\n<li>Divl\u012bme\u0146u ner\u016bs\u0113jo\u0161\u0101 t\u0113rauda cep\u0161anas pl\u0101ksnes uztver un iztvaiko jebk\u0101dus p\u0101rtikas pilienus, pasarg\u0101jot ner\u016bs\u0113jo\u0161\u0101 t\u0113rauda cauru\u013cu deg\u013cus no boj\u0101jumiem un uzturot grila t\u012br\u0101ku.<\/li>\n<\/ul>\n","protected":false},"excerpt":{"rendered":"<p style=\"text-align: justify;\">Napoleon Rogue\u00ae SE 425 ner\u016bs\u0113jo\u0161\u0101 t\u0113rauda prop\u0101na g\u0101zes grils ar infrasarkano s\u0101nu degli un aizmugur\u0113jo degli ir iztur\u012bgs ner\u016bs\u0113jo\u0161\u0101 t\u0113rauda grils. \u0160im grilam ir tr\u012bs galvenie deg\u013ci, aizmugur\u0113jais cepe\u0161kr\u0101sns degli un augsts aug\u0161\u0113jais v\u0101ks, un tam ir viss nepiecie\u0161amais gard\u0113\u017eu malt\u012b\u0161u pagatavo\u0161anai. Cepiet restor\u0101na stila steikus integr\u0113taj\u0101 cep\u0161anas stacij\u0101, savuk\u0101rt pla\u0161ie s\u0101nu plaukti nodro\u0161ina daudz vietas gatavo\u0161anai.<\/p>\n","protected":false},"featured_media":3067,"comment_status":"open","ping_status":"closed","template":"","meta":[],"pwb-brand":[158],"product_brand":[],"product_cat":[124],"product_tag":[],"class_list":{"0":"post-3066","1":"product","2":"type-product","3":"status-publish","4":"has-post-thumbnail","6":"pwb-brand-napoleon","7":"product_cat-gazes-grili","9":"first","10":"onbackorder","11":"taxable","12":"shipping-taxable","13":"purchasable","14":"product-type-simple"},"brands":[{"id":158,"name":"Napoleon","slug":"napoleon"}],"_links":{"self":[{"href":"https:\/\/grillandmore.lv\/shop\/wp-json\/wp\/v2\/product\/3066","targetHints":{"allow":["GET"]}}],"collection":[{"href":"https:\/\/grillandmore.lv\/shop\/wp-json\/wp\/v2\/product"}],"about":[{"href":"https:\/\/grillandmore.lv\/shop\/wp-json\/wp\/v2\/types\/product"}],"replies":[{"embeddable":true,"href":"https:\/\/grillandmore.lv\/shop\/wp-json\/wp\/v2\/comments?post=3066"}],"version-history":[{"count":1,"href":"https:\/\/grillandmore.lv\/shop\/wp-json\/wp\/v2\/product\/3066\/revisions"}],"predecessor-version":[{"id":6421,"href":"https:\/\/grillandmore.lv\/shop\/wp-json\/wp\/v2\/product\/3066\/revisions\/6421"}],"wp:featuredmedia":[{"embeddable":true,"href":"https:\/\/grillandmore.lv\/shop\/wp-json\/wp\/v2\/media\/3067"}],"wp:attachment":[{"href":"https:\/\/grillandmore.lv\/shop\/wp-json\/wp\/v2\/media?parent=3066"}],"wp:term":[{"taxonomy":"pwb-brand","embeddable":true,"href":"https:\/\/grillandmore.lv\/shop\/wp-json\/wp\/v2\/pwb-brand?post=3066"},{"taxonomy":"product_brand","embeddable":true,"href":"https:\/\/grillandmore.lv\/shop\/wp-json\/wp\/v2\/product_brand?post=3066"},{"taxonomy":"product_cat","embeddable":true,"href":"https:\/\/grillandmore.lv\/shop\/wp-json\/wp\/v2\/product_cat?post=3066"},{"taxonomy":"product_tag","embeddable":true,"href":"https:\/\/grillandmore.lv\/shop\/wp-json\/wp\/v2\/product_tag?post=3066"}],"curies":[{"name":"wp","href":"https:\/\/api.w.org\/{rel}","templated":true}]}}