{"id":3078,"date":"2023-03-19T16:47:29","date_gmt":"2023-03-19T14:47:29","guid":{"rendered":"https:\/\/grillandmore.lv\/shop\/?post_type=product&#038;p=3078"},"modified":"2023-09-19T18:47:54","modified_gmt":"2023-09-19T15:47:54","slug":"napoleon-freestyle-425-flm-sd-brn-graphite","status":"publish","type":"product","link":"https:\/\/grillandmore.lv\/shop\/products\/napoleon-freestyle-425-flm-sd-brn-graphite\/","title":{"rendered":"Napoleon Freestyle 425 FLM SD BRN GRAPHITE"},"content":{"rendered":"<ul>\n<li>Jauda Kop\u0113j\u0101 jauda 16,6 kW; galven\u0101s spuldzes 13,6 kW un s\u0101nu pl\u012bts 3 kW<\/li>\n<li>Deg\u013ci 4 gab, ner\u016bs\u0113jo\u0161ais t\u0113rauds (304)<\/li>\n<li>Gril\u0113\u0161anas laukums lxd 60&#215;45 cm, 2700 cm\u00b2<\/li>\n<li>Jauda proporcion\u0101la gatavo\u0161anas virsmai 51,6 kW m\u00b2<\/li>\n<li>Grila materi\u0101ls WAVE\u2122 mat\u0113ts emalj\u0113ts \u010duguns<\/li>\n<li>S\u0101nu pl\u012bts 3 kW, gatavo\u0161anas re\u017e\u0123is \u00d8 20 cm<\/li>\n<li>Termometrs j\u0101, Celsija\/F\u0101renheita skala<\/li>\n<li>Apkures re\u017e\u0123is ir, lxd 59&#215;15 cm<\/li>\n<li>Gril\u0113\u0161anas augstums 91 cm<\/li>\n<li>Rite\u0146i 2gab<\/li>\n<li>Svars (kg) 55<\/li>\n<li>Iepakojum\u0101 1 gab.; (PxPxA) 82&#215;71,5&#215;51 cm<\/li>\n<li>Izm\u0113ri (PxPxA) 132x64x116 cm<\/li>\n<\/ul>\n","protected":false},"excerpt":{"rendered":"<p style=\"text-align: justify;\">Freestyle\u00ae F425 ir kompakts g\u0101zes grils, kas ir piem\u0113rota izm\u0113ra un cenas, ar lab\u0101m \u012bpa\u0161\u012bb\u0101m un ir pilnasin\u012bgs Napoleon g\u0101zes grils ar 10 gadu garantijas programmu un ir apr\u012bkots ar svar\u012bg\u0101kaj\u0101m Napoleon grilu \u012bpa\u0161\u012bb\u0101m ar m\u0113r\u0137i izcilas gar\u0161as \u0113dieniem!<\/p>\n","protected":false},"featured_media":3079,"comment_status":"open","ping_status":"closed","template":"","meta":[],"pwb-brand":[158],"product_brand":[],"product_cat":[124],"product_tag":[],"class_list":{"0":"post-3078","1":"product","2":"type-product","3":"status-publish","4":"has-post-thumbnail","6":"pwb-brand-napoleon","7":"product_cat-gazes-grili","9":"first","10":"onbackorder","11":"taxable","12":"shipping-taxable","13":"purchasable","14":"product-type-simple"},"brands":[{"id":158,"name":"Napoleon","slug":"napoleon"}],"_links":{"self":[{"href":"https:\/\/grillandmore.lv\/shop\/wp-json\/wp\/v2\/product\/3078","targetHints":{"allow":["GET"]}}],"collection":[{"href":"https:\/\/grillandmore.lv\/shop\/wp-json\/wp\/v2\/product"}],"about":[{"href":"https:\/\/grillandmore.lv\/shop\/wp-json\/wp\/v2\/types\/product"}],"replies":[{"embeddable":true,"href":"https:\/\/grillandmore.lv\/shop\/wp-json\/wp\/v2\/comments?post=3078"}],"version-history":[{"count":1,"href":"https:\/\/grillandmore.lv\/shop\/wp-json\/wp\/v2\/product\/3078\/revisions"}],"predecessor-version":[{"id":6418,"href":"https:\/\/grillandmore.lv\/shop\/wp-json\/wp\/v2\/product\/3078\/revisions\/6418"}],"wp:featuredmedia":[{"embeddable":true,"href":"https:\/\/grillandmore.lv\/shop\/wp-json\/wp\/v2\/media\/3079"}],"wp:attachment":[{"href":"https:\/\/grillandmore.lv\/shop\/wp-json\/wp\/v2\/media?parent=3078"}],"wp:term":[{"taxonomy":"pwb-brand","embeddable":true,"href":"https:\/\/grillandmore.lv\/shop\/wp-json\/wp\/v2\/pwb-brand?post=3078"},{"taxonomy":"product_brand","embeddable":true,"href":"https:\/\/grillandmore.lv\/shop\/wp-json\/wp\/v2\/product_brand?post=3078"},{"taxonomy":"product_cat","embeddable":true,"href":"https:\/\/grillandmore.lv\/shop\/wp-json\/wp\/v2\/product_cat?post=3078"},{"taxonomy":"product_tag","embeddable":true,"href":"https:\/\/grillandmore.lv\/shop\/wp-json\/wp\/v2\/product_tag?post=3078"}],"curies":[{"name":"wp","href":"https:\/\/api.w.org\/{rel}","templated":true}]}}