{"id":5844,"date":"2023-03-29T17:54:20","date_gmt":"2023-03-29T14:54:20","guid":{"rendered":"https:\/\/grillandmore.lv\/shop\/?post_type=product&#038;p=5844"},"modified":"2023-09-19T18:47:48","modified_gmt":"2023-09-19T15:47:48","slug":"napoleon-rogue-425-flame-sd-brn-black","status":"publish","type":"product","link":"https:\/\/grillandmore.lv\/shop\/products\/napoleon-rogue-425-flame-sd-brn-black\/","title":{"rendered":"Napoleon Rogue 425 Flame SD BRN BLACK"},"content":{"rendered":"<p>Napoleon Rogue R425SBPK ir unik\u0101ls, augst\u0101k\u0101s kvalit\u0101tes g\u0101zes grils ar p\u0101rdom\u0101t\u0101m sast\u0101vda\u013c\u0101m. Grils ir paredz\u0113ts gan tie\u0161ai, gan netie\u0161ai gatavo\u0161anai.<\/p>\n<p>Paldies, ka izlas\u012bj\u0101t \u0161o zi\u0146u, neaizmirstiet abon\u0113t!<br \/>\n\u2013 Tr\u012bs ner\u016bs\u0113jo\u0161\u0101 t\u0113rauda cauru\u013cu deg\u013ci p\u0101rkl\u0101j galveno gril\u0113\u0161anas zonu<br \/>\n\u2013 Klasisk\u0101 s\u0101nu pl\u012bts ar pien\u0101c\u012bgu jaudu kreisaj\u0101 s\u0101nu galdi\u0146\u0101.<br \/>\n\u2013 Se\u0161i ner\u016bs\u0113jo\u0161\u0101 t\u0113rauda deg\u013ci\/sild\u012bt\u0101ji<br \/>\n\u2013 Ner\u016bs\u0113jo\u0161ie s\u0101nu galdi\u0146i gril\u0113\u0161anas piederumiem, gal\u0101 piekaramie \u0101\u0137i<br \/>\n\u2013 P\u0101rsegs no melna, emalj\u0113ta ner\u016bs\u0113jo\u0161\u0101 t\u0113rauda<br \/>\n\u2013 Ner\u016bs\u0113jo\u0161\u0101 t\u0113rauda WAVE\u2122 gatavo\u0161anas restes ar vienm\u0113r\u012bgu temperat\u016bras sadal\u012bjumu<br \/>\n\u2013 Liels un caursp\u012bd\u012bgs grila termometrs<br \/>\n\u2013 Skapis piederumu glab\u0101\u0161anai<br \/>\n\u2013 4 augstas kvalit\u0101tes blo\u0137\u0113jami groz\u0101mi rite\u0146i<br \/>\n\u2013 Dzi\u013ci velm\u0113ta konus\u0101, tauku sav\u0101k\u0161anas tvertn\u0113, kas n\u0101k \u0101r\u0101 no priek\u0161puses<br \/>\n\u2013 Atsevi\u0161\u0137s tauku sav\u0101k\u0161anas kr\u016bze, izeja no priek\u0161puses<br \/>\n\u2013 Grila deg\u013ciem ir ierobe\u017eota Napoleon 15 gadu garantija<\/p>\n<p>Tehnisk\u0101s specifik\u0101cijas:<br \/>\n\u2013 Kop\u0113j\u0101 jauda 15,6kW<br \/>\n&#8211; 3 augstas kvalit\u0101tes ner\u016bs\u0113jo\u0161\u0101 t\u0113rauda deg\u013ci (12,6 kW)<br \/>\n\u2013 JET-FIRE\u2122 beznodiluma aizdedzes sist\u0113ma, kur g\u0101zes liesma tiek virz\u012bta uz degli no atsevi\u0161\u0137as aizdedzes.<br \/>\n\u2013 Klasisk\u0101 s\u0101nu pl\u012bts s\u0101nu galdi\u0146\u0101 (3kW) aptuveni 23x26cm<br \/>\n\u2013 Elektronisk\u0101 autom\u0101tisk\u0101 aizdedze uz pl\u012bts<br \/>\n\u2013 Izm\u0113ri (cm): P 130 x A 120 x D 64<br \/>\n\u2013 Gril\u0113\u0161anas laukums aptuveni 60\u00d744 cm<\/p>\n","protected":false},"excerpt":{"rendered":"<p>Napoleon Roque R425SBPK ar klasisko s\u0101nu degli. Premium klases g\u0101zes grils. Izgatavots no kvalitat\u012bva Zieme\u013camerikas t\u0113rauda.<\/p>\n","protected":false},"featured_media":5846,"comment_status":"open","ping_status":"closed","template":"","meta":[],"pwb-brand":[158],"product_brand":[],"product_cat":[124],"product_tag":[],"class_list":{"0":"post-5844","1":"product","2":"type-product","3":"status-publish","4":"has-post-thumbnail","6":"pwb-brand-napoleon","7":"product_cat-gazes-grili","9":"first","10":"onbackorder","11":"taxable","12":"shipping-taxable","13":"purchasable","14":"product-type-simple"},"brands":[{"id":158,"name":"Napoleon","slug":"napoleon"}],"_links":{"self":[{"href":"https:\/\/grillandmore.lv\/shop\/wp-json\/wp\/v2\/product\/5844","targetHints":{"allow":["GET"]}}],"collection":[{"href":"https:\/\/grillandmore.lv\/shop\/wp-json\/wp\/v2\/product"}],"about":[{"href":"https:\/\/grillandmore.lv\/shop\/wp-json\/wp\/v2\/types\/product"}],"replies":[{"embeddable":true,"href":"https:\/\/grillandmore.lv\/shop\/wp-json\/wp\/v2\/comments?post=5844"}],"version-history":[{"count":2,"href":"https:\/\/grillandmore.lv\/shop\/wp-json\/wp\/v2\/product\/5844\/revisions"}],"predecessor-version":[{"id":6417,"href":"https:\/\/grillandmore.lv\/shop\/wp-json\/wp\/v2\/product\/5844\/revisions\/6417"}],"wp:featuredmedia":[{"embeddable":true,"href":"https:\/\/grillandmore.lv\/shop\/wp-json\/wp\/v2\/media\/5846"}],"wp:attachment":[{"href":"https:\/\/grillandmore.lv\/shop\/wp-json\/wp\/v2\/media?parent=5844"}],"wp:term":[{"taxonomy":"pwb-brand","embeddable":true,"href":"https:\/\/grillandmore.lv\/shop\/wp-json\/wp\/v2\/pwb-brand?post=5844"},{"taxonomy":"product_brand","embeddable":true,"href":"https:\/\/grillandmore.lv\/shop\/wp-json\/wp\/v2\/product_brand?post=5844"},{"taxonomy":"product_cat","embeddable":true,"href":"https:\/\/grillandmore.lv\/shop\/wp-json\/wp\/v2\/product_cat?post=5844"},{"taxonomy":"product_tag","embeddable":true,"href":"https:\/\/grillandmore.lv\/shop\/wp-json\/wp\/v2\/product_tag?post=5844"}],"curies":[{"name":"wp","href":"https:\/\/api.w.org\/{rel}","templated":true}]}}