{"id":5856,"date":"2023-03-29T18:38:51","date_gmt":"2023-03-29T15:38:51","guid":{"rendered":"https:\/\/grillandmore.lv\/shop\/?post_type=product&#038;p=5856"},"modified":"2023-09-19T18:47:32","modified_gmt":"2023-09-19T15:47:32","slug":"napoleon-rogue-xt-365-ir-sd-brn-stn-stl","status":"publish","type":"product","link":"https:\/\/grillandmore.lv\/shop\/products\/napoleon-rogue-xt-365-ir-sd-brn-stn-stl\/","title":{"rendered":"Napoleon Rogue XT 365 IR SD BRN STN STL"},"content":{"rendered":"<p>Napoleon Rogue R365SIBPSS ir unik\u0101ls, augst\u0101k\u0101s kvalit\u0101tes g\u0101zes grils ar ner\u016bs\u0113jo\u0161o korpusu, p\u0101rdom\u0101t\u0101m sast\u0101vda\u013c\u0101m. Apr\u012bkots ar unik\u0101lu un \u0101rk\u0101rt\u012bgi efekt\u012bvu infrasarkano SIZZLE ZONE s\u0101nu pl\u012bti. Ide\u0101li piem\u0113rots liellopa steiku &#8220;bied\u0113\u0161anai&#8221; &#8211; sasniedz 900C temperat\u016bru 3 min\u016bt\u0113s<\/p>\n<p>Paldies, ka izlas\u012bj\u0101t \u0161o zi\u0146u, neaizmirstiet abon\u0113t!<br \/>\nDivi augstas kvalit\u0101tes cauru\u013cu deg\u013ci no ner\u016bs\u0113jo\u0161\u0101 t\u0113rauda<br \/>\n\u2013 Keramikas SIZZLE ZONE g\u0101zes pl\u012bts s\u0101nu galdi\u0146\u0101, p\u0101rkl\u0101ta ar v\u0101ku<br \/>\n\u2013 Se\u0161i ner\u016bs\u0113jo\u0161\u0101 t\u0113rauda deg\u013ci\/sild\u012bt\u0101ji<br \/>\n\u2013 Ner\u016bs\u0113jo\u0161\u0101 emalja kr\u0101soti s\u0101nu galdi\u0146i gril\u0113\u0161anas piederumu novieto\u0161anai, gal\u0101 piekaramie \u0101\u0137i<br \/>\n&#8211; Ner\u016bs\u0113jo\u0161\u0101 t\u0113rauda loksnes v\u0101ks<br \/>\n\u2013 \u010cuguna WAVE gatavo\u0161anas restes ar vienm\u0113r\u012bgu temperat\u016bras sadal\u012bjumu. Var izmantot no ab\u0101m pus\u0113m.<br \/>\n\u2013 Liels un caursp\u012bd\u012bgs grila termometrs<br \/>\n\u2013 Skapis ar durv\u012bm piederumu uzglab\u0101\u0161anai<br \/>\n\u2013 4 augstas kvalit\u0101tes blo\u0137\u0113jami groz\u0101mi rite\u0146i<br \/>\n\u2013 Dzi\u013ci velm\u0113ta konus\u0101, tauku sav\u0101k\u0161anas tvertn\u0113, kas n\u0101k \u0101r\u0101 no priek\u0161puses<br \/>\n\u2013 Atsevi\u0161\u0137s tauku sav\u0101k\u0161anas kr\u016bze, izeja no priek\u0161puses<br \/>\n\u2013 Grila deg\u013ciem ir ierobe\u017eota Napoleon 10 gadu garantija<\/p>\n<p>Tehnisk\u0101s specifik\u0101cijas:<br \/>\n\u2013 Kop\u0113j\u0101 jauda 13,5kW<br \/>\n\u2013 2 augstas kvalit\u0101tes ner\u016bs\u0113jo\u0161\u0101 t\u0113rauda deg\u013ci.<br \/>\n\u2013 JET FIRE nevalk\u0101jama aizdedzes sist\u0113ma, kur g\u0101zes liesma tiek virz\u012bta uz degli no atsevi\u0161\u0137as aizdedzes.<br \/>\n\u2013 Infrasarkan\u0101 g\u0101zes pl\u012bts s\u0101nu galdi\u0146\u0101 (3kW) aptuveni 23x26cm<br \/>\n\u2013 Elektronisk\u0101 autom\u0101tisk\u0101 aizdedze uz pl\u012bts<br \/>\n\u2013 Izm\u0113ri (cm): P 120 x A 120 x D 64<br \/>\n\u2013 Gril\u0113\u0161anas laukums apm.51x45cm<br \/>\n\u2013 Apkures re\u017e\u0123is 50x12cm<\/p>\n","protected":false},"excerpt":{"rendered":"<p>Napoleon Rogue RXT365SIBPK ir augst\u0101k\u0101s kvalit\u0101tes premium klases g\u0101zes grils, kas izgatavots no Zieme\u013camerikas kvalit\u0101tes t\u0113rauda, \u200b\u200bar unik\u0101lu steiku pl\u012bti, viegli kopjams.<\/p>\n","protected":false},"featured_media":5857,"comment_status":"open","ping_status":"closed","template":"","meta":[],"pwb-brand":[158],"product_brand":[],"product_cat":[124],"product_tag":[],"class_list":{"0":"post-5856","1":"product","2":"type-product","3":"status-publish","4":"has-post-thumbnail","6":"pwb-brand-napoleon","7":"product_cat-gazes-grili","9":"first","10":"onbackorder","11":"taxable","12":"shipping-taxable","13":"purchasable","14":"product-type-simple"},"brands":[{"id":158,"name":"Napoleon","slug":"napoleon"}],"_links":{"self":[{"href":"https:\/\/grillandmore.lv\/shop\/wp-json\/wp\/v2\/product\/5856","targetHints":{"allow":["GET"]}}],"collection":[{"href":"https:\/\/grillandmore.lv\/shop\/wp-json\/wp\/v2\/product"}],"about":[{"href":"https:\/\/grillandmore.lv\/shop\/wp-json\/wp\/v2\/types\/product"}],"replies":[{"embeddable":true,"href":"https:\/\/grillandmore.lv\/shop\/wp-json\/wp\/v2\/comments?post=5856"}],"version-history":[{"count":1,"href":"https:\/\/grillandmore.lv\/shop\/wp-json\/wp\/v2\/product\/5856\/revisions"}],"predecessor-version":[{"id":6414,"href":"https:\/\/grillandmore.lv\/shop\/wp-json\/wp\/v2\/product\/5856\/revisions\/6414"}],"wp:featuredmedia":[{"embeddable":true,"href":"https:\/\/grillandmore.lv\/shop\/wp-json\/wp\/v2\/media\/5857"}],"wp:attachment":[{"href":"https:\/\/grillandmore.lv\/shop\/wp-json\/wp\/v2\/media?parent=5856"}],"wp:term":[{"taxonomy":"pwb-brand","embeddable":true,"href":"https:\/\/grillandmore.lv\/shop\/wp-json\/wp\/v2\/pwb-brand?post=5856"},{"taxonomy":"product_brand","embeddable":true,"href":"https:\/\/grillandmore.lv\/shop\/wp-json\/wp\/v2\/product_brand?post=5856"},{"taxonomy":"product_cat","embeddable":true,"href":"https:\/\/grillandmore.lv\/shop\/wp-json\/wp\/v2\/product_cat?post=5856"},{"taxonomy":"product_tag","embeddable":true,"href":"https:\/\/grillandmore.lv\/shop\/wp-json\/wp\/v2\/product_tag?post=5856"}],"curies":[{"name":"wp","href":"https:\/\/api.w.org\/{rel}","templated":true}]}}