{"id":5946,"date":"2023-03-30T17:24:34","date_gmt":"2023-03-30T14:24:34","guid":{"rendered":"https:\/\/grillandmore.lv\/shop\/?post_type=product&#038;p=5946"},"modified":"2023-09-19T18:03:16","modified_gmt":"2023-09-19T15:03:16","slug":"feuermeister-rokas-aizsargs","status":"publish","type":"product","link":"https:\/\/grillandmore.lv\/shop\/products\/feuermeister-rokas-aizsargs\/","title":{"rendered":"FEUERMEISTER\u00ae rokas aizsargs"},"content":{"rendered":"<p>AUGSTAS KVALIT\u0100TES MATERI\u0100LI &#8211; Apak\u0161delma aizsargs ir dubult\u0101 ad\u012bts un sast\u0101v no 100% aram\u012bda auduma. Ar 30 cm garumu apak\u0161delms l\u012bdz elkonim ir labi aizsarg\u0101ts pret karstumu, lai ar\u012b gar\u0101kas grila sezonas neb\u016btu probl\u0113ma. \u012asais Feuermeister\u00ae z\u012bmols un kvalit\u0101tes z\u012bmogs ir uz\u0161\u016bts uz sarkanas austas eti\u0137etes apak\u0161delma aizsargu s\u0101nos.<\/p>\n<p>Siltuma aizsardz\u012bba &#8211; optim\u0101li aizsarg\u0101 apak\u0161delmu no lidojo\u0161\u0101m dzirkstel\u0113m un izstarojo\u0161o karstumu pat ilg\u0101ku grila sezonu laik\u0101.<\/p>\n<p>Var kombin\u0113t \u2013 papildiniet izskatu ar Feuermeister\u00ae aram\u012bda vai \u0101das grila cimdiem<\/p>\n","protected":false},"excerpt":{"rendered":"<p>Perfekta aizsardz\u012bba \u2013 pateicoties 100% karstumiztur\u012bgai aram\u012bda dzijai Super fit &#8211; pateicoties elast\u012bgam materi\u0101lam. J\u016btas k\u0101 2 \u0101da, kas izgatavota no aram\u012bda.<\/p>\n","protected":false},"featured_media":5947,"comment_status":"open","ping_status":"closed","template":"","meta":[],"pwb-brand":[240],"product_brand":[],"product_cat":[136,128],"product_tag":[],"class_list":{"0":"post-5946","1":"product","2":"type-product","3":"status-publish","4":"has-post-thumbnail","6":"pwb-brand-feurmeister","7":"product_cat-cimdi","8":"product_cat-piederumi","10":"first","11":"onbackorder","12":"taxable","13":"shipping-taxable","14":"purchasable","15":"product-type-simple"},"brands":[{"id":240,"name":"Feurmeister","slug":"feurmeister"}],"_links":{"self":[{"href":"https:\/\/grillandmore.lv\/shop\/wp-json\/wp\/v2\/product\/5946","targetHints":{"allow":["GET"]}}],"collection":[{"href":"https:\/\/grillandmore.lv\/shop\/wp-json\/wp\/v2\/product"}],"about":[{"href":"https:\/\/grillandmore.lv\/shop\/wp-json\/wp\/v2\/types\/product"}],"replies":[{"embeddable":true,"href":"https:\/\/grillandmore.lv\/shop\/wp-json\/wp\/v2\/comments?post=5946"}],"version-history":[{"count":1,"href":"https:\/\/grillandmore.lv\/shop\/wp-json\/wp\/v2\/product\/5946\/revisions"}],"predecessor-version":[{"id":5949,"href":"https:\/\/grillandmore.lv\/shop\/wp-json\/wp\/v2\/product\/5946\/revisions\/5949"}],"wp:featuredmedia":[{"embeddable":true,"href":"https:\/\/grillandmore.lv\/shop\/wp-json\/wp\/v2\/media\/5947"}],"wp:attachment":[{"href":"https:\/\/grillandmore.lv\/shop\/wp-json\/wp\/v2\/media?parent=5946"}],"wp:term":[{"taxonomy":"pwb-brand","embeddable":true,"href":"https:\/\/grillandmore.lv\/shop\/wp-json\/wp\/v2\/pwb-brand?post=5946"},{"taxonomy":"product_brand","embeddable":true,"href":"https:\/\/grillandmore.lv\/shop\/wp-json\/wp\/v2\/product_brand?post=5946"},{"taxonomy":"product_cat","embeddable":true,"href":"https:\/\/grillandmore.lv\/shop\/wp-json\/wp\/v2\/product_cat?post=5946"},{"taxonomy":"product_tag","embeddable":true,"href":"https:\/\/grillandmore.lv\/shop\/wp-json\/wp\/v2\/product_tag?post=5946"}],"curies":[{"name":"wp","href":"https:\/\/api.w.org\/{rel}","templated":true}]}}