{"id":5957,"date":"2023-03-30T17:39:55","date_gmt":"2023-03-30T14:39:55","guid":{"rendered":"https:\/\/grillandmore.lv\/shop\/?post_type=product&#038;p=5957"},"modified":"2023-09-19T18:03:02","modified_gmt":"2023-09-19T15:03:02","slug":"feuermeister-skeltas-adas-cimdi-12-izmers","status":"publish","type":"product","link":"https:\/\/grillandmore.lv\/shop\/products\/feuermeister-skeltas-adas-cimdi-12-izmers\/","title":{"rendered":"FEUERMEISTER\u00ae \u0101das cimdi \/ 12.izm\u0113rs"},"content":{"rendered":"<p style=\"text-align: justify;\">Stil\u012bgi FEUERMEISTER\u00ae premium gril\u0113\u0161anas cimdi<br \/>\n\u012asais FEUERMEISTER\u00ae z\u012bmols un kvalit\u0101tes z\u012bmogs ir iededzin\u0101ts ar termodruku. \u0100das siksni\u0146a, kas piestiprin\u0101ta pie div\u0101m gredzenveida cilp\u0101m, nodro\u0161ina, ka cimdu p\u0101ri p\u0113c gril\u0113\u0161anas var dro\u0161i pak\u0101rt. Ide\u0101l\u0101 funkcionalit\u0101tes un izskata simbioz\u0113 grila cimds ir iztur\u012bgs un vienlaikus moderns.<\/p>\n<p style=\"text-align: justify;\">Sertific\u0113ti karstuma aizsardz\u012bbas gril\u0113\u0161anas cimdi<br \/>\nKarstumaizsardz\u012bbas grila cimds atbilst jaunajai PPE (Personal Protection Equipment) regulai 2016\/425, un to ir sertific\u0113jis saska\u0146\u0101 ar EN 388 un EN 407 pazi\u0146ots test\u0113\u0161anas instit\u016bts. Sarkanais \u0101das gril\u0113\u0161anas cimds nodro\u0161ina dro\u0161u gril\u0113\u0161anu jebkur\u0101 poz\u012bcij\u0101. Karstumaizsardz\u012bbas cimdi da\u017e\u0101diem m\u0113r\u0137iem &#8211; ide\u0101l\u0101 d\u0101vanu iepakojum\u0101 Protams, BBQ un grila cimdus var izmantot ar\u012b k\u0101 kam\u012bna cimdus, cepe\u0161kr\u0101sns cimdus, cep\u0161anas cimdus un kulin\u0101rijas cimdus.<\/p>\n<p style=\"text-align: justify;\">FEUERMEISTER\u00ae tiek pieg\u0101d\u0101ts k\u0101 p\u0101ris pievilc\u012bg\u0101 un p\u0101rsteidzo\u0161\u0101, tipisk\u0101 FEUERMEISTER\u00ae d\u0101vanu iepakojum\u0101 ar redzam\u012bbas lauku, lai izjustu \u012bstas \u0101das, kas izgatavota no \u0161\u0137eltas dz\u012bvnieku \u0101das, vienlaikus saglab\u0101jot izaugu\u0161\u0101s \u0161\u0137iedras un to dabisko savijumu, baud\u012bjumu. cimds.<\/p>\n","protected":false},"excerpt":{"rendered":"<p style=\"text-align: justify;\">Karstumiztur\u012bgas Kevlar \u0161uves ar aizsargsloksn\u0113m.<br \/>\nSarkanais augst\u0101k\u0101s kvalit\u0101tes grila un BBQ cimds, kas izgatavots no vislab\u0101k\u0101s \u0161\u0137elt\u0101s \u0101das, ir z\u012bmola FEUERMEISTER\u00ae ori\u0123in\u0101lais produkts, un tagad eksperti to uzskata par oblig\u0101tu gril\u0113t\u0101jam. Visas \u0161uves \u0161\u016btas no karstumiztur\u012bga un \u012bpa\u0161i nepl\u012bsto\u0161a kevlara diega &#8211; atpaz\u012bstams p\u0113c dzelten\u0101s kr\u0101sas. \u0160uvju aizsargsloksne, kas izgatavota no \u0101das, nodro\u0161ina lab\u0101ku iztur\u012bbu un robustumu.<\/p>\n","protected":false},"featured_media":5951,"comment_status":"open","ping_status":"closed","template":"","meta":[],"pwb-brand":[240],"product_brand":[],"product_cat":[136,128],"product_tag":[],"class_list":{"0":"post-5957","1":"product","2":"type-product","3":"status-publish","4":"has-post-thumbnail","6":"pwb-brand-feurmeister","7":"product_cat-cimdi","8":"product_cat-piederumi","10":"first","11":"onbackorder","12":"taxable","13":"shipping-taxable","14":"purchasable","15":"product-type-simple"},"brands":[{"id":240,"name":"Feurmeister","slug":"feurmeister"}],"_links":{"self":[{"href":"https:\/\/grillandmore.lv\/shop\/wp-json\/wp\/v2\/product\/5957","targetHints":{"allow":["GET"]}}],"collection":[{"href":"https:\/\/grillandmore.lv\/shop\/wp-json\/wp\/v2\/product"}],"about":[{"href":"https:\/\/grillandmore.lv\/shop\/wp-json\/wp\/v2\/types\/product"}],"replies":[{"embeddable":true,"href":"https:\/\/grillandmore.lv\/shop\/wp-json\/wp\/v2\/comments?post=5957"}],"version-history":[{"count":3,"href":"https:\/\/grillandmore.lv\/shop\/wp-json\/wp\/v2\/product\/5957\/revisions"}],"predecessor-version":[{"id":5961,"href":"https:\/\/grillandmore.lv\/shop\/wp-json\/wp\/v2\/product\/5957\/revisions\/5961"}],"wp:featuredmedia":[{"embeddable":true,"href":"https:\/\/grillandmore.lv\/shop\/wp-json\/wp\/v2\/media\/5951"}],"wp:attachment":[{"href":"https:\/\/grillandmore.lv\/shop\/wp-json\/wp\/v2\/media?parent=5957"}],"wp:term":[{"taxonomy":"pwb-brand","embeddable":true,"href":"https:\/\/grillandmore.lv\/shop\/wp-json\/wp\/v2\/pwb-brand?post=5957"},{"taxonomy":"product_brand","embeddable":true,"href":"https:\/\/grillandmore.lv\/shop\/wp-json\/wp\/v2\/product_brand?post=5957"},{"taxonomy":"product_cat","embeddable":true,"href":"https:\/\/grillandmore.lv\/shop\/wp-json\/wp\/v2\/product_cat?post=5957"},{"taxonomy":"product_tag","embeddable":true,"href":"https:\/\/grillandmore.lv\/shop\/wp-json\/wp\/v2\/product_tag?post=5957"}],"curies":[{"name":"wp","href":"https:\/\/api.w.org\/{rel}","templated":true}]}}