{"id":5963,"date":"2023-03-30T17:51:45","date_gmt":"2023-03-30T14:51:45","guid":{"rendered":"https:\/\/grillandmore.lv\/shop\/?post_type=product&#038;p=5963"},"modified":"2023-09-19T18:02:57","modified_gmt":"2023-09-19T15:02:57","slug":"feuermeister-adas-duraini","status":"publish","type":"product","link":"https:\/\/grillandmore.lv\/shop\/products\/feuermeister-adas-duraini\/","title":{"rendered":"FEUERMEISTER\u00ae \u0101das d\u016brai\u0146i \/ konjaks"},"content":{"rendered":"<p>Augstas kvalit\u0101tes ant\u012bkas \u0101das cepe\u0161kr\u0101sns d\u016brai\u0146i<br \/>\ndubult\u0101 vilnas un kokvilnas odere<br \/>\nGarums: aptuveni 29 cm<br \/>\nViens izm\u0113rs der visiem<\/p>\n","protected":false},"excerpt":{"rendered":"<p>Feuermeister\u00ae d\u016brai\u0146i | ant\u012bka \u0101da | konjaks&#8221;<\/p>\n","protected":false},"featured_media":5964,"comment_status":"open","ping_status":"closed","template":"","meta":[],"pwb-brand":[240],"product_brand":[],"product_cat":[136,128],"product_tag":[],"class_list":{"0":"post-5963","1":"product","2":"type-product","3":"status-publish","4":"has-post-thumbnail","6":"pwb-brand-feurmeister","7":"product_cat-cimdi","8":"product_cat-piederumi","10":"first","11":"onbackorder","12":"taxable","13":"shipping-taxable","14":"purchasable","15":"product-type-simple"},"brands":[{"id":240,"name":"Feurmeister","slug":"feurmeister"}],"_links":{"self":[{"href":"https:\/\/grillandmore.lv\/shop\/wp-json\/wp\/v2\/product\/5963","targetHints":{"allow":["GET"]}}],"collection":[{"href":"https:\/\/grillandmore.lv\/shop\/wp-json\/wp\/v2\/product"}],"about":[{"href":"https:\/\/grillandmore.lv\/shop\/wp-json\/wp\/v2\/types\/product"}],"replies":[{"embeddable":true,"href":"https:\/\/grillandmore.lv\/shop\/wp-json\/wp\/v2\/comments?post=5963"}],"version-history":[{"count":2,"href":"https:\/\/grillandmore.lv\/shop\/wp-json\/wp\/v2\/product\/5963\/revisions"}],"predecessor-version":[{"id":5974,"href":"https:\/\/grillandmore.lv\/shop\/wp-json\/wp\/v2\/product\/5963\/revisions\/5974"}],"wp:featuredmedia":[{"embeddable":true,"href":"https:\/\/grillandmore.lv\/shop\/wp-json\/wp\/v2\/media\/5964"}],"wp:attachment":[{"href":"https:\/\/grillandmore.lv\/shop\/wp-json\/wp\/v2\/media?parent=5963"}],"wp:term":[{"taxonomy":"pwb-brand","embeddable":true,"href":"https:\/\/grillandmore.lv\/shop\/wp-json\/wp\/v2\/pwb-brand?post=5963"},{"taxonomy":"product_brand","embeddable":true,"href":"https:\/\/grillandmore.lv\/shop\/wp-json\/wp\/v2\/product_brand?post=5963"},{"taxonomy":"product_cat","embeddable":true,"href":"https:\/\/grillandmore.lv\/shop\/wp-json\/wp\/v2\/product_cat?post=5963"},{"taxonomy":"product_tag","embeddable":true,"href":"https:\/\/grillandmore.lv\/shop\/wp-json\/wp\/v2\/product_tag?post=5963"}],"curies":[{"name":"wp","href":"https:\/\/api.w.org\/{rel}","templated":true}]}}