{"id":5980,"date":"2023-03-30T18:09:35","date_gmt":"2023-03-30T15:09:35","guid":{"rendered":"https:\/\/grillandmore.lv\/shop\/?post_type=product&#038;p=5980"},"modified":"2023-09-19T18:02:41","modified_gmt":"2023-09-19T15:02:41","slug":"feuermeister-adas-duraini-nappa-ada-sarkani","status":"publish","type":"product","link":"https:\/\/grillandmore.lv\/shop\/products\/feuermeister-adas-duraini-nappa-ada-sarkani\/","title":{"rendered":"FEUERMEISTER\u00ae \u0101das d\u016brai\u0146i \/ nappa \u0101da \/ sarkani"},"content":{"rendered":"<p>Augstas kvalit\u0101tes cepe\u0161kr\u0101sns cimdi no nappa \u0101das<\/p>\n<p>dubult\u0101 vilnas un kokvilnas odere<\/p>\n<p>Garums: aptuveni 29 cm<\/p>\n<p>Viens izm\u0113rs der visiem<\/p>\n","protected":false},"excerpt":{"rendered":"<p>Feuermeister\u00ae cepe\u0161kr\u0101sns d\u016brai\u0146i | nappa \u0101da | sarkans<\/p>\n","protected":false},"featured_media":5981,"comment_status":"open","ping_status":"closed","template":"","meta":[],"pwb-brand":[240],"product_brand":[],"product_cat":[136,128],"product_tag":[],"class_list":{"0":"post-5980","1":"product","2":"type-product","3":"status-publish","4":"has-post-thumbnail","6":"pwb-brand-feurmeister","7":"product_cat-cimdi","8":"product_cat-piederumi","10":"first","11":"onbackorder","12":"taxable","13":"shipping-taxable","14":"purchasable","15":"product-type-simple"},"brands":[{"id":240,"name":"Feurmeister","slug":"feurmeister"}],"_links":{"self":[{"href":"https:\/\/grillandmore.lv\/shop\/wp-json\/wp\/v2\/product\/5980","targetHints":{"allow":["GET"]}}],"collection":[{"href":"https:\/\/grillandmore.lv\/shop\/wp-json\/wp\/v2\/product"}],"about":[{"href":"https:\/\/grillandmore.lv\/shop\/wp-json\/wp\/v2\/types\/product"}],"replies":[{"embeddable":true,"href":"https:\/\/grillandmore.lv\/shop\/wp-json\/wp\/v2\/comments?post=5980"}],"version-history":[{"count":1,"href":"https:\/\/grillandmore.lv\/shop\/wp-json\/wp\/v2\/product\/5980\/revisions"}],"predecessor-version":[{"id":5984,"href":"https:\/\/grillandmore.lv\/shop\/wp-json\/wp\/v2\/product\/5980\/revisions\/5984"}],"wp:featuredmedia":[{"embeddable":true,"href":"https:\/\/grillandmore.lv\/shop\/wp-json\/wp\/v2\/media\/5981"}],"wp:attachment":[{"href":"https:\/\/grillandmore.lv\/shop\/wp-json\/wp\/v2\/media?parent=5980"}],"wp:term":[{"taxonomy":"pwb-brand","embeddable":true,"href":"https:\/\/grillandmore.lv\/shop\/wp-json\/wp\/v2\/pwb-brand?post=5980"},{"taxonomy":"product_brand","embeddable":true,"href":"https:\/\/grillandmore.lv\/shop\/wp-json\/wp\/v2\/product_brand?post=5980"},{"taxonomy":"product_cat","embeddable":true,"href":"https:\/\/grillandmore.lv\/shop\/wp-json\/wp\/v2\/product_cat?post=5980"},{"taxonomy":"product_tag","embeddable":true,"href":"https:\/\/grillandmore.lv\/shop\/wp-json\/wp\/v2\/product_tag?post=5980"}],"curies":[{"name":"wp","href":"https:\/\/api.w.org\/{rel}","templated":true}]}}