{"id":5997,"date":"2023-03-30T18:23:38","date_gmt":"2023-03-30T15:23:38","guid":{"rendered":"https:\/\/grillandmore.lv\/shop\/?post_type=product&#038;p=5997"},"modified":"2023-09-19T18:01:48","modified_gmt":"2023-09-19T15:01:48","slug":"feuermeister-cimdi-12-izmers","status":"publish","type":"product","link":"https:\/\/grillandmore.lv\/shop\/products\/feuermeister-cimdi-12-izmers\/","title":{"rendered":"FEUERMEISTER\u00ae cimdi | 12.izm\u0113rs"},"content":{"rendered":"<p>Nesl\u012bdo\u0161s, pateicoties karstumiztur\u012bgam silikonam<br \/>\nDro\u0161am un nesl\u012bdo\u0161am satv\u0113rienam cimdam ab\u0101s pus\u0113s ir r\u016bp\u012bgi uzkl\u0101ts karstumiztur\u012bgs silikona p\u0101rkl\u0101jums, kura vid\u016b ir ekskluz\u012bvais FEUERMEISTER\u00ae z\u012bmols un kvalit\u0101tes z\u012bmogs. Taj\u0101 pa\u0161\u0101 laik\u0101 ab\u0101s pus\u0113s uzkl\u0101tais silikons nodro\u0161ina ide\u0101lu elast\u012bbu un iesp\u0113ju cimdu valk\u0101t uz kreis\u0101s un lab\u0101s rokas.<\/p>\n<p>BBQ cimdi &#8211; iztur\u012bgi un mazg\u0101jami<br \/>\nKvalitat\u012bvs cimds nezaud\u0113 savu piem\u0113rot\u012bbu un ilgnotur\u012bbu, pat ja tas tiek n\u0113s\u0101ts un mazg\u0101ts daudzas reizes. Apzin\u0101ti \u012bpa\u0161i gar\u0101 ad\u012bta aproce nodro\u0161ina ar\u012b perfektu apak\u0161delma aizsardz\u012bbu no karstuma un lidojo\u0161\u0101m dzirkstel\u0113m. \u012asais FEUERMEISTER\u00ae z\u012bmols un kvalit\u0101tes z\u012bmogs ir uz\u0161\u016bts cimda s\u0101nos uz augstas kvalit\u0101tes austas eti\u0137etes. Papildu \u0161\u016bta kokvilnas cilpa ar skuji\u0146as izskatu nodro\u0161ina, ka cimdu p\u0101ri p\u0113c gril\u0113\u0161anas var dro\u0161i nok\u0101rt. Ide\u0101l\u0101 funkcionalit\u0101tes un izskata simbioz\u0113 grila cimds ir iztur\u012bgs un vienlaikus moderns.<\/p>\n<p>\u012aslaic\u012bga karstumiztur\u012bba l\u012bdz 500\u00b0C<br \/>\nKarstumaizsardz\u012bbas grila cimds atbilst jaunajai PPE (Personal Protection Equipment) regulai 2016\/425, un to ir sertific\u0113jis saska\u0146\u0101 ar EN 388 un EN 407 pazi\u0146ots test\u0113\u0161anas instit\u016bts. Standart\u0101 EN 407 karstuma aizsardz\u012bbas cimds bija pat sertific\u0113ts visaugst\u0101kaj\u0101 veiktsp\u0113jas l\u012bmen\u012b 4 un l\u012bdz ar to temperat\u016brai l\u012bdz 350\u00b0C un ir pat \u012bsu laiku karstumiztur\u012bgs l\u012bdz 500\u00b0C. Melnais trikot\u0101\u017eas gril\u0113\u0161anas cimds nodro\u0161ina dro\u0161u gril\u0113\u0161anu jebkur\u0101 situ\u0101cij\u0101.<\/p>\n<p>Karstumaizsardz\u012bbas cimdi da\u017e\u0101diem m\u0113r\u0137iem &#8211; ar\u012b lielizm\u0113ros<br \/>\nProtams, BBQ un grila cimdu var izmantot ar\u012b k\u0101 kam\u012bna cimdu, cepe\u0161kr\u0101sns cimdu, cep\u0161anas cimdu un gatavo\u0161anas cimdu. Cimds ir pieejams 8.\u00a0izm\u0113r\u0101 sievie\u0161u vai maz\u0101k\u0101m v\u012brie\u0161u rok\u0101m, 10.\u00a0izm\u0113r\u0101 v\u012brie\u0161u rok\u0101m un 12.\u00a0izm\u0113r\u0101 \u012bpa\u0161i liel\u0101m v\u012brie\u0161u rok\u0101m (prec\u012bzus izm\u0113rus skatiet izm\u0113ru tabul\u0101 att\u0113los). \u012apa\u0161\u0101 d\u0101vana \u2013 FEUERMEISTER\u00ae b\u0101rbekj\u016b cimdi stil\u012bg\u0101 iepakojum\u0101.<\/p>\n<p>FEUERMEISTER\u00ae tiek pieg\u0101d\u0101ts k\u0101 p\u0101ris pievilc\u012bg\u0101 un p\u0101rsteidzo\u0161\u0101, tipisk\u0101 FEUERMEISTER\u00ae d\u0101vanu iepakojum\u0101 ar redzam\u012bbas lauku, lai ar cimda silikona p\u0101rkl\u0101jumu izjustu tipisku aram\u012bda virsmu.<\/p>\n","protected":false},"excerpt":{"rendered":"<p>FEUERMEISTER\u00ae cimdi | aram\u012bds | melni | 12.izm\u0113rs<\/p>\n<p style=\"text-align: justify;\">Elpojo\u0161i un karstumiztur\u012bgi, pateicoties aram\u012bdam.<br \/>\nMelnais premium grils un BBQ cimds ir z\u012bmola FEUERMEISTER\u00ae otr\u0101 paaudze. Dubultais un bez\u0161uvju ad\u012bts karstuma aizsardz\u012bbas cimds ir rakstur\u012bgs ar kvalitat\u012bvu darbu. Elpojo\u0161ais cimds ir izgatavots no melna, karstumiztur\u012bga aram\u012bda no \u0101rpuses. Iek\u0161\u0113j\u0101 odere ir izgatavota no vislab\u0101k\u0101s kokvilnas 80% \/ poliestera 20% trikot\u0101\u017eas auduma ide\u0101lam valk\u0101\u0161anas komfortam.<\/p>\n","protected":false},"featured_media":5991,"comment_status":"open","ping_status":"closed","template":"","meta":[],"pwb-brand":[240],"product_brand":[],"product_cat":[136,128],"product_tag":[],"class_list":{"0":"post-5997","1":"product","2":"type-product","3":"status-publish","4":"has-post-thumbnail","6":"pwb-brand-feurmeister","7":"product_cat-cimdi","8":"product_cat-piederumi","10":"first","11":"onbackorder","12":"taxable","13":"shipping-taxable","14":"purchasable","15":"product-type-simple"},"brands":[{"id":240,"name":"Feurmeister","slug":"feurmeister"}],"_links":{"self":[{"href":"https:\/\/grillandmore.lv\/shop\/wp-json\/wp\/v2\/product\/5997","targetHints":{"allow":["GET"]}}],"collection":[{"href":"https:\/\/grillandmore.lv\/shop\/wp-json\/wp\/v2\/product"}],"about":[{"href":"https:\/\/grillandmore.lv\/shop\/wp-json\/wp\/v2\/types\/product"}],"replies":[{"embeddable":true,"href":"https:\/\/grillandmore.lv\/shop\/wp-json\/wp\/v2\/comments?post=5997"}],"version-history":[{"count":1,"href":"https:\/\/grillandmore.lv\/shop\/wp-json\/wp\/v2\/product\/5997\/revisions"}],"predecessor-version":[{"id":5998,"href":"https:\/\/grillandmore.lv\/shop\/wp-json\/wp\/v2\/product\/5997\/revisions\/5998"}],"wp:featuredmedia":[{"embeddable":true,"href":"https:\/\/grillandmore.lv\/shop\/wp-json\/wp\/v2\/media\/5991"}],"wp:attachment":[{"href":"https:\/\/grillandmore.lv\/shop\/wp-json\/wp\/v2\/media?parent=5997"}],"wp:term":[{"taxonomy":"pwb-brand","embeddable":true,"href":"https:\/\/grillandmore.lv\/shop\/wp-json\/wp\/v2\/pwb-brand?post=5997"},{"taxonomy":"product_brand","embeddable":true,"href":"https:\/\/grillandmore.lv\/shop\/wp-json\/wp\/v2\/product_brand?post=5997"},{"taxonomy":"product_cat","embeddable":true,"href":"https:\/\/grillandmore.lv\/shop\/wp-json\/wp\/v2\/product_cat?post=5997"},{"taxonomy":"product_tag","embeddable":true,"href":"https:\/\/grillandmore.lv\/shop\/wp-json\/wp\/v2\/product_tag?post=5997"}],"curies":[{"name":"wp","href":"https:\/\/api.w.org\/{rel}","templated":true}]}}