{"id":5999,"date":"2023-03-30T18:30:01","date_gmt":"2023-03-30T15:30:01","guid":{"rendered":"https:\/\/grillandmore.lv\/shop\/?post_type=product&#038;p=5999"},"modified":"2023-09-19T18:01:42","modified_gmt":"2023-09-19T15:01:42","slug":"feuermeister-cimdi","status":"publish","type":"product","link":"https:\/\/grillandmore.lv\/shop\/products\/feuermeister-cimdi\/","title":{"rendered":"FEUERMEISTER\u00ae cimdi"},"content":{"rendered":"<p style=\"text-align: justify;\">Kur\u0161 gan nezina probl\u0113mu &#8211; k\u0101rt\u0113jo reizi p\u0101r\u0101k steidz\u012bgi iz\u0146\u0113ma loksni no kr\u0101sns un apdedzin\u0101ja pirkstus &#8211;<br \/>\nAk, tas s\u0101p!<br \/>\nLai to nov\u0113rstu, mums ir melnie Feuermeister\u00ae cepe\u0161kr\u0101sns d\u016brai\u0146i, kas izgatavoti no kokvilnas\/poliestera mais\u012bjuma. Gatavojot, cepot vai gril\u0113jot, pasarg\u0101jiet sevi no apdegumiem no karstiem virtuves piederumiem, lidojo\u0161\u0101m dzirkstel\u0113m vai tauku \u0161\u013cakat\u0101m.<\/p>\n<p style=\"text-align: justify;\">Karstumiztur\u012bgs l\u012bdz aptuveni 250 \u00b0C. Tas atvieglo karsto katlu vai papl\u0101\u0161u iz\u0146em\u0161anu no ier\u012bces<br \/>\natnest cepe\u0161kr\u0101sni.<\/p>\n<p style=\"text-align: justify;\">Kad darbs ir paveikts, cepe\u0161kr\u0101sns d\u016brai\u0146us var viegli piek\u0101rt, pateicoties nelielai cilpi\u0146ai.<\/p>\n<p style=\"text-align: justify;\">Cepe\u0161kr\u0101sns cimds ir tvaika necaurlaid\u012bgs, lai, nolejot katlus, neb\u016btu riska apdedzin\u0101ties.<\/p>\n<p style=\"text-align: justify;\">\u0160is cimds ir oblig\u0101ts ikvien\u0101 virtuv\u0113 un aizst\u0101j katru veco katlu tur\u0113t\u0101ju.<\/p>\n","protected":false},"excerpt":{"rendered":"<p>Cepe\u0161kr\u0101sns cimdi, kulin\u0101rijas un katlu cimdi FEUERMEISTER\u00ae Premium, melni<\/p>\n","protected":false},"featured_media":6000,"comment_status":"open","ping_status":"closed","template":"","meta":[],"pwb-brand":[240],"product_brand":[],"product_cat":[136,128],"product_tag":[],"class_list":{"0":"post-5999","1":"product","2":"type-product","3":"status-publish","4":"has-post-thumbnail","6":"pwb-brand-feurmeister","7":"product_cat-cimdi","8":"product_cat-piederumi","10":"first","11":"onbackorder","12":"taxable","13":"shipping-taxable","14":"purchasable","15":"product-type-simple"},"brands":[{"id":240,"name":"Feurmeister","slug":"feurmeister"}],"_links":{"self":[{"href":"https:\/\/grillandmore.lv\/shop\/wp-json\/wp\/v2\/product\/5999","targetHints":{"allow":["GET"]}}],"collection":[{"href":"https:\/\/grillandmore.lv\/shop\/wp-json\/wp\/v2\/product"}],"about":[{"href":"https:\/\/grillandmore.lv\/shop\/wp-json\/wp\/v2\/types\/product"}],"replies":[{"embeddable":true,"href":"https:\/\/grillandmore.lv\/shop\/wp-json\/wp\/v2\/comments?post=5999"}],"version-history":[{"count":1,"href":"https:\/\/grillandmore.lv\/shop\/wp-json\/wp\/v2\/product\/5999\/revisions"}],"predecessor-version":[{"id":6002,"href":"https:\/\/grillandmore.lv\/shop\/wp-json\/wp\/v2\/product\/5999\/revisions\/6002"}],"wp:featuredmedia":[{"embeddable":true,"href":"https:\/\/grillandmore.lv\/shop\/wp-json\/wp\/v2\/media\/6000"}],"wp:attachment":[{"href":"https:\/\/grillandmore.lv\/shop\/wp-json\/wp\/v2\/media?parent=5999"}],"wp:term":[{"taxonomy":"pwb-brand","embeddable":true,"href":"https:\/\/grillandmore.lv\/shop\/wp-json\/wp\/v2\/pwb-brand?post=5999"},{"taxonomy":"product_brand","embeddable":true,"href":"https:\/\/grillandmore.lv\/shop\/wp-json\/wp\/v2\/product_brand?post=5999"},{"taxonomy":"product_cat","embeddable":true,"href":"https:\/\/grillandmore.lv\/shop\/wp-json\/wp\/v2\/product_cat?post=5999"},{"taxonomy":"product_tag","embeddable":true,"href":"https:\/\/grillandmore.lv\/shop\/wp-json\/wp\/v2\/product_tag?post=5999"}],"curies":[{"name":"wp","href":"https:\/\/api.w.org\/{rel}","templated":true}]}}