{"id":6003,"date":"2023-03-30T18:34:46","date_gmt":"2023-03-30T15:34:46","guid":{"rendered":"https:\/\/grillandmore.lv\/shop\/?post_type=product&#038;p=6003"},"modified":"2023-09-19T18:01:37","modified_gmt":"2023-09-19T15:01:37","slug":"feuermeister-tekstila-prieksauts-melns","status":"publish","type":"product","link":"https:\/\/grillandmore.lv\/shop\/products\/feuermeister-tekstila-prieksauts-melns\/","title":{"rendered":"FEUERMEISTER\u00ae tekstila priek\u0161auts | melns"},"content":{"rendered":"<p style=\"text-align: justify;\">Dro\u0161\u012bba ar stilu! &#8211; Feuermeister\u00ae stil\u012bgais grils, gatavo\u0161anas un cep\u0161anas priek\u0161auti pied\u0101v\u0101 vislab\u0101ko aizsardz\u012bbu grila priek\u0161\u0101 vai virtuv\u0113.<br \/>\nTas ir izgatavots no iztur\u012bga, iztur\u012bga melna tekstila, un tam ir 2 praktiskas kabatas, lai j\u016bs var\u0113tu n\u0113s\u0101t visu, kas jums ir svar\u012bgs.<\/p>\n<p style=\"text-align: justify;\">Regul\u0113jams &#8211; Pateicoties aukli\u0146ai, priek\u0161autu var lieliski piel\u0101got j\u016bsu fig\u016brai un izm\u0113ram.<\/p>\n<p style=\"text-align: justify;\">Viegli t\u012br\u0101ms &#8211; piem\u0113rots ve\u013cas ma\u0161\u012bn\u0101m l\u012bdz 60 \u00b0C bez probl\u0113m\u0101m.<\/p>\n","protected":false},"excerpt":{"rendered":"<p>Feuermeister\u00ae tekstila priek\u0161auts | melns<\/p>\n","protected":false},"featured_media":6004,"comment_status":"open","ping_status":"closed","template":"","meta":[],"pwb-brand":[240],"product_brand":[],"product_cat":[128,137],"product_tag":[],"class_list":{"0":"post-6003","1":"product","2":"type-product","3":"status-publish","4":"has-post-thumbnail","6":"pwb-brand-feurmeister","7":"product_cat-piederumi","8":"product_cat-prieksauti","10":"first","11":"onbackorder","12":"taxable","13":"shipping-taxable","14":"purchasable","15":"product-type-simple"},"brands":[{"id":240,"name":"Feurmeister","slug":"feurmeister"}],"_links":{"self":[{"href":"https:\/\/grillandmore.lv\/shop\/wp-json\/wp\/v2\/product\/6003","targetHints":{"allow":["GET"]}}],"collection":[{"href":"https:\/\/grillandmore.lv\/shop\/wp-json\/wp\/v2\/product"}],"about":[{"href":"https:\/\/grillandmore.lv\/shop\/wp-json\/wp\/v2\/types\/product"}],"replies":[{"embeddable":true,"href":"https:\/\/grillandmore.lv\/shop\/wp-json\/wp\/v2\/comments?post=6003"}],"version-history":[{"count":1,"href":"https:\/\/grillandmore.lv\/shop\/wp-json\/wp\/v2\/product\/6003\/revisions"}],"predecessor-version":[{"id":6006,"href":"https:\/\/grillandmore.lv\/shop\/wp-json\/wp\/v2\/product\/6003\/revisions\/6006"}],"wp:featuredmedia":[{"embeddable":true,"href":"https:\/\/grillandmore.lv\/shop\/wp-json\/wp\/v2\/media\/6004"}],"wp:attachment":[{"href":"https:\/\/grillandmore.lv\/shop\/wp-json\/wp\/v2\/media?parent=6003"}],"wp:term":[{"taxonomy":"pwb-brand","embeddable":true,"href":"https:\/\/grillandmore.lv\/shop\/wp-json\/wp\/v2\/pwb-brand?post=6003"},{"taxonomy":"product_brand","embeddable":true,"href":"https:\/\/grillandmore.lv\/shop\/wp-json\/wp\/v2\/product_brand?post=6003"},{"taxonomy":"product_cat","embeddable":true,"href":"https:\/\/grillandmore.lv\/shop\/wp-json\/wp\/v2\/product_cat?post=6003"},{"taxonomy":"product_tag","embeddable":true,"href":"https:\/\/grillandmore.lv\/shop\/wp-json\/wp\/v2\/product_tag?post=6003"}],"curies":[{"name":"wp","href":"https:\/\/api.w.org\/{rel}","templated":true}]}}