{"id":6007,"date":"2023-03-30T18:38:53","date_gmt":"2023-03-30T15:38:53","guid":{"rendered":"https:\/\/grillandmore.lv\/shop\/?post_type=product&#038;p=6007"},"modified":"2023-09-19T18:01:28","modified_gmt":"2023-09-19T15:01:28","slug":"feuermeister-tekstila-prieksauts-melns-2","status":"publish","type":"product","link":"https:\/\/grillandmore.lv\/shop\/products\/feuermeister-tekstila-prieksauts-melns-2\/","title":{"rendered":"FEUERMEISTER\u00ae tekstila priek\u0161auts | melns"},"content":{"rendered":"<p style=\"text-align: justify;\">Stil\u012bgie Feuermeister\u00ae b\u0101rbekj\u016b, \u0113diena gatavo\u0161anas un cep\u0161anas priek\u0161auti pied\u0101v\u0101 optim\u0101lu aizsardz\u012bbu grila priek\u0161\u0101 vai virtuv\u0113. Tas ir izgatavots no iztur\u012bga, iztur\u012bga materi\u0101la, un tam ir 2 praktiskas kabatas, lai j\u016bs var\u0113tu n\u0113s\u0101t visu, kas jums ir svar\u012bgs. Pateicoties aukli\u0146ai, priek\u0161autu var lieliski piel\u0101got j\u016bsu fig\u016brai un izm\u0113ram. Bez probl\u0113m\u0101m var mazg\u0101t ve\u013casma\u0161\u012bn\u0101 l\u012bdz 60 C. P\u0113c izv\u0113les grila priek\u0161autu var pas\u016bt\u012bt ar personaliz\u0113tu \u0101das embl\u0113mu, kuru var viegli piestiprin\u0101t ar 4 spiedpog\u0101m. P\u0113c noklus\u0113juma, p\u0113rkot grila priek\u0161autu ar embl\u0113mu, j\u016bs sa\u0146emat stil\u012bgu Feuermeister embl\u0113mu sarkan\u0101 napa \u0101d\u0101. Ja v\u0113laties to personaliz\u0113t, varat to atlas\u012bt pirms pirkuma pabeig\u0161anas. Pie\u0161\u0137iriet grila priek\u0161autam savu personisko piesk\u0101rienu, iegrav\u0113jot \u0101das embl\u0113m\u0101 savu uzrakstu, un Feuermeister embl\u0113mas viet\u0101 j\u016bs varat ieg\u016bt v\u0113lamo embl\u0113mu.<br \/>\nB\u0101rbekj\u016b un \u0113diena gatavo\u0161anas priek\u0161auts, kas nedr\u012bkst pietr\u016bkt nevien\u0101 grila ball\u012bt\u0113 vai gatavo\u0161anas sezon\u0101.<\/p>\n","protected":false},"excerpt":{"rendered":"<p>Feuermeister\u00ae tekstila gril\u0113\u0161anas priek\u0161auts, melns ar personaliz\u0113tu embl\u0113mu<\/p>\n","protected":false},"featured_media":6008,"comment_status":"open","ping_status":"closed","template":"","meta":[],"pwb-brand":[240],"product_brand":[],"product_cat":[128,137],"product_tag":[],"class_list":{"0":"post-6007","1":"product","2":"type-product","3":"status-publish","4":"has-post-thumbnail","6":"pwb-brand-feurmeister","7":"product_cat-piederumi","8":"product_cat-prieksauti","10":"first","11":"onbackorder","12":"taxable","13":"shipping-taxable","14":"purchasable","15":"product-type-simple"},"brands":[{"id":240,"name":"Feurmeister","slug":"feurmeister"}],"_links":{"self":[{"href":"https:\/\/grillandmore.lv\/shop\/wp-json\/wp\/v2\/product\/6007","targetHints":{"allow":["GET"]}}],"collection":[{"href":"https:\/\/grillandmore.lv\/shop\/wp-json\/wp\/v2\/product"}],"about":[{"href":"https:\/\/grillandmore.lv\/shop\/wp-json\/wp\/v2\/types\/product"}],"replies":[{"embeddable":true,"href":"https:\/\/grillandmore.lv\/shop\/wp-json\/wp\/v2\/comments?post=6007"}],"version-history":[{"count":1,"href":"https:\/\/grillandmore.lv\/shop\/wp-json\/wp\/v2\/product\/6007\/revisions"}],"predecessor-version":[{"id":6009,"href":"https:\/\/grillandmore.lv\/shop\/wp-json\/wp\/v2\/product\/6007\/revisions\/6009"}],"wp:featuredmedia":[{"embeddable":true,"href":"https:\/\/grillandmore.lv\/shop\/wp-json\/wp\/v2\/media\/6008"}],"wp:attachment":[{"href":"https:\/\/grillandmore.lv\/shop\/wp-json\/wp\/v2\/media?parent=6007"}],"wp:term":[{"taxonomy":"pwb-brand","embeddable":true,"href":"https:\/\/grillandmore.lv\/shop\/wp-json\/wp\/v2\/pwb-brand?post=6007"},{"taxonomy":"product_brand","embeddable":true,"href":"https:\/\/grillandmore.lv\/shop\/wp-json\/wp\/v2\/product_brand?post=6007"},{"taxonomy":"product_cat","embeddable":true,"href":"https:\/\/grillandmore.lv\/shop\/wp-json\/wp\/v2\/product_cat?post=6007"},{"taxonomy":"product_tag","embeddable":true,"href":"https:\/\/grillandmore.lv\/shop\/wp-json\/wp\/v2\/product_tag?post=6007"}],"curies":[{"name":"wp","href":"https:\/\/api.w.org\/{rel}","templated":true}]}}