{"id":6027,"date":"2023-03-30T19:04:16","date_gmt":"2023-03-30T16:04:16","guid":{"rendered":"https:\/\/grillandmore.lv\/shop\/?post_type=product&#038;p=6027"},"modified":"2023-09-19T18:00:01","modified_gmt":"2023-09-19T15:00:01","slug":"feuermeister-premium-adas-prieksauts-skerssiksnas-antika-ada-konjaks-3-izmers","status":"publish","type":"product","link":"https:\/\/grillandmore.lv\/shop\/products\/feuermeister-premium-adas-prieksauts-skerssiksnas-antika-ada-konjaks-3-izmers\/","title":{"rendered":"Feuermeister\u00ae Premium \u0101das priek\u0161auts | \u0161\u0137\u0113rssiksnas | ant\u012bk\u0101 \u0101da | konjaks | 3.izm\u0113rs"},"content":{"rendered":"<p style=\"text-align: left;\">\u0100das priek\u0161auts FEUERMEISTER\u00ae-zemniecisks, stil\u012bgs, ilgtsp\u0113j\u012bgs<br \/>\nFEUERMEISTER\u00ae grils un BBQ \u0101das priek\u0161auts ar krustenisk\u0101m siksn\u0101m iespaid\u012bgiem un dro\u0161iem gril\u0113\u0161anas pas\u0101kumiem. Sau\u013co\u0161an\u0101s proces\u0101 piev\u0113r\u0161am uzman\u012bbu videi draudz\u012bgu un vesel\u012bbai nekait\u012bgu iedeguma l\u012bdzek\u013cu lieto\u0161anai. Pateicoties gludajam, m\u016b\u017e\u012bgajam augstas kvalit\u0101tes \u0161\u0137eltas \u0101das izskatam, grila meistars un \u0161efpav\u0101rs patie\u0161\u0101m iej\u016btas sav\u0101 stil\u0101. \u0100dai rakstur\u012bgais arom\u0101ts un unik\u0101l\u0101 saj\u016bta sniedz profesion\u0101lim pie grila vai pl\u012bts vislab\u0101k\u0101s lieto\u0161anas pieredzes un augst\u0101k\u0101s dz\u012bves kvalit\u0101tes saj\u016btu. kvalit\u0101te un<br \/>\n&#8220;Ra\u017eots V\u0101cij\u0101&#8221; dizains<br \/>\n\u0160\u016bts, knied\u0113ts un piln\u012bb\u0101 izstr\u0101d\u0101ts un ra\u017eots Lejasrein\u0101 V\u0101cij\u0101, tas ir produkts &#8220;Ra\u017eots V\u0101cij\u0101&#8221; ilgsto\u0161ai lieto\u0161anai uz grila. Protams, jostasvieta vai jostasvieta ir p\u0101rkl\u0101ta ar dzelzs jostas spr\u0101dzi ar ant\u012bku misi\u0146a izskatu un ir individu\u0101li piel\u0101gojama katram grila meistaram. Tradicion\u0101l\u0101 krustenisk\u0101 siksni\u0146a uzsver zemniecisko izskatu, un liesmas embl\u0113ma asto\u0146st\u016bra form\u0101 nodro\u0161ina stil\u012bgu izskatu.<br \/>\nPraktisks apr\u012bkojums<br \/>\nDivas uz\u0161\u016btas un knied\u0113tas kabatas var izmantot grila piederumiem vai piederumiem. S\u0101nu siksna, kas tiek piestiprin\u0101ta gurnu augstum\u0101, pied\u0101v\u0101 iesp\u0113ju piestiprin\u0101t dvieli vai na\u017ea apvalku. Savienot\u0101s krustenisk\u0101s siksnas nodro\u0161ina, ka priek\u0161auts lieliski piegu\u013c un apskauj \u0137ermeni. T\u0101p\u0113c kaitino\u0161a sl\u012bd\u0113\u0161ana ir maz ticama. FEUERMEISTER\u00ae kvalit\u0101tes z\u012bmogs Nevien\u0101 met\u0101la pielietojum\u0101 nav svina un ni\u0137e\u013ca. Ir piln\u012bb\u0101 izvair\u012bties no vesel\u012bbai b\u012bstam\u0101m viel\u0101m un alerg\u0113niem. Lakoniskais FEUERMEISTER\u00ae z\u012bmols un kvalit\u0101tes z\u012bmogs ir iededzin\u0101ts augstas kvalit\u0101tes \u0101das siksni\u0146\u0101. Protams, grila \u0101das priek\u0161autu var izmantot ar\u012b k\u0101 cepamo priek\u0161autu, kulin\u0101rijas priek\u0161autu, darba priek\u0161autu un gastronomij\u0101. Saska\u0146\u0101 ar m\u016bsu moto \u201cM\u0113s iest\u0101jamies par j\u016bsu dro\u0161\u012bbu!\u201d \u0101das priek\u0161auts pasarg\u0101 ar\u012b no k\u016bpin\u0101t\u0101ja, kokog\u013cu grila un jebkura veida g\u0101zes grila starojuma.<br \/>\nAizsardz\u012bba pret lidojo\u0161\u0101m dzirkstel\u0113m un tauku \u0161\u013cakat\u0101m<br \/>\nGrila priek\u0161auta \u0101da pasarg\u0101 no lidojo\u0161\u0101m dzirkstel\u0113m un taukiem un ir mazg\u0101jama. Priek\u0161auts ir pieejams tr\u012bs izm\u0113ros, lai tas lieliski der\u0113tu. Katrs priek\u0161auts tiek pieg\u0101d\u0101ts \u012bpa\u0161\u0101 FEUERMEISTER\u00ae kokvilnas maisi\u0146\u0101 ar aukli\u0146u. No darba dro\u0161\u012bbas amata m\u0113s esam iest\u0101ju\u0161ies par uztic\u012bbu un kvalit\u0101ti dab\u012bgo produktu, \u012bpa\u0161i \u0101das, apstr\u0101d\u0113 un ra\u017eo\u0161an\u0101 kop\u0161 1919. gada.<\/p>\n","protected":false},"excerpt":{"rendered":"<p>Feuermeister\u00ae Premium \u0101das priek\u0161auts | \u0161\u0137\u0113rssiksnas | ant\u012bka \u0101da | konjaks<\/p>\n<p>Izm\u0113rs: 3 (garums: 100cm Platums: 80cm)<\/p>\n","protected":false},"featured_media":6019,"comment_status":"open","ping_status":"closed","template":"","meta":[],"pwb-brand":[240],"product_brand":[],"product_cat":[128,137],"product_tag":[],"class_list":{"0":"post-6027","1":"product","2":"type-product","3":"status-publish","4":"has-post-thumbnail","6":"pwb-brand-feurmeister","7":"product_cat-piederumi","8":"product_cat-prieksauti","10":"first","11":"onbackorder","12":"taxable","13":"shipping-taxable","14":"purchasable","15":"product-type-simple"},"brands":[{"id":240,"name":"Feurmeister","slug":"feurmeister"}],"_links":{"self":[{"href":"https:\/\/grillandmore.lv\/shop\/wp-json\/wp\/v2\/product\/6027","targetHints":{"allow":["GET"]}}],"collection":[{"href":"https:\/\/grillandmore.lv\/shop\/wp-json\/wp\/v2\/product"}],"about":[{"href":"https:\/\/grillandmore.lv\/shop\/wp-json\/wp\/v2\/types\/product"}],"replies":[{"embeddable":true,"href":"https:\/\/grillandmore.lv\/shop\/wp-json\/wp\/v2\/comments?post=6027"}],"version-history":[{"count":1,"href":"https:\/\/grillandmore.lv\/shop\/wp-json\/wp\/v2\/product\/6027\/revisions"}],"predecessor-version":[{"id":6028,"href":"https:\/\/grillandmore.lv\/shop\/wp-json\/wp\/v2\/product\/6027\/revisions\/6028"}],"wp:featuredmedia":[{"embeddable":true,"href":"https:\/\/grillandmore.lv\/shop\/wp-json\/wp\/v2\/media\/6019"}],"wp:attachment":[{"href":"https:\/\/grillandmore.lv\/shop\/wp-json\/wp\/v2\/media?parent=6027"}],"wp:term":[{"taxonomy":"pwb-brand","embeddable":true,"href":"https:\/\/grillandmore.lv\/shop\/wp-json\/wp\/v2\/pwb-brand?post=6027"},{"taxonomy":"product_brand","embeddable":true,"href":"https:\/\/grillandmore.lv\/shop\/wp-json\/wp\/v2\/product_brand?post=6027"},{"taxonomy":"product_cat","embeddable":true,"href":"https:\/\/grillandmore.lv\/shop\/wp-json\/wp\/v2\/product_cat?post=6027"},{"taxonomy":"product_tag","embeddable":true,"href":"https:\/\/grillandmore.lv\/shop\/wp-json\/wp\/v2\/product_tag?post=6027"}],"curies":[{"name":"wp","href":"https:\/\/api.w.org\/{rel}","templated":true}]}}