{"id":6046,"date":"2023-04-03T18:34:34","date_gmt":"2023-04-03T15:34:34","guid":{"rendered":"https:\/\/grillandmore.lv\/shop\/?post_type=product&#038;p=6046"},"modified":"2023-09-19T17:59:28","modified_gmt":"2023-09-19T14:59:28","slug":"6046","status":"publish","type":"product","link":"https:\/\/grillandmore.lv\/shop\/products\/6046\/","title":{"rendered":"YAKINIKU MINI ar stat\u012bvu"},"content":{"rendered":"<p>Personu skaits 1-2<br \/>\nM\u016b\u017ea garantija* \/ https:\/\/www.yakinikugrill.com\/en\/service-warranty<br \/>\nIzm\u0113rs 11&#8243; \u2248 28 CM.<br \/>\nDiametrs 35,3 CM<br \/>\nGrila virsma cm2 615,75 CM\u00b2<br \/>\nTemperat\u016bras diapazons 350 \u00b0C<br \/>\nPlatums 45,2 CM<br \/>\nDzi\u013cums 46,7 CM<br \/>\nAugstums 48cm<br \/>\nSvars kg. 29.3<\/p>\n","protected":false},"excerpt":{"rendered":"<p style=\"text-align: justify;\">Vai v\u0113laties b\u016bt elast\u012bgs, izmantojot savu Kamado? Tad YAKINIKU\u00ae MINI kamado ir lab\u0101k\u0101 izv\u0113le jums! \u0160o Kamado ir viegli transport\u0113t, pateicoties t\u0101 izm\u0113ram un p\u0101rn\u0113s\u0101jamai pamatnei. MINI 28 cm re\u017e\u0123is ir pietiekami liels, lai nodro\u0161in\u0101tu gar\u0161\u012bgu malt\u012bti 2 cilv\u0113kiem.<\/p>\n","protected":false},"featured_media":6047,"comment_status":"open","ping_status":"closed","template":"","meta":[],"pwb-brand":[241],"product_brand":[],"product_cat":[125],"product_tag":[],"class_list":{"0":"post-6046","1":"product","2":"type-product","3":"status-publish","4":"has-post-thumbnail","6":"pwb-brand-yakiniku","7":"product_cat-kokoglu-grili","9":"first","10":"onbackorder","11":"taxable","12":"shipping-taxable","13":"purchasable","14":"product-type-simple"},"brands":[{"id":241,"name":"Yakiniku","slug":"yakiniku"}],"_links":{"self":[{"href":"https:\/\/grillandmore.lv\/shop\/wp-json\/wp\/v2\/product\/6046","targetHints":{"allow":["GET"]}}],"collection":[{"href":"https:\/\/grillandmore.lv\/shop\/wp-json\/wp\/v2\/product"}],"about":[{"href":"https:\/\/grillandmore.lv\/shop\/wp-json\/wp\/v2\/types\/product"}],"replies":[{"embeddable":true,"href":"https:\/\/grillandmore.lv\/shop\/wp-json\/wp\/v2\/comments?post=6046"}],"version-history":[{"count":4,"href":"https:\/\/grillandmore.lv\/shop\/wp-json\/wp\/v2\/product\/6046\/revisions"}],"predecessor-version":[{"id":6054,"href":"https:\/\/grillandmore.lv\/shop\/wp-json\/wp\/v2\/product\/6046\/revisions\/6054"}],"wp:featuredmedia":[{"embeddable":true,"href":"https:\/\/grillandmore.lv\/shop\/wp-json\/wp\/v2\/media\/6047"}],"wp:attachment":[{"href":"https:\/\/grillandmore.lv\/shop\/wp-json\/wp\/v2\/media?parent=6046"}],"wp:term":[{"taxonomy":"pwb-brand","embeddable":true,"href":"https:\/\/grillandmore.lv\/shop\/wp-json\/wp\/v2\/pwb-brand?post=6046"},{"taxonomy":"product_brand","embeddable":true,"href":"https:\/\/grillandmore.lv\/shop\/wp-json\/wp\/v2\/product_brand?post=6046"},{"taxonomy":"product_cat","embeddable":true,"href":"https:\/\/grillandmore.lv\/shop\/wp-json\/wp\/v2\/product_cat?post=6046"},{"taxonomy":"product_tag","embeddable":true,"href":"https:\/\/grillandmore.lv\/shop\/wp-json\/wp\/v2\/product_tag?post=6046"}],"curies":[{"name":"wp","href":"https:\/\/api.w.org\/{rel}","templated":true}]}}