{"id":6056,"date":"2023-04-03T18:45:06","date_gmt":"2023-04-03T15:45:06","guid":{"rendered":"https:\/\/grillandmore.lv\/shop\/?post_type=product&#038;p=6056"},"modified":"2023-09-19T17:59:23","modified_gmt":"2023-09-19T14:59:23","slug":"yakiniku-compact","status":"publish","type":"product","link":"https:\/\/grillandmore.lv\/shop\/products\/yakiniku-compact\/","title":{"rendered":"YAKINIKU COMPACT ar stat\u012bvu"},"content":{"rendered":"<p>Personu skaits 2-4<br \/>\nM\u016b\u017ea garantija*<br \/>\nIzm\u0113rs 13&#8243; \u2248 33 CM.<br \/>\nDiametrs 38,5 CM<br \/>\nGrila virsma cm2 855,30 CM\u00b2<br \/>\nTemperat\u016bras diapazons 350 \u00b0C<br \/>\nPlatums 56,6 CM<br \/>\nDzi\u013cums 51,9 CM<br \/>\nAugstums 61,25 CM<br \/>\nSvars kg. 36<\/p>\n","protected":false},"excerpt":{"rendered":"<p style=\"text-align: justify;\">Vai v\u0113laties b\u016bt elast\u012bgs, izmantojot savu Kamado, un varat gril\u0113t 4 cilv\u0113kiem? Tad YAKINIKU\u00ae COMPACT Kamado ir lab\u0101k\u0101 izv\u0113le jums! P\u0101rn\u0113s\u0101jam\u0101 pamatne kombin\u0101cij\u0101 ar viegli salok\u0101mu kempinga pamatni \u013cauj \u0101tri uzst\u0101d\u012bt Kamado. COMPACT ir 33 cm re\u017e\u0123is, un tas ir pietiekami liels, lai nodro\u0161in\u0101tu gar\u0161\u012bgu malt\u012bti 4 cilv\u0113kiem.<\/p>\n","protected":false},"featured_media":6057,"comment_status":"open","ping_status":"closed","template":"","meta":[],"pwb-brand":[241],"product_brand":[],"product_cat":[125],"product_tag":[],"class_list":{"0":"post-6056","1":"product","2":"type-product","3":"status-publish","4":"has-post-thumbnail","6":"pwb-brand-yakiniku","7":"product_cat-kokoglu-grili","9":"first","10":"onbackorder","11":"taxable","12":"shipping-taxable","13":"purchasable","14":"product-type-simple"},"brands":[{"id":241,"name":"Yakiniku","slug":"yakiniku"}],"_links":{"self":[{"href":"https:\/\/grillandmore.lv\/shop\/wp-json\/wp\/v2\/product\/6056","targetHints":{"allow":["GET"]}}],"collection":[{"href":"https:\/\/grillandmore.lv\/shop\/wp-json\/wp\/v2\/product"}],"about":[{"href":"https:\/\/grillandmore.lv\/shop\/wp-json\/wp\/v2\/types\/product"}],"replies":[{"embeddable":true,"href":"https:\/\/grillandmore.lv\/shop\/wp-json\/wp\/v2\/comments?post=6056"}],"version-history":[{"count":3,"href":"https:\/\/grillandmore.lv\/shop\/wp-json\/wp\/v2\/product\/6056\/revisions"}],"predecessor-version":[{"id":6065,"href":"https:\/\/grillandmore.lv\/shop\/wp-json\/wp\/v2\/product\/6056\/revisions\/6065"}],"wp:featuredmedia":[{"embeddable":true,"href":"https:\/\/grillandmore.lv\/shop\/wp-json\/wp\/v2\/media\/6057"}],"wp:attachment":[{"href":"https:\/\/grillandmore.lv\/shop\/wp-json\/wp\/v2\/media?parent=6056"}],"wp:term":[{"taxonomy":"pwb-brand","embeddable":true,"href":"https:\/\/grillandmore.lv\/shop\/wp-json\/wp\/v2\/pwb-brand?post=6056"},{"taxonomy":"product_brand","embeddable":true,"href":"https:\/\/grillandmore.lv\/shop\/wp-json\/wp\/v2\/product_brand?post=6056"},{"taxonomy":"product_cat","embeddable":true,"href":"https:\/\/grillandmore.lv\/shop\/wp-json\/wp\/v2\/product_cat?post=6056"},{"taxonomy":"product_tag","embeddable":true,"href":"https:\/\/grillandmore.lv\/shop\/wp-json\/wp\/v2\/product_tag?post=6056"}],"curies":[{"name":"wp","href":"https:\/\/api.w.org\/{rel}","templated":true}]}}