{"id":6067,"date":"2023-04-03T18:53:24","date_gmt":"2023-04-03T15:53:24","guid":{"rendered":"https:\/\/grillandmore.lv\/shop\/?post_type=product&#038;p=6067"},"modified":"2023-09-19T17:59:17","modified_gmt":"2023-09-19T14:59:17","slug":"yakiniku-medium-ar-stativu-un-sanu-plauktiem","status":"publish","type":"product","link":"https:\/\/grillandmore.lv\/shop\/products\/yakiniku-medium-ar-stativu-un-sanu-plauktiem\/","title":{"rendered":"YAKINIKU MEDIUM ar stat\u012bvu un s\u0101nu plauktiem"},"content":{"rendered":"<p>Personu skaits 4-5<br \/>\nM\u016b\u017ea garantija*<br \/>\nIzm\u0113rs 16&#8243; \u2248 41 CM.<br \/>\nDiametrs 51,6 CM<br \/>\nGrila virsma cm2 1 320,25 CM\u00b2<br \/>\nPlatums 113,5 CM<br \/>\nDzi\u013cums 65 CM<br \/>\nAugstums 117,5 cm<br \/>\nSvars kg. 70<\/p>\n","protected":false},"excerpt":{"rendered":"<p style=\"text-align: justify;\">YAKINIKU\u00ae MEDIUM Kamado ir piem\u0113rots ikvienam. Neatkar\u012bgi no t\u0101, vai jums ir liela savrupm\u0101ja, v\u0113laties izveidot jauku \u0101ra virtuvi vai gril\u0113t sav\u0101 pils\u0113tas d\u0101rz\u0101, MEDIUM Kamado ir paredz\u0113ts jums. Ar \u0161o Kamado un draugu grupu j\u016bs atnes\u012bsiet jautr\u012bbu m\u0101j\u0101s. 41 cm re\u017e\u0123is nodro\u0161ina, ka jums ir pietiekami daudz vietas gril\u0113\u0161anai, lai palutin\u0101tu 5 cilv\u0113kus ar visgard\u0101kajiem \u0113dieniem.<\/p>\n","protected":false},"featured_media":6068,"comment_status":"open","ping_status":"closed","template":"","meta":[],"pwb-brand":[241],"product_brand":[],"product_cat":[125],"product_tag":[],"class_list":{"0":"post-6067","1":"product","2":"type-product","3":"status-publish","4":"has-post-thumbnail","6":"pwb-brand-yakiniku","7":"product_cat-kokoglu-grili","9":"first","10":"onbackorder","11":"taxable","12":"shipping-taxable","13":"purchasable","14":"product-type-simple"},"brands":[{"id":241,"name":"Yakiniku","slug":"yakiniku"}],"_links":{"self":[{"href":"https:\/\/grillandmore.lv\/shop\/wp-json\/wp\/v2\/product\/6067","targetHints":{"allow":["GET"]}}],"collection":[{"href":"https:\/\/grillandmore.lv\/shop\/wp-json\/wp\/v2\/product"}],"about":[{"href":"https:\/\/grillandmore.lv\/shop\/wp-json\/wp\/v2\/types\/product"}],"replies":[{"embeddable":true,"href":"https:\/\/grillandmore.lv\/shop\/wp-json\/wp\/v2\/comments?post=6067"}],"version-history":[{"count":1,"href":"https:\/\/grillandmore.lv\/shop\/wp-json\/wp\/v2\/product\/6067\/revisions"}],"predecessor-version":[{"id":6071,"href":"https:\/\/grillandmore.lv\/shop\/wp-json\/wp\/v2\/product\/6067\/revisions\/6071"}],"wp:featuredmedia":[{"embeddable":true,"href":"https:\/\/grillandmore.lv\/shop\/wp-json\/wp\/v2\/media\/6068"}],"wp:attachment":[{"href":"https:\/\/grillandmore.lv\/shop\/wp-json\/wp\/v2\/media?parent=6067"}],"wp:term":[{"taxonomy":"pwb-brand","embeddable":true,"href":"https:\/\/grillandmore.lv\/shop\/wp-json\/wp\/v2\/pwb-brand?post=6067"},{"taxonomy":"product_brand","embeddable":true,"href":"https:\/\/grillandmore.lv\/shop\/wp-json\/wp\/v2\/product_brand?post=6067"},{"taxonomy":"product_cat","embeddable":true,"href":"https:\/\/grillandmore.lv\/shop\/wp-json\/wp\/v2\/product_cat?post=6067"},{"taxonomy":"product_tag","embeddable":true,"href":"https:\/\/grillandmore.lv\/shop\/wp-json\/wp\/v2\/product_tag?post=6067"}],"curies":[{"name":"wp","href":"https:\/\/api.w.org\/{rel}","templated":true}]}}