{"id":6072,"date":"2023-04-03T19:03:11","date_gmt":"2023-04-03T16:03:11","guid":{"rendered":"https:\/\/grillandmore.lv\/shop\/?post_type=product&#038;p=6072"},"modified":"2023-09-19T17:59:11","modified_gmt":"2023-09-19T14:59:11","slug":"yakiniku-large-ar-stativu-sanu-plauktiem-un-pro-komplektu","status":"publish","type":"product","link":"https:\/\/grillandmore.lv\/shop\/products\/yakiniku-large-ar-stativu-sanu-plauktiem-un-pro-komplektu\/","title":{"rendered":"YAKINIKU LARGE ar stat\u012bvu, s\u0101nu plauktiem un pro komplektu"},"content":{"rendered":"<p>Personu skaits 6-8<br \/>\nM\u016b\u017ea garantija*<br \/>\nIzm\u0113rs 19&#8243; \u2248 49 CM.<br \/>\nDiametrs 56,1 CM<br \/>\nGrila virsma cm2 1.885,74 CM\u00b2<br \/>\nPlatums 117,3 CM<br \/>\nDzi\u013cums 69,6 CM<br \/>\nAugstums 126,5 cm<br \/>\nSvars kg. 80<\/p>\n","protected":false},"excerpt":{"rendered":"<p style=\"text-align: justify;\">YAKINIKU\u00ae LARGE Kamado ir ide\u0101ls Kamado, ja v\u0113laties p\u0101rsteigt draugu grupu vai visu \u0123imeni ar gardu malt\u012bti. Pateicoties 49 cm gril\u0113\u0161anas virsmai, varat viegli pagatavot vair\u0101kus \u0113dienus vienlaikus. LARGE Kamado ne velti ir viens no popul\u0101r\u0101kajiem s\u0113rijas mode\u013ciem. T\u0101 ir ide\u0101la izv\u0113le gril\u0113t\u0101jiem, kuriem pat\u012bk da\u017e\u0101d\u012bba un elast\u012bba. \u0160aj\u0101 produkt\u0101 ietilpst pamatne, s\u0101nu galdi un profesion\u0101\u013cu komplekts. Pro komplekts ir neaizst\u0101jams tie\u0161ai un netie\u0161ai gril\u0113\u0161anai un da\u017e\u0101du l\u012bme\u0146u sast\u0101vda\u013cu pagatavo\u0161anai.<\/p>\n","protected":false},"featured_media":6073,"comment_status":"open","ping_status":"closed","template":"","meta":[],"pwb-brand":[241],"product_brand":[],"product_cat":[125],"product_tag":[],"class_list":{"0":"post-6072","1":"product","2":"type-product","3":"status-publish","4":"has-post-thumbnail","6":"pwb-brand-yakiniku","7":"product_cat-kokoglu-grili","9":"first","10":"onbackorder","11":"taxable","12":"shipping-taxable","13":"purchasable","14":"product-type-simple"},"brands":[{"id":241,"name":"Yakiniku","slug":"yakiniku"}],"_links":{"self":[{"href":"https:\/\/grillandmore.lv\/shop\/wp-json\/wp\/v2\/product\/6072","targetHints":{"allow":["GET"]}}],"collection":[{"href":"https:\/\/grillandmore.lv\/shop\/wp-json\/wp\/v2\/product"}],"about":[{"href":"https:\/\/grillandmore.lv\/shop\/wp-json\/wp\/v2\/types\/product"}],"replies":[{"embeddable":true,"href":"https:\/\/grillandmore.lv\/shop\/wp-json\/wp\/v2\/comments?post=6072"}],"version-history":[{"count":1,"href":"https:\/\/grillandmore.lv\/shop\/wp-json\/wp\/v2\/product\/6072\/revisions"}],"predecessor-version":[{"id":6078,"href":"https:\/\/grillandmore.lv\/shop\/wp-json\/wp\/v2\/product\/6072\/revisions\/6078"}],"wp:featuredmedia":[{"embeddable":true,"href":"https:\/\/grillandmore.lv\/shop\/wp-json\/wp\/v2\/media\/6073"}],"wp:attachment":[{"href":"https:\/\/grillandmore.lv\/shop\/wp-json\/wp\/v2\/media?parent=6072"}],"wp:term":[{"taxonomy":"pwb-brand","embeddable":true,"href":"https:\/\/grillandmore.lv\/shop\/wp-json\/wp\/v2\/pwb-brand?post=6072"},{"taxonomy":"product_brand","embeddable":true,"href":"https:\/\/grillandmore.lv\/shop\/wp-json\/wp\/v2\/product_brand?post=6072"},{"taxonomy":"product_cat","embeddable":true,"href":"https:\/\/grillandmore.lv\/shop\/wp-json\/wp\/v2\/product_cat?post=6072"},{"taxonomy":"product_tag","embeddable":true,"href":"https:\/\/grillandmore.lv\/shop\/wp-json\/wp\/v2\/product_tag?post=6072"}],"curies":[{"name":"wp","href":"https:\/\/api.w.org\/{rel}","templated":true}]}}