{"id":6079,"date":"2023-04-03T19:10:25","date_gmt":"2023-04-03T16:10:25","guid":{"rendered":"https:\/\/grillandmore.lv\/shop\/?post_type=product&#038;p=6079"},"modified":"2023-09-19T17:59:06","modified_gmt":"2023-09-19T14:59:06","slug":"yakiniku-xlarge-ar-stativu-sanu-plauktiem-un-pro-komplektu","status":"publish","type":"product","link":"https:\/\/grillandmore.lv\/shop\/products\/yakiniku-xlarge-ar-stativu-sanu-plauktiem-un-pro-komplektu\/","title":{"rendered":"YAKINIKU XLARGE ar stat\u012bvu, s\u0101nu plauktiem un pro komplektu"},"content":{"rendered":"<p>Personu skaits 8-12<br \/>\nM\u016b\u017ea garantija*<br \/>\nIzm\u0113rs 22&#8243; \u2248 56 CM.<br \/>\nDiametrs 66,3 CM<br \/>\nGrila virsma cm2 2.463,01 CM\u00b2<br \/>\nPlatums 66,3 CM<br \/>\nDzi\u013cums 79,5 CM<br \/>\nAugstums 89,6 cm<br \/>\nSvars kg. 100<\/p>\n","protected":false},"excerpt":{"rendered":"<p style=\"text-align: justify;\">Ar YAKINIKU\u00ae XLARGE Kamado j\u016bs esat \u012bsts grila meistars. Neatkar\u012bgi no t\u0101, vai gril\u0113jat viegli lielas cilv\u0113ku grupas kl\u0101tb\u016btn\u0113 vai izmantojat \u0161o Kamado \u0113din\u0101\u0161anas nozar\u0113, ar XLARGE j\u016bs varat viegli veikt daudzus un lielus sagatavo\u0161an\u0101s darbus vienlaikus. Lielais 56 cm re\u017e\u0123is nodro\u0161ina gril\u0113\u0161anas virsmu, uz kuras varat pagatavot, piem\u0113ram, tomahaukus vai lielus zivju gabalus. \u0160aj\u0101 produkt\u0101 ietilpst pamatne, s\u0101nu galdi un profesion\u0101\u013cu komplekts. Pro komplekts ir neaizst\u0101jams tie\u0161ai un netie\u0161ai gril\u0113\u0161anai un da\u017e\u0101du l\u012bme\u0146u sast\u0101vda\u013cu pagatavo\u0161anai.<\/p>\n","protected":false},"featured_media":6080,"comment_status":"open","ping_status":"closed","template":"","meta":[],"pwb-brand":[241],"product_brand":[],"product_cat":[125],"product_tag":[],"class_list":{"0":"post-6079","1":"product","2":"type-product","3":"status-publish","4":"has-post-thumbnail","6":"pwb-brand-yakiniku","7":"product_cat-kokoglu-grili","9":"first","10":"onbackorder","11":"taxable","12":"shipping-taxable","13":"purchasable","14":"product-type-simple"},"brands":[{"id":241,"name":"Yakiniku","slug":"yakiniku"}],"_links":{"self":[{"href":"https:\/\/grillandmore.lv\/shop\/wp-json\/wp\/v2\/product\/6079","targetHints":{"allow":["GET"]}}],"collection":[{"href":"https:\/\/grillandmore.lv\/shop\/wp-json\/wp\/v2\/product"}],"about":[{"href":"https:\/\/grillandmore.lv\/shop\/wp-json\/wp\/v2\/types\/product"}],"replies":[{"embeddable":true,"href":"https:\/\/grillandmore.lv\/shop\/wp-json\/wp\/v2\/comments?post=6079"}],"version-history":[{"count":1,"href":"https:\/\/grillandmore.lv\/shop\/wp-json\/wp\/v2\/product\/6079\/revisions"}],"predecessor-version":[{"id":6084,"href":"https:\/\/grillandmore.lv\/shop\/wp-json\/wp\/v2\/product\/6079\/revisions\/6084"}],"wp:featuredmedia":[{"embeddable":true,"href":"https:\/\/grillandmore.lv\/shop\/wp-json\/wp\/v2\/media\/6080"}],"wp:attachment":[{"href":"https:\/\/grillandmore.lv\/shop\/wp-json\/wp\/v2\/media?parent=6079"}],"wp:term":[{"taxonomy":"pwb-brand","embeddable":true,"href":"https:\/\/grillandmore.lv\/shop\/wp-json\/wp\/v2\/pwb-brand?post=6079"},{"taxonomy":"product_brand","embeddable":true,"href":"https:\/\/grillandmore.lv\/shop\/wp-json\/wp\/v2\/product_brand?post=6079"},{"taxonomy":"product_cat","embeddable":true,"href":"https:\/\/grillandmore.lv\/shop\/wp-json\/wp\/v2\/product_cat?post=6079"},{"taxonomy":"product_tag","embeddable":true,"href":"https:\/\/grillandmore.lv\/shop\/wp-json\/wp\/v2\/product_tag?post=6079"}],"curies":[{"name":"wp","href":"https:\/\/api.w.org\/{rel}","templated":true}]}}