{"id":6112,"date":"2023-04-03T19:34:05","date_gmt":"2023-04-03T16:34:05","guid":{"rendered":"https:\/\/grillandmore.lv\/shop\/?post_type=product&#038;p=6112"},"modified":"2023-09-19T17:58:38","modified_gmt":"2023-09-19T14:58:38","slug":"yakiniku-karstuma-deflektors-compact","status":"publish","type":"product","link":"https:\/\/grillandmore.lv\/shop\/products\/yakiniku-karstuma-deflektors-compact\/","title":{"rendered":"YAKINIKU karstuma deflektors | COMPACT"},"content":{"rendered":"<p>Diametrs 23 CM<\/p>\n<p>Augstums: 1cm<\/p>\n<p>Svars kg. 0.7<\/p>\n","protected":false},"excerpt":{"rendered":"<p>Ar siltuma vairogu j\u016bs aizsarg\u0101jat sast\u0101vda\u013cas no tie\u0161as karstuma. Tas nov\u0113r\u0161 ga\u013cas un zivju piedeg\u0161anu vai iz\u017e\u016b\u0161anu. Siltuma deflektors ir neaizst\u0101jams j\u016bsu Kamado netie\u0161ai gril\u0113\u0161anai.<\/p>\n","protected":false},"featured_media":6108,"comment_status":"open","ping_status":"closed","template":"","meta":[],"pwb-brand":[241],"product_brand":[],"product_cat":[242,125],"product_tag":[],"class_list":{"0":"post-6112","1":"product","2":"type-product","3":"status-publish","4":"has-post-thumbnail","6":"pwb-brand-yakiniku","7":"product_cat-piederumi-kokoglu-grili","8":"product_cat-kokoglu-grili","10":"first","11":"onbackorder","12":"taxable","13":"shipping-taxable","14":"purchasable","15":"product-type-simple"},"brands":[{"id":241,"name":"Yakiniku","slug":"yakiniku"}],"_links":{"self":[{"href":"https:\/\/grillandmore.lv\/shop\/wp-json\/wp\/v2\/product\/6112","targetHints":{"allow":["GET"]}}],"collection":[{"href":"https:\/\/grillandmore.lv\/shop\/wp-json\/wp\/v2\/product"}],"about":[{"href":"https:\/\/grillandmore.lv\/shop\/wp-json\/wp\/v2\/types\/product"}],"replies":[{"embeddable":true,"href":"https:\/\/grillandmore.lv\/shop\/wp-json\/wp\/v2\/comments?post=6112"}],"version-history":[{"count":1,"href":"https:\/\/grillandmore.lv\/shop\/wp-json\/wp\/v2\/product\/6112\/revisions"}],"predecessor-version":[{"id":6113,"href":"https:\/\/grillandmore.lv\/shop\/wp-json\/wp\/v2\/product\/6112\/revisions\/6113"}],"wp:featuredmedia":[{"embeddable":true,"href":"https:\/\/grillandmore.lv\/shop\/wp-json\/wp\/v2\/media\/6108"}],"wp:attachment":[{"href":"https:\/\/grillandmore.lv\/shop\/wp-json\/wp\/v2\/media?parent=6112"}],"wp:term":[{"taxonomy":"pwb-brand","embeddable":true,"href":"https:\/\/grillandmore.lv\/shop\/wp-json\/wp\/v2\/pwb-brand?post=6112"},{"taxonomy":"product_brand","embeddable":true,"href":"https:\/\/grillandmore.lv\/shop\/wp-json\/wp\/v2\/product_brand?post=6112"},{"taxonomy":"product_cat","embeddable":true,"href":"https:\/\/grillandmore.lv\/shop\/wp-json\/wp\/v2\/product_cat?post=6112"},{"taxonomy":"product_tag","embeddable":true,"href":"https:\/\/grillandmore.lv\/shop\/wp-json\/wp\/v2\/product_tag?post=6112"}],"curies":[{"name":"wp","href":"https:\/\/api.w.org\/{rel}","templated":true}]}}