{"id":6114,"date":"2023-04-03T19:41:31","date_gmt":"2023-04-03T16:41:31","guid":{"rendered":"https:\/\/grillandmore.lv\/shop\/?post_type=product&#038;p=6114"},"modified":"2023-09-19T17:58:32","modified_gmt":"2023-09-19T14:58:32","slug":"yakiniku-grila-stativs-deflektoram","status":"publish","type":"product","link":"https:\/\/grillandmore.lv\/shop\/products\/yakiniku-grila-stativs-deflektoram\/","title":{"rendered":"YAKINIKU grila stat\u012bvs deflektoram"},"content":{"rendered":"<p>Diametrs 33,3 CM<br \/>\nDzi\u013cums 28 CM<br \/>\nAugstums 12,5 cm<br \/>\nSvars kg. 1.3<\/p>\n","protected":false},"excerpt":{"rendered":"<p>Grila pac\u0113l\u0101js \u013cauj str\u0101d\u0101t Kamado ar vai bez siltuma deflektora.<\/p>\n","protected":false},"featured_media":6115,"comment_status":"open","ping_status":"closed","template":"","meta":[],"pwb-brand":[241],"product_brand":[],"product_cat":[242,125],"product_tag":[],"class_list":{"0":"post-6114","1":"product","2":"type-product","3":"status-publish","4":"has-post-thumbnail","6":"pwb-brand-yakiniku","7":"product_cat-piederumi-kokoglu-grili","8":"product_cat-kokoglu-grili","10":"first","11":"onbackorder","12":"taxable","13":"shipping-taxable","14":"purchasable","15":"product-type-simple"},"brands":[{"id":241,"name":"Yakiniku","slug":"yakiniku"}],"_links":{"self":[{"href":"https:\/\/grillandmore.lv\/shop\/wp-json\/wp\/v2\/product\/6114","targetHints":{"allow":["GET"]}}],"collection":[{"href":"https:\/\/grillandmore.lv\/shop\/wp-json\/wp\/v2\/product"}],"about":[{"href":"https:\/\/grillandmore.lv\/shop\/wp-json\/wp\/v2\/types\/product"}],"replies":[{"embeddable":true,"href":"https:\/\/grillandmore.lv\/shop\/wp-json\/wp\/v2\/comments?post=6114"}],"version-history":[{"count":1,"href":"https:\/\/grillandmore.lv\/shop\/wp-json\/wp\/v2\/product\/6114\/revisions"}],"predecessor-version":[{"id":6119,"href":"https:\/\/grillandmore.lv\/shop\/wp-json\/wp\/v2\/product\/6114\/revisions\/6119"}],"wp:featuredmedia":[{"embeddable":true,"href":"https:\/\/grillandmore.lv\/shop\/wp-json\/wp\/v2\/media\/6115"}],"wp:attachment":[{"href":"https:\/\/grillandmore.lv\/shop\/wp-json\/wp\/v2\/media?parent=6114"}],"wp:term":[{"taxonomy":"pwb-brand","embeddable":true,"href":"https:\/\/grillandmore.lv\/shop\/wp-json\/wp\/v2\/pwb-brand?post=6114"},{"taxonomy":"product_brand","embeddable":true,"href":"https:\/\/grillandmore.lv\/shop\/wp-json\/wp\/v2\/product_brand?post=6114"},{"taxonomy":"product_cat","embeddable":true,"href":"https:\/\/grillandmore.lv\/shop\/wp-json\/wp\/v2\/product_cat?post=6114"},{"taxonomy":"product_tag","embeddable":true,"href":"https:\/\/grillandmore.lv\/shop\/wp-json\/wp\/v2\/product_tag?post=6114"}],"curies":[{"name":"wp","href":"https:\/\/api.w.org\/{rel}","templated":true}]}}