{"id":6127,"date":"2023-04-03T20:00:23","date_gmt":"2023-04-03T17:00:23","guid":{"rendered":"https:\/\/grillandmore.lv\/shop\/?post_type=product&#038;p=6127"},"modified":"2023-09-19T17:58:22","modified_gmt":"2023-09-19T14:58:22","slug":"yakiniku-cuguna-reste-comapact","status":"publish","type":"product","link":"https:\/\/grillandmore.lv\/shop\/products\/yakiniku-cuguna-reste-comapact\/","title":{"rendered":"YAKINIKU \u010duguna reste | COMAPACT"},"content":{"rendered":"<p>Diametrs 31,3 CM<br \/>\nSvars kg. 2.03<\/p>\n","protected":false},"excerpt":{"rendered":"<p style=\"text-align: justify;\">J\u016bs izmantojat \u010duguna re\u017e\u0123i, lai \u0101tri un jauki izveidotu nospiedumu uz gril\u0113tiem produktiem. \u0160im re\u017e\u0123im ir tipiska dimanta forma. Izmantojot \u010duguna re\u017e\u0123i, j\u016bs ieg\u016bstat perfekti apceptu ga\u013cu, kas labi saglab\u0101 savu sulu. Re\u017e\u0123is \u0101tri uzsilst un ir \u012bpa\u0161i karstumiztur\u012bgs. J\u016bs varat viegli izmantot \u0161o \u010duguna re\u017e\u0123i kop\u0101 ar profesion\u0101\u013cu komplektu.<\/p>\n","protected":false},"featured_media":6124,"comment_status":"open","ping_status":"closed","template":"","meta":[],"pwb-brand":[241],"product_brand":[],"product_cat":[243,125,162],"product_tag":[],"class_list":{"0":"post-6127","1":"product","2":"type-product","3":"status-publish","4":"has-post-thumbnail","6":"pwb-brand-yakiniku","7":"product_cat-papildus-reste","8":"product_cat-kokoglu-grili","9":"product_cat-restes","11":"first","12":"onbackorder","13":"taxable","14":"shipping-taxable","15":"purchasable","16":"product-type-simple"},"brands":[{"id":241,"name":"Yakiniku","slug":"yakiniku"}],"_links":{"self":[{"href":"https:\/\/grillandmore.lv\/shop\/wp-json\/wp\/v2\/product\/6127","targetHints":{"allow":["GET"]}}],"collection":[{"href":"https:\/\/grillandmore.lv\/shop\/wp-json\/wp\/v2\/product"}],"about":[{"href":"https:\/\/grillandmore.lv\/shop\/wp-json\/wp\/v2\/types\/product"}],"replies":[{"embeddable":true,"href":"https:\/\/grillandmore.lv\/shop\/wp-json\/wp\/v2\/comments?post=6127"}],"version-history":[{"count":1,"href":"https:\/\/grillandmore.lv\/shop\/wp-json\/wp\/v2\/product\/6127\/revisions"}],"predecessor-version":[{"id":6128,"href":"https:\/\/grillandmore.lv\/shop\/wp-json\/wp\/v2\/product\/6127\/revisions\/6128"}],"wp:featuredmedia":[{"embeddable":true,"href":"https:\/\/grillandmore.lv\/shop\/wp-json\/wp\/v2\/media\/6124"}],"wp:attachment":[{"href":"https:\/\/grillandmore.lv\/shop\/wp-json\/wp\/v2\/media?parent=6127"}],"wp:term":[{"taxonomy":"pwb-brand","embeddable":true,"href":"https:\/\/grillandmore.lv\/shop\/wp-json\/wp\/v2\/pwb-brand?post=6127"},{"taxonomy":"product_brand","embeddable":true,"href":"https:\/\/grillandmore.lv\/shop\/wp-json\/wp\/v2\/product_brand?post=6127"},{"taxonomy":"product_cat","embeddable":true,"href":"https:\/\/grillandmore.lv\/shop\/wp-json\/wp\/v2\/product_cat?post=6127"},{"taxonomy":"product_tag","embeddable":true,"href":"https:\/\/grillandmore.lv\/shop\/wp-json\/wp\/v2\/product_tag?post=6127"}],"curies":[{"name":"wp","href":"https:\/\/api.w.org\/{rel}","templated":true}]}}