{"id":6129,"date":"2023-04-03T20:06:54","date_gmt":"2023-04-03T17:06:54","guid":{"rendered":"https:\/\/grillandmore.lv\/shop\/?post_type=product&#038;p=6129"},"modified":"2023-09-19T17:58:16","modified_gmt":"2023-09-19T14:58:16","slug":"yakiniku-teppanyaki-plaksne-compact","status":"publish","type":"product","link":"https:\/\/grillandmore.lv\/shop\/products\/yakiniku-teppanyaki-plaksne-compact\/","title":{"rendered":"YAKINIKU TEPPANYAKI pl\u0101ksne | COMPACT"},"content":{"rendered":"<p>Diametrs 35 CM<br \/>\nAugstums 0,5cm<br \/>\nSvars kg. 3<\/p>\n","protected":false},"excerpt":{"rendered":"<p style=\"text-align: justify;\">Izmantojot YAKINIKU teppanyaki \u0161\u0137\u012bvi, kas paredz\u0113ta COMPACT Kamado, j\u016bs varat praktiz\u0113t izsmalcin\u0101to jap\u0101\u0146u gatavo\u0161anas tehniku tie\u0161i sav\u0101 pagalm\u0101. Teppyanyaki ir tipisks un m\u016bsdien\u012bgs jap\u0101\u0146u \u0113diena gatavo\u0161anas veids. Pl\u0101ksne ir izgatavota no \u012bpa\u0161i iztur\u012bga ner\u016bs\u0113jo\u0161\u0101 t\u0113rauda un ir viegli t\u012br\u0101ma.<\/p>\n","protected":false},"featured_media":6130,"comment_status":"open","ping_status":"closed","template":"","meta":[],"pwb-brand":[241],"product_brand":[],"product_cat":[243,125],"product_tag":[],"class_list":{"0":"post-6129","1":"product","2":"type-product","3":"status-publish","4":"has-post-thumbnail","6":"pwb-brand-yakiniku","7":"product_cat-papildus-reste","8":"product_cat-kokoglu-grili","10":"first","11":"onbackorder","12":"taxable","13":"shipping-taxable","14":"purchasable","15":"product-type-simple"},"brands":[{"id":241,"name":"Yakiniku","slug":"yakiniku"}],"_links":{"self":[{"href":"https:\/\/grillandmore.lv\/shop\/wp-json\/wp\/v2\/product\/6129","targetHints":{"allow":["GET"]}}],"collection":[{"href":"https:\/\/grillandmore.lv\/shop\/wp-json\/wp\/v2\/product"}],"about":[{"href":"https:\/\/grillandmore.lv\/shop\/wp-json\/wp\/v2\/types\/product"}],"replies":[{"embeddable":true,"href":"https:\/\/grillandmore.lv\/shop\/wp-json\/wp\/v2\/comments?post=6129"}],"version-history":[{"count":1,"href":"https:\/\/grillandmore.lv\/shop\/wp-json\/wp\/v2\/product\/6129\/revisions"}],"predecessor-version":[{"id":6132,"href":"https:\/\/grillandmore.lv\/shop\/wp-json\/wp\/v2\/product\/6129\/revisions\/6132"}],"wp:featuredmedia":[{"embeddable":true,"href":"https:\/\/grillandmore.lv\/shop\/wp-json\/wp\/v2\/media\/6130"}],"wp:attachment":[{"href":"https:\/\/grillandmore.lv\/shop\/wp-json\/wp\/v2\/media?parent=6129"}],"wp:term":[{"taxonomy":"pwb-brand","embeddable":true,"href":"https:\/\/grillandmore.lv\/shop\/wp-json\/wp\/v2\/pwb-brand?post=6129"},{"taxonomy":"product_brand","embeddable":true,"href":"https:\/\/grillandmore.lv\/shop\/wp-json\/wp\/v2\/product_brand?post=6129"},{"taxonomy":"product_cat","embeddable":true,"href":"https:\/\/grillandmore.lv\/shop\/wp-json\/wp\/v2\/product_cat?post=6129"},{"taxonomy":"product_tag","embeddable":true,"href":"https:\/\/grillandmore.lv\/shop\/wp-json\/wp\/v2\/product_tag?post=6129"}],"curies":[{"name":"wp","href":"https:\/\/api.w.org\/{rel}","templated":true}]}}