{"id":6133,"date":"2023-04-03T20:12:04","date_gmt":"2023-04-03T17:12:04","guid":{"rendered":"https:\/\/grillandmore.lv\/shop\/?post_type=product&#038;p=6133"},"modified":"2023-09-19T17:58:11","modified_gmt":"2023-09-19T14:58:11","slug":"yakiniku-cuguna-reste-medium","status":"publish","type":"product","link":"https:\/\/grillandmore.lv\/shop\/products\/yakiniku-cuguna-reste-medium\/","title":{"rendered":"YAKINIKU \u010duguna reste | MEDIUM"},"content":{"rendered":"<p>Diametrs 39 CM<br \/>\nAugstums 1cm<br \/>\nSvars kg. 2.15<\/p>\n","protected":false},"excerpt":{"rendered":"<p style=\"text-align: justify;\">J\u016bs izmantojat \u010duguna re\u017e\u0123i, lai \u0101tri un skaisti izveidotu nospiedumu uz gril\u0113tiem produktiem. \u0160im re\u017e\u0123im ir tipiska dimanta forma. Ar \u010duguna re\u017e\u0123i j\u016bs ieg\u016bstat perfekti apceptu ga\u013cu, t\u0101p\u0113c sulas labi saglab\u0101jas. Re\u017e\u0123is \u0101tri uzsilst un ir \u012bpa\u0161i karstumiztur\u012bgs.<\/p>\n","protected":false},"featured_media":6134,"comment_status":"open","ping_status":"closed","template":"","meta":[],"pwb-brand":[241],"product_brand":[],"product_cat":[243,125],"product_tag":[],"class_list":{"0":"post-6133","1":"product","2":"type-product","3":"status-publish","4":"has-post-thumbnail","6":"pwb-brand-yakiniku","7":"product_cat-papildus-reste","8":"product_cat-kokoglu-grili","10":"first","11":"onbackorder","12":"taxable","13":"shipping-taxable","14":"purchasable","15":"product-type-simple"},"brands":[{"id":241,"name":"Yakiniku","slug":"yakiniku"}],"_links":{"self":[{"href":"https:\/\/grillandmore.lv\/shop\/wp-json\/wp\/v2\/product\/6133","targetHints":{"allow":["GET"]}}],"collection":[{"href":"https:\/\/grillandmore.lv\/shop\/wp-json\/wp\/v2\/product"}],"about":[{"href":"https:\/\/grillandmore.lv\/shop\/wp-json\/wp\/v2\/types\/product"}],"replies":[{"embeddable":true,"href":"https:\/\/grillandmore.lv\/shop\/wp-json\/wp\/v2\/comments?post=6133"}],"version-history":[{"count":1,"href":"https:\/\/grillandmore.lv\/shop\/wp-json\/wp\/v2\/product\/6133\/revisions"}],"predecessor-version":[{"id":6136,"href":"https:\/\/grillandmore.lv\/shop\/wp-json\/wp\/v2\/product\/6133\/revisions\/6136"}],"wp:featuredmedia":[{"embeddable":true,"href":"https:\/\/grillandmore.lv\/shop\/wp-json\/wp\/v2\/media\/6134"}],"wp:attachment":[{"href":"https:\/\/grillandmore.lv\/shop\/wp-json\/wp\/v2\/media?parent=6133"}],"wp:term":[{"taxonomy":"pwb-brand","embeddable":true,"href":"https:\/\/grillandmore.lv\/shop\/wp-json\/wp\/v2\/pwb-brand?post=6133"},{"taxonomy":"product_brand","embeddable":true,"href":"https:\/\/grillandmore.lv\/shop\/wp-json\/wp\/v2\/product_brand?post=6133"},{"taxonomy":"product_cat","embeddable":true,"href":"https:\/\/grillandmore.lv\/shop\/wp-json\/wp\/v2\/product_cat?post=6133"},{"taxonomy":"product_tag","embeddable":true,"href":"https:\/\/grillandmore.lv\/shop\/wp-json\/wp\/v2\/product_tag?post=6133"}],"curies":[{"name":"wp","href":"https:\/\/api.w.org\/{rel}","templated":true}]}}