{"id":6143,"date":"2023-04-03T20:20:29","date_gmt":"2023-04-03T17:20:29","guid":{"rendered":"https:\/\/grillandmore.lv\/shop\/?post_type=product&#038;p=6143"},"modified":"2023-09-19T17:55:52","modified_gmt":"2023-09-19T14:55:52","slug":"yakiniku-teppanyaki-pusskivis-large","status":"publish","type":"product","link":"https:\/\/grillandmore.lv\/shop\/products\/yakiniku-teppanyaki-pusskivis-large\/","title":{"rendered":"YAKINIKU Teppanyaki pus\u0161\u0137\u012bvis | LARGE"},"content":{"rendered":"<p>Augstums 0,5cm<br \/>\nSvars kg. 3<\/p>\n","protected":false},"excerpt":{"rendered":"<p style=\"text-align: justify;\">Izmantojot YAKINIKU pusm\u0113ness teppanyaki \u0161\u0137\u012bvi LARGE Kamado, j\u016bs varat praktiz\u0113t izsmalcin\u0101to jap\u0101\u0146u gatavo\u0161anas tehniku tie\u0161i sav\u0101 pagalm\u0101. Teppyanyaki ir tipisks un m\u016bsdien\u012bgs jap\u0101\u0146u \u0113diena gatavo\u0161anas veids. Pl\u0101ksne ir izgatavota no \u012bpa\u0161i iztur\u012bga ner\u016bs\u0113jo\u0161\u0101 t\u0113rauda un ir viegli t\u012br\u0101ma.<\/p>\n","protected":false},"featured_media":6144,"comment_status":"open","ping_status":"closed","template":"","meta":[],"pwb-brand":[241],"product_brand":[],"product_cat":[243,125],"product_tag":[],"class_list":{"0":"post-6143","1":"product","2":"type-product","3":"status-publish","4":"has-post-thumbnail","6":"pwb-brand-yakiniku","7":"product_cat-papildus-reste","8":"product_cat-kokoglu-grili","10":"first","11":"onbackorder","12":"taxable","13":"shipping-taxable","14":"purchasable","15":"product-type-simple"},"brands":[{"id":241,"name":"Yakiniku","slug":"yakiniku"}],"_links":{"self":[{"href":"https:\/\/grillandmore.lv\/shop\/wp-json\/wp\/v2\/product\/6143","targetHints":{"allow":["GET"]}}],"collection":[{"href":"https:\/\/grillandmore.lv\/shop\/wp-json\/wp\/v2\/product"}],"about":[{"href":"https:\/\/grillandmore.lv\/shop\/wp-json\/wp\/v2\/types\/product"}],"replies":[{"embeddable":true,"href":"https:\/\/grillandmore.lv\/shop\/wp-json\/wp\/v2\/comments?post=6143"}],"version-history":[{"count":1,"href":"https:\/\/grillandmore.lv\/shop\/wp-json\/wp\/v2\/product\/6143\/revisions"}],"predecessor-version":[{"id":6146,"href":"https:\/\/grillandmore.lv\/shop\/wp-json\/wp\/v2\/product\/6143\/revisions\/6146"}],"wp:featuredmedia":[{"embeddable":true,"href":"https:\/\/grillandmore.lv\/shop\/wp-json\/wp\/v2\/media\/6144"}],"wp:attachment":[{"href":"https:\/\/grillandmore.lv\/shop\/wp-json\/wp\/v2\/media?parent=6143"}],"wp:term":[{"taxonomy":"pwb-brand","embeddable":true,"href":"https:\/\/grillandmore.lv\/shop\/wp-json\/wp\/v2\/pwb-brand?post=6143"},{"taxonomy":"product_brand","embeddable":true,"href":"https:\/\/grillandmore.lv\/shop\/wp-json\/wp\/v2\/product_brand?post=6143"},{"taxonomy":"product_cat","embeddable":true,"href":"https:\/\/grillandmore.lv\/shop\/wp-json\/wp\/v2\/product_cat?post=6143"},{"taxonomy":"product_tag","embeddable":true,"href":"https:\/\/grillandmore.lv\/shop\/wp-json\/wp\/v2\/product_tag?post=6143"}],"curies":[{"name":"wp","href":"https:\/\/api.w.org\/{rel}","templated":true}]}}