{"id":6147,"date":"2023-04-03T20:25:24","date_gmt":"2023-04-03T17:25:24","guid":{"rendered":"https:\/\/grillandmore.lv\/shop\/?post_type=product&#038;p=6147"},"modified":"2023-09-19T17:55:58","modified_gmt":"2023-09-19T14:55:58","slug":"yakiniku-cuguna-reste-pusmeness-large","status":"publish","type":"product","link":"https:\/\/grillandmore.lv\/shop\/products\/yakiniku-cuguna-reste-pusmeness-large\/","title":{"rendered":"YAKINIKU \u010duguna pusreste | LARGE"},"content":{"rendered":"<p>Platums 46,6 CM<br \/>\nAugstums 22,6 cm<br \/>\nSvars kg. 2.15<\/p>\n","protected":false},"excerpt":{"rendered":"<p style=\"text-align: justify;\">J\u016bs izmantojat \u010duguna re\u017e\u0123i, lai \u0101tri un jauki izveidotu nospiedumu uz gril\u0113tiem produktiem. \u0160im pusm\u0113ness re\u017e\u0123im ir tipiska dimanta forma. Izmantojot \u010duguna re\u017e\u0123i, j\u016bs ieg\u016bstat perfekti apceptu ga\u013cu, kas labi saglab\u0101 savu sulu. Re\u017e\u0123is \u0101tri uzsilst un ir \u012bpa\u0161i karstumiztur\u012bgs. Izmantojot divus pusm\u0113ness re\u017e\u0123us, varat viegli izveidot piln\u012bgu re\u017e\u0123i. J\u016bs varat viegli izmantot \u0161o \u010duguna re\u017e\u0123i kop\u0101 ar profesion\u0101\u013cu komplektu.<\/p>\n","protected":false},"featured_media":6148,"comment_status":"open","ping_status":"closed","template":"","meta":[],"pwb-brand":[241],"product_brand":[],"product_cat":[243,125],"product_tag":[],"class_list":{"0":"post-6147","1":"product","2":"type-product","3":"status-publish","4":"has-post-thumbnail","6":"pwb-brand-yakiniku","7":"product_cat-papildus-reste","8":"product_cat-kokoglu-grili","10":"first","11":"onbackorder","12":"taxable","13":"shipping-taxable","14":"purchasable","15":"product-type-simple"},"brands":[{"id":241,"name":"Yakiniku","slug":"yakiniku"}],"_links":{"self":[{"href":"https:\/\/grillandmore.lv\/shop\/wp-json\/wp\/v2\/product\/6147","targetHints":{"allow":["GET"]}}],"collection":[{"href":"https:\/\/grillandmore.lv\/shop\/wp-json\/wp\/v2\/product"}],"about":[{"href":"https:\/\/grillandmore.lv\/shop\/wp-json\/wp\/v2\/types\/product"}],"replies":[{"embeddable":true,"href":"https:\/\/grillandmore.lv\/shop\/wp-json\/wp\/v2\/comments?post=6147"}],"version-history":[{"count":3,"href":"https:\/\/grillandmore.lv\/shop\/wp-json\/wp\/v2\/product\/6147\/revisions"}],"predecessor-version":[{"id":6162,"href":"https:\/\/grillandmore.lv\/shop\/wp-json\/wp\/v2\/product\/6147\/revisions\/6162"}],"wp:featuredmedia":[{"embeddable":true,"href":"https:\/\/grillandmore.lv\/shop\/wp-json\/wp\/v2\/media\/6148"}],"wp:attachment":[{"href":"https:\/\/grillandmore.lv\/shop\/wp-json\/wp\/v2\/media?parent=6147"}],"wp:term":[{"taxonomy":"pwb-brand","embeddable":true,"href":"https:\/\/grillandmore.lv\/shop\/wp-json\/wp\/v2\/pwb-brand?post=6147"},{"taxonomy":"product_brand","embeddable":true,"href":"https:\/\/grillandmore.lv\/shop\/wp-json\/wp\/v2\/product_brand?post=6147"},{"taxonomy":"product_cat","embeddable":true,"href":"https:\/\/grillandmore.lv\/shop\/wp-json\/wp\/v2\/product_cat?post=6147"},{"taxonomy":"product_tag","embeddable":true,"href":"https:\/\/grillandmore.lv\/shop\/wp-json\/wp\/v2\/product_tag?post=6147"}],"curies":[{"name":"wp","href":"https:\/\/api.w.org\/{rel}","templated":true}]}}