{"id":6152,"date":"2023-04-03T20:29:37","date_gmt":"2023-04-03T17:29:37","guid":{"rendered":"https:\/\/grillandmore.lv\/shop\/?post_type=product&#038;p=6152"},"modified":"2023-09-19T17:56:13","modified_gmt":"2023-09-19T14:56:13","slug":"yakiniku-cuguna-reste-large","status":"publish","type":"product","link":"https:\/\/grillandmore.lv\/shop\/products\/yakiniku-cuguna-reste-large\/","title":{"rendered":"YAKINIKU \u010duguna reste | LARGE"},"content":{"rendered":"<p>Svars kg. 4.6<\/p>\n","protected":false},"excerpt":{"rendered":"<p style=\"text-align: justify;\">\u010cuguna re\u017e\u0123is tiek izmantots, lai \u0101tri un skaisti izveidotu nospiedumu uz gril\u0113tiem produktiem. \u0160im re\u017e\u0123im ir tipiska dimanta forma. Izmantojot \u010duguna re\u017e\u0123i, j\u016bs ieg\u016bstat perfekti apceptu ga\u013cu, kas labi saglab\u0101 savu sulu. Re\u017e\u0123is \u0101tri uzsilst un ir \u012bpa\u0161i karstumiztur\u012bgs. J\u016bs varat viegli izmantot \u0161o \u010duguna re\u017e\u0123i kop\u0101 ar profesion\u0101\u013cu komplektu.<\/p>\n","protected":false},"featured_media":6153,"comment_status":"open","ping_status":"closed","template":"","meta":[],"pwb-brand":[241],"product_brand":[],"product_cat":[243,125],"product_tag":[],"class_list":{"0":"post-6152","1":"product","2":"type-product","3":"status-publish","4":"has-post-thumbnail","6":"pwb-brand-yakiniku","7":"product_cat-papildus-reste","8":"product_cat-kokoglu-grili","10":"first","11":"onbackorder","12":"taxable","13":"shipping-taxable","14":"purchasable","15":"product-type-simple"},"brands":[{"id":241,"name":"Yakiniku","slug":"yakiniku"}],"_links":{"self":[{"href":"https:\/\/grillandmore.lv\/shop\/wp-json\/wp\/v2\/product\/6152","targetHints":{"allow":["GET"]}}],"collection":[{"href":"https:\/\/grillandmore.lv\/shop\/wp-json\/wp\/v2\/product"}],"about":[{"href":"https:\/\/grillandmore.lv\/shop\/wp-json\/wp\/v2\/types\/product"}],"replies":[{"embeddable":true,"href":"https:\/\/grillandmore.lv\/shop\/wp-json\/wp\/v2\/comments?post=6152"}],"version-history":[{"count":1,"href":"https:\/\/grillandmore.lv\/shop\/wp-json\/wp\/v2\/product\/6152\/revisions"}],"predecessor-version":[{"id":6156,"href":"https:\/\/grillandmore.lv\/shop\/wp-json\/wp\/v2\/product\/6152\/revisions\/6156"}],"wp:featuredmedia":[{"embeddable":true,"href":"https:\/\/grillandmore.lv\/shop\/wp-json\/wp\/v2\/media\/6153"}],"wp:attachment":[{"href":"https:\/\/grillandmore.lv\/shop\/wp-json\/wp\/v2\/media?parent=6152"}],"wp:term":[{"taxonomy":"pwb-brand","embeddable":true,"href":"https:\/\/grillandmore.lv\/shop\/wp-json\/wp\/v2\/pwb-brand?post=6152"},{"taxonomy":"product_brand","embeddable":true,"href":"https:\/\/grillandmore.lv\/shop\/wp-json\/wp\/v2\/product_brand?post=6152"},{"taxonomy":"product_cat","embeddable":true,"href":"https:\/\/grillandmore.lv\/shop\/wp-json\/wp\/v2\/product_cat?post=6152"},{"taxonomy":"product_tag","embeddable":true,"href":"https:\/\/grillandmore.lv\/shop\/wp-json\/wp\/v2\/product_tag?post=6152"}],"curies":[{"name":"wp","href":"https:\/\/api.w.org\/{rel}","templated":true}]}}