{"id":6175,"date":"2023-04-03T20:53:15","date_gmt":"2023-04-03T17:53:15","guid":{"rendered":"https:\/\/grillandmore.lv\/shop\/?post_type=product&#038;p=6175"},"modified":"2023-09-19T17:56:58","modified_gmt":"2023-09-19T14:56:58","slug":"yakiniku-papildus-reste-medium","status":"publish","type":"product","link":"https:\/\/grillandmore.lv\/shop\/products\/yakiniku-papildus-reste-medium\/","title":{"rendered":"YAKINIKU papildus reste | MEDIUM"},"content":{"rendered":"<p>Augstums 13cm<br \/>\nSvars kg. 2.1<\/p>\n","protected":false},"excerpt":{"rendered":"<p style=\"text-align: justify;\">Izmantojot YAKINIKU\u00ae \u012bpa\u0161i pacelto re\u017e\u0123i, j\u016bs izveidojat papildu 70% gril\u0113\u0161anas virsmas. Turkl\u0101t ar \u0161o re\u017e\u0123i var pagatavot \u0113dienus da\u017e\u0101dos augstumos. Tas \u013cauj sasniegt nevainojamus gatavo\u0161anas rezult\u0101tus ar visu veidu sast\u0101vda\u013c\u0101m.<\/p>\n","protected":false},"featured_media":6176,"comment_status":"open","ping_status":"closed","template":"","meta":[],"pwb-brand":[241],"product_brand":[],"product_cat":[243,125],"product_tag":[],"class_list":{"0":"post-6175","1":"product","2":"type-product","3":"status-publish","4":"has-post-thumbnail","6":"pwb-brand-yakiniku","7":"product_cat-papildus-reste","8":"product_cat-kokoglu-grili","10":"first","11":"onbackorder","12":"taxable","13":"shipping-taxable","14":"purchasable","15":"product-type-simple"},"brands":[{"id":241,"name":"Yakiniku","slug":"yakiniku"}],"_links":{"self":[{"href":"https:\/\/grillandmore.lv\/shop\/wp-json\/wp\/v2\/product\/6175","targetHints":{"allow":["GET"]}}],"collection":[{"href":"https:\/\/grillandmore.lv\/shop\/wp-json\/wp\/v2\/product"}],"about":[{"href":"https:\/\/grillandmore.lv\/shop\/wp-json\/wp\/v2\/types\/product"}],"replies":[{"embeddable":true,"href":"https:\/\/grillandmore.lv\/shop\/wp-json\/wp\/v2\/comments?post=6175"}],"version-history":[{"count":1,"href":"https:\/\/grillandmore.lv\/shop\/wp-json\/wp\/v2\/product\/6175\/revisions"}],"predecessor-version":[{"id":6179,"href":"https:\/\/grillandmore.lv\/shop\/wp-json\/wp\/v2\/product\/6175\/revisions\/6179"}],"wp:featuredmedia":[{"embeddable":true,"href":"https:\/\/grillandmore.lv\/shop\/wp-json\/wp\/v2\/media\/6176"}],"wp:attachment":[{"href":"https:\/\/grillandmore.lv\/shop\/wp-json\/wp\/v2\/media?parent=6175"}],"wp:term":[{"taxonomy":"pwb-brand","embeddable":true,"href":"https:\/\/grillandmore.lv\/shop\/wp-json\/wp\/v2\/pwb-brand?post=6175"},{"taxonomy":"product_brand","embeddable":true,"href":"https:\/\/grillandmore.lv\/shop\/wp-json\/wp\/v2\/product_brand?post=6175"},{"taxonomy":"product_cat","embeddable":true,"href":"https:\/\/grillandmore.lv\/shop\/wp-json\/wp\/v2\/product_cat?post=6175"},{"taxonomy":"product_tag","embeddable":true,"href":"https:\/\/grillandmore.lv\/shop\/wp-json\/wp\/v2\/product_tag?post=6175"}],"curies":[{"name":"wp","href":"https:\/\/api.w.org\/{rel}","templated":true}]}}