{"id":6186,"date":"2023-04-03T21:05:06","date_gmt":"2023-04-03T18:05:06","guid":{"rendered":"https:\/\/grillandmore.lv\/shop\/?post_type=product&#038;p=6186"},"modified":"2023-09-19T17:57:21","modified_gmt":"2023-09-19T14:57:21","slug":"yakiniku-papildus-reste-xlarge","status":"publish","type":"product","link":"https:\/\/grillandmore.lv\/shop\/products\/yakiniku-papildus-reste-xlarge\/","title":{"rendered":"YAKINIKU papildus reste | XLARGE"},"content":{"rendered":"<p>Svars kg. 1.8<\/p>\n","protected":false},"excerpt":{"rendered":"<p>Izmantojot \u0161o papildu re\u017e\u0123i, varat gril\u0113t tre\u0161aj\u0101 l\u012bmen\u012b kombin\u0101cij\u0101 ar profesion\u0101\u013cu komplektu. Tas palielin\u0101s j\u016bsu grila virsmas laukumu un sniegs jums liel\u0101ku elast\u012bbu, vienlaikus gatavojot da\u017e\u0101das sast\u0101vda\u013cas.<\/p>\n","protected":false},"featured_media":6187,"comment_status":"open","ping_status":"closed","template":"","meta":[],"pwb-brand":[241],"product_brand":[],"product_cat":[243,125],"product_tag":[],"class_list":{"0":"post-6186","1":"product","2":"type-product","3":"status-publish","4":"has-post-thumbnail","6":"pwb-brand-yakiniku","7":"product_cat-papildus-reste","8":"product_cat-kokoglu-grili","10":"first","11":"onbackorder","12":"taxable","13":"shipping-taxable","14":"purchasable","15":"product-type-simple"},"brands":[{"id":241,"name":"Yakiniku","slug":"yakiniku"}],"_links":{"self":[{"href":"https:\/\/grillandmore.lv\/shop\/wp-json\/wp\/v2\/product\/6186","targetHints":{"allow":["GET"]}}],"collection":[{"href":"https:\/\/grillandmore.lv\/shop\/wp-json\/wp\/v2\/product"}],"about":[{"href":"https:\/\/grillandmore.lv\/shop\/wp-json\/wp\/v2\/types\/product"}],"replies":[{"embeddable":true,"href":"https:\/\/grillandmore.lv\/shop\/wp-json\/wp\/v2\/comments?post=6186"}],"version-history":[{"count":1,"href":"https:\/\/grillandmore.lv\/shop\/wp-json\/wp\/v2\/product\/6186\/revisions"}],"predecessor-version":[{"id":6191,"href":"https:\/\/grillandmore.lv\/shop\/wp-json\/wp\/v2\/product\/6186\/revisions\/6191"}],"wp:featuredmedia":[{"embeddable":true,"href":"https:\/\/grillandmore.lv\/shop\/wp-json\/wp\/v2\/media\/6187"}],"wp:attachment":[{"href":"https:\/\/grillandmore.lv\/shop\/wp-json\/wp\/v2\/media?parent=6186"}],"wp:term":[{"taxonomy":"pwb-brand","embeddable":true,"href":"https:\/\/grillandmore.lv\/shop\/wp-json\/wp\/v2\/pwb-brand?post=6186"},{"taxonomy":"product_brand","embeddable":true,"href":"https:\/\/grillandmore.lv\/shop\/wp-json\/wp\/v2\/product_brand?post=6186"},{"taxonomy":"product_cat","embeddable":true,"href":"https:\/\/grillandmore.lv\/shop\/wp-json\/wp\/v2\/product_cat?post=6186"},{"taxonomy":"product_tag","embeddable":true,"href":"https:\/\/grillandmore.lv\/shop\/wp-json\/wp\/v2\/product_tag?post=6186"}],"curies":[{"name":"wp","href":"https:\/\/api.w.org\/{rel}","templated":true}]}}