{"id":6198,"date":"2023-04-03T21:16:12","date_gmt":"2023-04-03T18:16:12","guid":{"rendered":"https:\/\/grillandmore.lv\/shop\/?post_type=product&#038;p=6198"},"modified":"2023-09-19T17:55:30","modified_gmt":"2023-09-19T14:55:30","slug":"yakiniku-picas-akmens-medium","status":"publish","type":"product","link":"https:\/\/grillandmore.lv\/shop\/products\/yakiniku-picas-akmens-medium\/","title":{"rendered":"YAKINIKU picas akmens | MEDIUM"},"content":{"rendered":"<p>Diametrs 36,5 CM<br \/>\nAugstums 4,2 cm<br \/>\nSvars kg. 2.4<\/p>\n","protected":false},"excerpt":{"rendered":"<p>Ar YAKINIKU\u00ae picas akmeni j\u016bs varat izcept gar\u0161\u012bg\u0101k\u0101s picas sav\u0101 Kamado. Tas p\u0101rv\u0113r\u0161 j\u016bsu Kamado par \u012bstu picas kr\u0101sni. Ide\u0101li piem\u0113rots ar\u012b maizes vai p\u012br\u0101gu cep\u0161anai.<\/p>\n","protected":false},"featured_media":6199,"comment_status":"open","ping_status":"closed","template":"","meta":[],"pwb-brand":[241],"product_brand":[],"product_cat":[243,125,151,128],"product_tag":[],"class_list":{"0":"post-6198","1":"product","2":"type-product","3":"status-publish","4":"has-post-thumbnail","6":"pwb-brand-yakiniku","7":"product_cat-papildus-reste","8":"product_cat-kokoglu-grili","9":"product_cat-picai","10":"product_cat-piederumi","12":"first","13":"onbackorder","14":"taxable","15":"shipping-taxable","16":"purchasable","17":"product-type-simple"},"brands":[{"id":241,"name":"Yakiniku","slug":"yakiniku"}],"_links":{"self":[{"href":"https:\/\/grillandmore.lv\/shop\/wp-json\/wp\/v2\/product\/6198","targetHints":{"allow":["GET"]}}],"collection":[{"href":"https:\/\/grillandmore.lv\/shop\/wp-json\/wp\/v2\/product"}],"about":[{"href":"https:\/\/grillandmore.lv\/shop\/wp-json\/wp\/v2\/types\/product"}],"replies":[{"embeddable":true,"href":"https:\/\/grillandmore.lv\/shop\/wp-json\/wp\/v2\/comments?post=6198"}],"version-history":[{"count":1,"href":"https:\/\/grillandmore.lv\/shop\/wp-json\/wp\/v2\/product\/6198\/revisions"}],"predecessor-version":[{"id":6201,"href":"https:\/\/grillandmore.lv\/shop\/wp-json\/wp\/v2\/product\/6198\/revisions\/6201"}],"wp:featuredmedia":[{"embeddable":true,"href":"https:\/\/grillandmore.lv\/shop\/wp-json\/wp\/v2\/media\/6199"}],"wp:attachment":[{"href":"https:\/\/grillandmore.lv\/shop\/wp-json\/wp\/v2\/media?parent=6198"}],"wp:term":[{"taxonomy":"pwb-brand","embeddable":true,"href":"https:\/\/grillandmore.lv\/shop\/wp-json\/wp\/v2\/pwb-brand?post=6198"},{"taxonomy":"product_brand","embeddable":true,"href":"https:\/\/grillandmore.lv\/shop\/wp-json\/wp\/v2\/product_brand?post=6198"},{"taxonomy":"product_cat","embeddable":true,"href":"https:\/\/grillandmore.lv\/shop\/wp-json\/wp\/v2\/product_cat?post=6198"},{"taxonomy":"product_tag","embeddable":true,"href":"https:\/\/grillandmore.lv\/shop\/wp-json\/wp\/v2\/product_tag?post=6198"}],"curies":[{"name":"wp","href":"https:\/\/api.w.org\/{rel}","templated":true}]}}