{"id":6207,"date":"2023-04-03T21:27:07","date_gmt":"2023-04-03T18:27:07","guid":{"rendered":"https:\/\/grillandmore.lv\/shop\/?post_type=product&#038;p=6207"},"modified":"2023-09-19T17:55:43","modified_gmt":"2023-09-19T14:55:43","slug":"yakiniku-pizza-slide-large","status":"publish","type":"product","link":"https:\/\/grillandmore.lv\/shop\/products\/yakiniku-pizza-slide-large\/","title":{"rendered":"YAKINIKU Pizza slide | LARGE"},"content":{"rendered":"<p>Platums 57,5 CM<br \/>\nDzi\u013cums 21,3 CM<br \/>\nAugstums 61,8 cm<\/p>\n","protected":false},"excerpt":{"rendered":"<p style=\"text-align: justify;\">\u0160is picas slidkalni\u0146\u0161 ir lielisks Kamado aksesu\u0101rs un piem\u0113rots LARGE modelim. Sl\u012bdkalni\u0146\u0161 ir ide\u0101li piem\u0113rots \u0101trai picu pa\u0146em\u0161anai iek\u0161\u0101 un iz\u0146em\u0161anai no Kamado. Tas nov\u0113r\u0161 temperat\u016bras zudumu, cepot vair\u0101kas picas. Tas ar\u012b samazina atpaka\u013cgaitas risku, padarot picas slidkalni\u0146a lieto\u0161anu \u012bpa\u0161i dro\u0161u.<\/p>\n","protected":false},"featured_media":6208,"comment_status":"open","ping_status":"closed","template":"","meta":[],"pwb-brand":[241],"product_brand":[],"product_cat":[243,125,151,128],"product_tag":[],"class_list":{"0":"post-6207","1":"product","2":"type-product","3":"status-publish","4":"has-post-thumbnail","6":"pwb-brand-yakiniku","7":"product_cat-papildus-reste","8":"product_cat-kokoglu-grili","9":"product_cat-picai","10":"product_cat-piederumi","12":"first","13":"onbackorder","14":"taxable","15":"shipping-taxable","16":"purchasable","17":"product-type-simple"},"brands":[{"id":241,"name":"Yakiniku","slug":"yakiniku"}],"_links":{"self":[{"href":"https:\/\/grillandmore.lv\/shop\/wp-json\/wp\/v2\/product\/6207","targetHints":{"allow":["GET"]}}],"collection":[{"href":"https:\/\/grillandmore.lv\/shop\/wp-json\/wp\/v2\/product"}],"about":[{"href":"https:\/\/grillandmore.lv\/shop\/wp-json\/wp\/v2\/types\/product"}],"replies":[{"embeddable":true,"href":"https:\/\/grillandmore.lv\/shop\/wp-json\/wp\/v2\/comments?post=6207"}],"version-history":[{"count":1,"href":"https:\/\/grillandmore.lv\/shop\/wp-json\/wp\/v2\/product\/6207\/revisions"}],"predecessor-version":[{"id":6213,"href":"https:\/\/grillandmore.lv\/shop\/wp-json\/wp\/v2\/product\/6207\/revisions\/6213"}],"wp:featuredmedia":[{"embeddable":true,"href":"https:\/\/grillandmore.lv\/shop\/wp-json\/wp\/v2\/media\/6208"}],"wp:attachment":[{"href":"https:\/\/grillandmore.lv\/shop\/wp-json\/wp\/v2\/media?parent=6207"}],"wp:term":[{"taxonomy":"pwb-brand","embeddable":true,"href":"https:\/\/grillandmore.lv\/shop\/wp-json\/wp\/v2\/pwb-brand?post=6207"},{"taxonomy":"product_brand","embeddable":true,"href":"https:\/\/grillandmore.lv\/shop\/wp-json\/wp\/v2\/product_brand?post=6207"},{"taxonomy":"product_cat","embeddable":true,"href":"https:\/\/grillandmore.lv\/shop\/wp-json\/wp\/v2\/product_cat?post=6207"},{"taxonomy":"product_tag","embeddable":true,"href":"https:\/\/grillandmore.lv\/shop\/wp-json\/wp\/v2\/product_tag?post=6207"}],"curies":[{"name":"wp","href":"https:\/\/api.w.org\/{rel}","templated":true}]}}