{"id":6233,"date":"2023-04-03T21:52:45","date_gmt":"2023-04-03T18:52:45","guid":{"rendered":"https:\/\/grillandmore.lv\/shop\/?post_type=product&#038;p=6233"},"modified":"2023-09-19T17:54:47","modified_gmt":"2023-09-19T14:54:47","slug":"bbq-flavour-koka-vilna-aizdedzinasanai","status":"publish","type":"product","link":"https:\/\/grillandmore.lv\/shop\/products\/bbq-flavour-koka-vilna-aizdedzinasanai\/","title":{"rendered":"BBQ Flavour koka vilna aizdedzin\u0101\u0161anai"},"content":{"rendered":"<p>Platums 1,8 CM<br \/>\nDzi\u013cums 6,9 CM<br \/>\nAugstums 16,5 cm<br \/>\nSvars kg. 0.1<\/p>\n","protected":false},"excerpt":{"rendered":"<p>Ar koka vilnas \u0161\u0137iltavu pal\u012bdz\u012bbu grila vai galda grila iedeg\u0161ana nekad nav bijusi tik vienk\u0101r\u0161a. Novietojiet koka vilnu starp ogl\u0113m un viegli aizdedziet.<\/p>\n","protected":false},"featured_media":6234,"comment_status":"open","ping_status":"closed","template":"","meta":[],"pwb-brand":[241],"product_brand":[],"product_cat":[146,125,126,128],"product_tag":[],"class_list":{"0":"post-6233","1":"product","2":"type-product","3":"status-publish","4":"has-post-thumbnail","6":"pwb-brand-yakiniku","7":"product_cat-aizdedzinasanai","8":"product_cat-kokoglu-grili","9":"product_cat-malkas-grili","10":"product_cat-piederumi","12":"first","13":"onbackorder","14":"taxable","15":"shipping-taxable","16":"purchasable","17":"product-type-simple"},"brands":[{"id":241,"name":"Yakiniku","slug":"yakiniku"}],"_links":{"self":[{"href":"https:\/\/grillandmore.lv\/shop\/wp-json\/wp\/v2\/product\/6233","targetHints":{"allow":["GET"]}}],"collection":[{"href":"https:\/\/grillandmore.lv\/shop\/wp-json\/wp\/v2\/product"}],"about":[{"href":"https:\/\/grillandmore.lv\/shop\/wp-json\/wp\/v2\/types\/product"}],"replies":[{"embeddable":true,"href":"https:\/\/grillandmore.lv\/shop\/wp-json\/wp\/v2\/comments?post=6233"}],"version-history":[{"count":1,"href":"https:\/\/grillandmore.lv\/shop\/wp-json\/wp\/v2\/product\/6233\/revisions"}],"predecessor-version":[{"id":6236,"href":"https:\/\/grillandmore.lv\/shop\/wp-json\/wp\/v2\/product\/6233\/revisions\/6236"}],"wp:featuredmedia":[{"embeddable":true,"href":"https:\/\/grillandmore.lv\/shop\/wp-json\/wp\/v2\/media\/6234"}],"wp:attachment":[{"href":"https:\/\/grillandmore.lv\/shop\/wp-json\/wp\/v2\/media?parent=6233"}],"wp:term":[{"taxonomy":"pwb-brand","embeddable":true,"href":"https:\/\/grillandmore.lv\/shop\/wp-json\/wp\/v2\/pwb-brand?post=6233"},{"taxonomy":"product_brand","embeddable":true,"href":"https:\/\/grillandmore.lv\/shop\/wp-json\/wp\/v2\/product_brand?post=6233"},{"taxonomy":"product_cat","embeddable":true,"href":"https:\/\/grillandmore.lv\/shop\/wp-json\/wp\/v2\/product_cat?post=6233"},{"taxonomy":"product_tag","embeddable":true,"href":"https:\/\/grillandmore.lv\/shop\/wp-json\/wp\/v2\/product_tag?post=6233"}],"curies":[{"name":"wp","href":"https:\/\/api.w.org\/{rel}","templated":true}]}}