{"id":6366,"date":"2023-04-05T12:01:23","date_gmt":"2023-04-05T09:01:23","guid":{"rendered":"https:\/\/grillandmore.lv\/shop\/?post_type=product&#038;p=6366"},"modified":"2023-09-19T17:51:12","modified_gmt":"2023-09-19T14:51:12","slug":"indel-b-tb15-parnesajamais-ledusskapis","status":"publish","type":"product","link":"https:\/\/grillandmore.lv\/shop\/products\/indel-b-tb15-parnesajamais-ledusskapis\/","title":{"rendered":"Indel B TB15 p\u0101rn\u0113s\u0101jamais ledusskapis"},"content":{"rendered":"<p style=\"text-align: justify;\">Jaunais 2022.\u00a0gada Travel Box p\u0101rn\u0113s\u0101jamo kompresoru ledusskapju kl\u0101sts ir piln\u012bb\u0101 moderniz\u0113ts ar jaun\u0101m kr\u0101s\u0101m, materi\u0101liem un digit\u0101lo vad\u012bbas paneli, vienlaikus saglab\u0101jot uzticam\u012bbu un daudzpus\u012bbu, kas padar\u012bjusi tos par starptautiski vislab\u0101k p\u0101rdotajiem. Mazs no \u0101rpuses, bet \u013coti ietilp\u012bgs iek\u0161pus\u0113, pateicoties pavisam jaunajam SECOP BD1.4 MICRO kompresoram. Izgatavots no augst\u0101k\u0101s kvalit\u0101tes materi\u0101liem, TB15 ir paredz\u0113ts uzst\u0101d\u012b\u0161anai pat vismaz\u0101kaj\u0101s telp\u0101s un viegli transport\u0113jams, pateicoties t\u0101 mazajam svaram. Jaunais kompresors padara \u0161o \u201cmini\u201d ledusskapi neticami produkt\u012bvu ar \u013coti zemu ener\u0123ijas pat\u0113ri\u0146u.<\/p>\n<p>Tilpums (L) 15<\/p>\n<p>Izm\u0113ri (HxWxD) (mm) 375 x 235 x 566<\/p>\n<p>Neto svars (kg) 8,2<\/p>\n<p>Pat\u0113ri\u0146\u0161 (kWh\/24h) 0150<\/p>\n<p>Spriegums (V) DC 12, DC 24<\/p>\n<p>Jaudas absorbcija (W) 35<\/p>\n<p>Aukstuma\u0123enta g\u0101ze R134a<\/p>\n<p>Klimata klase SN-T<\/p>\n<p>Temperat\u016bras diapazons (\u00b0C) -18 +18<\/p>\n<p>Sertifik\u0101ti CE, E-z\u012bme, EMC<\/p>\n","protected":false},"excerpt":{"rendered":"<p style=\"text-align: justify;\">Travel Box p\u0101rn\u0113s\u0101jamos kompresoru ledusskapjus var izmantot daudzos da\u017e\u0101dos pielietojumos: no br\u012bv\u0101 laika l\u012bdz brauk\u0161anai ar laiv\u0101m, no industri\u0101lajiem transportl\u012bdzek\u013ciem l\u012bdz autobusiem mazu p\u0101rtikas produktu p\u0101rvad\u0101\u0161anai ce\u013cojumos.<\/p>\n","protected":false},"featured_media":6362,"comment_status":"open","ping_status":"closed","template":"","meta":[],"pwb-brand":[235],"product_brand":[],"product_cat":[248,249],"product_tag":[],"class_list":{"0":"post-6366","1":"product","2":"type-product","3":"status-publish","4":"has-post-thumbnail","6":"pwb-brand-indel-b","7":"product_cat-ledusskapji-un-aukstumkastes","8":"product_cat-parnesajamie-ledusskapji","10":"first","11":"onbackorder","12":"taxable","13":"shipping-taxable","14":"purchasable","15":"product-type-simple"},"brands":[{"id":235,"name":"Indel B","slug":"indel-b"}],"_links":{"self":[{"href":"https:\/\/grillandmore.lv\/shop\/wp-json\/wp\/v2\/product\/6366","targetHints":{"allow":["GET"]}}],"collection":[{"href":"https:\/\/grillandmore.lv\/shop\/wp-json\/wp\/v2\/product"}],"about":[{"href":"https:\/\/grillandmore.lv\/shop\/wp-json\/wp\/v2\/types\/product"}],"replies":[{"embeddable":true,"href":"https:\/\/grillandmore.lv\/shop\/wp-json\/wp\/v2\/comments?post=6366"}],"version-history":[{"count":1,"href":"https:\/\/grillandmore.lv\/shop\/wp-json\/wp\/v2\/product\/6366\/revisions"}],"predecessor-version":[{"id":6367,"href":"https:\/\/grillandmore.lv\/shop\/wp-json\/wp\/v2\/product\/6366\/revisions\/6367"}],"wp:featuredmedia":[{"embeddable":true,"href":"https:\/\/grillandmore.lv\/shop\/wp-json\/wp\/v2\/media\/6362"}],"wp:attachment":[{"href":"https:\/\/grillandmore.lv\/shop\/wp-json\/wp\/v2\/media?parent=6366"}],"wp:term":[{"taxonomy":"pwb-brand","embeddable":true,"href":"https:\/\/grillandmore.lv\/shop\/wp-json\/wp\/v2\/pwb-brand?post=6366"},{"taxonomy":"product_brand","embeddable":true,"href":"https:\/\/grillandmore.lv\/shop\/wp-json\/wp\/v2\/product_brand?post=6366"},{"taxonomy":"product_cat","embeddable":true,"href":"https:\/\/grillandmore.lv\/shop\/wp-json\/wp\/v2\/product_cat?post=6366"},{"taxonomy":"product_tag","embeddable":true,"href":"https:\/\/grillandmore.lv\/shop\/wp-json\/wp\/v2\/product_tag?post=6366"}],"curies":[{"name":"wp","href":"https:\/\/api.w.org\/{rel}","templated":true}]}}