{"id":8515,"date":"2023-06-04T11:45:27","date_gmt":"2023-06-04T08:45:27","guid":{"rendered":"http:\/\/www.celojumam.lv\/?post_type=product&#038;p=8515"},"modified":"2023-10-01T10:15:33","modified_gmt":"2023-10-01T07:15:33","slug":"mspa-comfort-starry-6-vietas","status":"publish","type":"product","link":"https:\/\/grillandmore.lv\/shop\/products\/mspa-comfort-starry-6-vietas\/","title":{"rendered":"MSpa COMFORT Starry (6 vietas)"},"content":{"rendered":"<p><strong>IZM\u0112RI<\/strong><br \/>\nAugstums: 70cm<br \/>\nPlatums: 204cm<br \/>\nSvars: 24 kg<br \/>\nSvars ar \u016bdeni: 954 kg<\/p>\n<p><strong>TEHNOLO\u0122IJAS<\/strong><br \/>\n<img decoding=\"async\" src=\"http:\/\/www.celojumam.lv\/wp-content\/uploads\/2023\/06\/mspa-Wired-Controller-100x100-1.webp\" alt=\"\" width=\"60\" height=\"60\" \/>Kontrolieris ar vadu<\/p>\n<p><img decoding=\"async\" src=\"http:\/\/www.celojumam.lv\/wp-content\/uploads\/2023\/06\/mspa-Air-Jet-Bubbles-100x100-1.webp\" alt=\"\" width=\"60\" height=\"60\" \/>Gaisa str\u016bklas burbu\u013ci<\/p>\n<p><img decoding=\"async\" src=\"http:\/\/www.celojumam.lv\/wp-content\/uploads\/2023\/06\/mspa-Heat-Tech-100x100-1.webp\" alt=\"\" width=\"60\" height=\"60\" \/>Sild\u012b\u0161anas iek\u0101rta<\/p>\n<p><img loading=\"lazy\" decoding=\"async\" src=\"http:\/\/www.celojumam.lv\/wp-content\/uploads\/2023\/06\/mspa-Energy-Saving-Timer-100x100-1.webp\" alt=\"\" width=\"60\" height=\"60\" \/>Ener\u0123ijas taup\u012bbas sist\u0113ma<\/p>\n<p><img loading=\"lazy\" decoding=\"async\" src=\"http:\/\/www.celojumam.lv\/wp-content\/uploads\/2023\/06\/mspa-Anti-icing-System-100x100-1.webp\" alt=\"\" width=\"60\" height=\"60\" \/>Pretapledo\u0161anas sist\u0113ma<\/p>\n<p><img loading=\"lazy\" decoding=\"async\" src=\"http:\/\/www.celojumam.lv\/wp-content\/uploads\/2023\/06\/mspa-Smart-Filtration-100x100-1.webp\" alt=\"\" width=\"60\" height=\"60\" \/>Vied\u0101 filtr\u0113\u0161ana<\/p>\n<p><img loading=\"lazy\" decoding=\"async\" src=\"http:\/\/www.celojumam.lv\/wp-content\/uploads\/2023\/06\/mspa-UVC-Sanitizer-100x100-1.webp\" alt=\"\" width=\"60\" height=\"60\" \/>UAV definfekcija<\/p>\n<p><img loading=\"lazy\" decoding=\"async\" src=\"http:\/\/www.celojumam.lv\/wp-content\/uploads\/2023\/06\/mspa-Anti-bacterial-Fabric-100x100-1.webp\" alt=\"\" width=\"60\" height=\"60\" \/>Antibakteri\u0101ls audums<\/p>\n<p><img loading=\"lazy\" decoding=\"async\" class=\"alignnone size-full wp-image-8494\" src=\"http:\/\/www.celojumam.lv\/wp-content\/uploads\/2023\/06\/mspa-Children-Safety-Lock-100x100-1.webp\" alt=\"\" width=\"60\" height=\"60\" \/>B\u0113rnu dro\u0161\u012bnas sl\u0113dzene<\/p>\n<p>&nbsp;<\/p>\n<p><strong>IETILP\u012aBA<\/strong><\/p>\n<p>l\u012bdz 6 pieaugu\u0161ajiem<\/p>\n<p>Maksim\u0101li piepild\u012bts baseins: 930 litri<\/p>\n<p><strong>JAUDA<\/strong><\/p>\n<p>Kontroles sist\u0113ma: 220 \u2013 240v \/ 50 Hz<\/p>\n<p>Sild\u012bt\u0101ja jauda: 1500W<\/p>\n<p>Mas\u0101\u017eas gaisa str\u016bklas jauda: 600W<\/p>\n<p>Gaisa burbu\u013cu hidro mas\u0101\u017eas sist\u0113ma: 138 sprauslas<\/p>\n<p>Sild\u012b\u0161anas \u0101trums: 1.2 \u2013 1.8\u00b0C stund\u0101<\/p>\n<p>Maksim\u0101l\u0101 \u016bdens temperat\u016bra: 40\u00b0C<\/p>\n<p>Filtra s\u016bk\u0146a cirkul\u0101cijas \u016bdens pl\u016bsma: 1800 litri stund\u0101<\/p>\n<p>&nbsp;<\/p>\n<p><strong>KOMPLEKT\u0100 IETILPST<\/strong><\/p>\n<p>Baseins<\/p>\n<p>P\u0101rvalks<\/p>\n<p>2 filtri<\/p>\n<p>LED lenta<\/p>\n","protected":false},"excerpt":{"rendered":"<p>\u201cMSpa\u201d jums d\u0101v\u0101 ekskluz\u012bvas spa proced\u016bras ar LED apgaismojumu. \u0160eit j\u016bs piedz\u012bvosiet r\u0101muma un apmierin\u0101t\u012bbas saj\u016btu, ko sniedz maig\u0101, l\u0113ni puls\u0113jo\u0161\u0101 gaisma. Gaismas un \u0113nu sp\u0113le sniedz nebiju\u0161u prieku un grezn\u012bbas saj\u016btu. Jaunais \u201cSTARRY\u201d modelis pieejams izm\u0113r\u0101 6 person\u0101m.<\/p>\n","protected":false},"featured_media":11090,"comment_status":"open","ping_status":"closed","template":"","meta":[],"pwb-brand":[239],"product_brand":[],"product_cat":[297],"product_tag":[],"class_list":{"0":"post-8515","1":"product","2":"type-product","3":"status-publish","4":"has-post-thumbnail","6":"pwb-brand-mspa","7":"product_cat-piepusamie-baseini","9":"first","10":"onbackorder","11":"taxable","12":"shipping-taxable","13":"purchasable","14":"product-type-simple"},"brands":[{"id":239,"name":"MSpa","slug":"mspa"}],"_links":{"self":[{"href":"https:\/\/grillandmore.lv\/shop\/wp-json\/wp\/v2\/product\/8515","targetHints":{"allow":["GET"]}}],"collection":[{"href":"https:\/\/grillandmore.lv\/shop\/wp-json\/wp\/v2\/product"}],"about":[{"href":"https:\/\/grillandmore.lv\/shop\/wp-json\/wp\/v2\/types\/product"}],"replies":[{"embeddable":true,"href":"https:\/\/grillandmore.lv\/shop\/wp-json\/wp\/v2\/comments?post=8515"}],"version-history":[{"count":1,"href":"https:\/\/grillandmore.lv\/shop\/wp-json\/wp\/v2\/product\/8515\/revisions"}],"predecessor-version":[{"id":11121,"href":"https:\/\/grillandmore.lv\/shop\/wp-json\/wp\/v2\/product\/8515\/revisions\/11121"}],"wp:featuredmedia":[{"embeddable":true,"href":"https:\/\/grillandmore.lv\/shop\/wp-json\/wp\/v2\/media\/11090"}],"wp:attachment":[{"href":"https:\/\/grillandmore.lv\/shop\/wp-json\/wp\/v2\/media?parent=8515"}],"wp:term":[{"taxonomy":"pwb-brand","embeddable":true,"href":"https:\/\/grillandmore.lv\/shop\/wp-json\/wp\/v2\/pwb-brand?post=8515"},{"taxonomy":"product_brand","embeddable":true,"href":"https:\/\/grillandmore.lv\/shop\/wp-json\/wp\/v2\/product_brand?post=8515"},{"taxonomy":"product_cat","embeddable":true,"href":"https:\/\/grillandmore.lv\/shop\/wp-json\/wp\/v2\/product_cat?post=8515"},{"taxonomy":"product_tag","embeddable":true,"href":"https:\/\/grillandmore.lv\/shop\/wp-json\/wp\/v2\/product_tag?post=8515"}],"curies":[{"name":"wp","href":"https:\/\/api.w.org\/{rel}","templated":true}]}}