{"id":8529,"date":"2023-06-04T12:12:11","date_gmt":"2023-06-04T09:12:11","guid":{"rendered":"http:\/\/www.celojumam.lv\/?post_type=product&#038;p=8529"},"modified":"2023-10-01T10:19:10","modified_gmt":"2023-10-01T07:19:10","slug":"mspa-frame-mono-8-vietas","status":"publish","type":"product","link":"https:\/\/grillandmore.lv\/shop\/products\/mspa-frame-mono-8-vietas\/","title":{"rendered":"MSpa FRAME Mono (8 vietas)"},"content":{"rendered":"<p><strong>IZM\u0112RI<\/strong><br \/>\nAugstums: 65cm<br \/>\nPlatums: 192cm<br \/>\nSvars: 39,5 kg<br \/>\nSvars ar \u016bdeni: 1160 kg<\/p>\n<p><strong>TEHNOLO\u0122IJAS<\/strong><br \/>\n<img decoding=\"async\" class=\"alignnone wp-image-8520\" src=\"http:\/\/www.celojumam.lv\/wp-content\/uploads\/2023\/06\/MSpa-APP-100x100-1.webp\" alt=\"\" width=\"61\" height=\"61\" \/>MSpa aplik\u0101cija telefonam<\/p>\n<p><img decoding=\"async\" class=\"alignnone wp-image-8523\" src=\"http:\/\/www.celojumam.lv\/wp-content\/uploads\/2023\/06\/All-in-one-Control-Box-100x100-1.webp\" alt=\"\" width=\"60\" height=\"60\" \/>Vad\u012bbas kaste<\/p>\n<p><img decoding=\"async\" class=\"wp-image-8522 alignleft\" src=\"http:\/\/www.celojumam.lv\/wp-content\/uploads\/2023\/06\/Variable-speed-Bubble-100x100-1.webp\" alt=\"\" width=\"60\" height=\"60\" \/><\/p>\n<p>&nbsp;<\/p>\n<p>Main\u012bga \u0101truma burbu\u013ci<\/p>\n<p><img loading=\"lazy\" decoding=\"async\" src=\"http:\/\/www.celojumam.lv\/wp-content\/uploads\/2023\/06\/mspa-Heat-Tech-100x100-1.webp\" alt=\"\" width=\"60\" height=\"60\" \/>Sild\u012b\u0161anas iek\u0101rta<\/p>\n<p><img loading=\"lazy\" decoding=\"async\" src=\"http:\/\/www.celojumam.lv\/wp-content\/uploads\/2023\/06\/mspa-Energy-Saving-Timer-100x100-1.webp\" alt=\"\" width=\"60\" height=\"60\" \/>Ener\u0123ijas taup\u012bbas sist\u0113ma<\/p>\n<p><img loading=\"lazy\" decoding=\"async\" src=\"http:\/\/www.celojumam.lv\/wp-content\/uploads\/2023\/06\/mspa-Anti-icing-System-100x100-1.webp\" alt=\"\" width=\"60\" height=\"60\" \/>Pretapledo\u0161anas sist\u0113ma<\/p>\n<p><img loading=\"lazy\" decoding=\"async\" src=\"http:\/\/www.celojumam.lv\/wp-content\/uploads\/2023\/06\/mspa-Smart-Filtration-100x100-1.webp\" alt=\"\" width=\"60\" height=\"60\" \/>Vied\u0101 filtr\u0113\u0161ana<\/p>\n<p><img loading=\"lazy\" decoding=\"async\" src=\"http:\/\/www.celojumam.lv\/wp-content\/uploads\/2023\/06\/mspa-UVC-Sanitizer-100x100-1.webp\" alt=\"\" width=\"60\" height=\"60\" \/>UAV definfekcija<\/p>\n<p><img loading=\"lazy\" decoding=\"async\" class=\"alignnone wp-image-8521\" src=\"http:\/\/www.celojumam.lv\/wp-content\/uploads\/2023\/06\/O3-Ozonator-100x100-1.webp\" alt=\"\" width=\"60\" height=\"60\" \/> O3 \u0123enerators<\/p>\n<p><img loading=\"lazy\" decoding=\"async\" src=\"http:\/\/www.celojumam.lv\/wp-content\/uploads\/2023\/06\/mspa-Anti-bacterial-Fabric-100x100-1.webp\" alt=\"\" width=\"60\" height=\"60\" \/>Antibakteri\u0101ls audums<\/p>\n<p><img loading=\"lazy\" decoding=\"async\" class=\"alignnone size-full wp-image-8494\" src=\"http:\/\/www.celojumam.lv\/wp-content\/uploads\/2023\/06\/mspa-Children-Safety-Lock-100x100-1.webp\" alt=\"\" width=\"60\" height=\"60\" \/>B\u0113rnu dro\u0161\u012bnas sl\u0113dzene<\/p>\n<p>&nbsp;<\/p>\n<p><strong>IETILP\u012aBA<\/strong><\/p>\n<p>l\u012bdz 8 pieaugu\u0161ajiem<\/p>\n<p>Maksim\u0101li piepild\u012bts baseins: 1120 litri<\/p>\n<p>&nbsp;<\/p>\n<p><strong>JAUDA<\/strong><\/p>\n<p>Kontroles sist\u0113ma: 220 \u2013 240v \/ 50 Hz<\/p>\n<p>Sild\u012bt\u0101ja jauda: 2200W<\/p>\n<p>Mas\u0101\u017eas gaisa str\u016bklas jauda: 720W &#8211; 3 l\u012bme\u0146i (300W, 500W, 720W)<\/p>\n<p>Str\u016bklas s\u016bknis: 1100!<\/p>\n<p>Gaisa burbu\u013cu hidro mas\u0101\u017eas sist\u0113ma: 144 sprauslas<\/p>\n<p>Sild\u012b\u0161anas \u0101trums: 1.2 \u2013 1.8\u00b0C stund\u0101<\/p>\n<p>Maksim\u0101l\u0101 \u016bdens temperat\u016bra: 40\u00b0C<\/p>\n<p>Filtra s\u016bk\u0146a cirkul\u0101cijas \u016bdens pl\u016bsma: 1800 litri stund\u0101<\/p>\n<p>&nbsp;<\/p>\n<p><strong>OZONS<\/strong><\/p>\n<p>Integr\u0113tais \u0123enerators: 5,5W<\/p>\n<p>Ozona izvade: 30 \u2013 50Mg\/h<\/p>\n<p>&nbsp;<\/p>\n<p><strong>KOMPLEKT\u0100 IETILPST<\/strong><\/p>\n<p>Baseins<\/p>\n<p>Siltuma saglab\u0101\u0161anas putu pakl\u0101ji\u0146\u0161<\/p>\n<p>Spa p\u0101rsegs ar spr\u0101dzi un piep\u016b\u0161amo ur\u012bnp\u016bsli<\/p>\n<p>Filtra kasetne x 2<\/p>\n<p>Filtra kasetnes pamatne<\/p>\n","protected":false},"excerpt":{"rendered":"<p>Uz dzelzs pel\u0113k\u0101s tekstur\u0113t\u0101s \u201cMONO\u201d mode\u013ca piep\u016b\u0161am\u0101s burbu\u013cvannas \u0101r\u0113j\u0101s sienas ir met\u0101liskas sv\u012btras, kas pie\u0161\u0137ir modernu stilu. Var novietot gan telp\u0101s, gan \u0101r\u0101 \u2013 \u201cMONO\u201d modelis pie\u0161\u0137ir j\u016bsu m\u0101joklim revolucion\u0101ru koncepciju.<\/p>\n","protected":false},"featured_media":11085,"comment_status":"open","ping_status":"closed","template":"","meta":[],"pwb-brand":[239],"product_brand":[],"product_cat":[297],"product_tag":[],"class_list":{"0":"post-8529","1":"product","2":"type-product","3":"status-publish","4":"has-post-thumbnail","6":"pwb-brand-mspa","7":"product_cat-piepusamie-baseini","9":"first","10":"onbackorder","11":"taxable","12":"shipping-taxable","13":"purchasable","14":"product-type-simple"},"brands":[{"id":239,"name":"MSpa","slug":"mspa"}],"_links":{"self":[{"href":"https:\/\/grillandmore.lv\/shop\/wp-json\/wp\/v2\/product\/8529","targetHints":{"allow":["GET"]}}],"collection":[{"href":"https:\/\/grillandmore.lv\/shop\/wp-json\/wp\/v2\/product"}],"about":[{"href":"https:\/\/grillandmore.lv\/shop\/wp-json\/wp\/v2\/types\/product"}],"replies":[{"embeddable":true,"href":"https:\/\/grillandmore.lv\/shop\/wp-json\/wp\/v2\/comments?post=8529"}],"version-history":[{"count":1,"href":"https:\/\/grillandmore.lv\/shop\/wp-json\/wp\/v2\/product\/8529\/revisions"}],"predecessor-version":[{"id":11123,"href":"https:\/\/grillandmore.lv\/shop\/wp-json\/wp\/v2\/product\/8529\/revisions\/11123"}],"wp:featuredmedia":[{"embeddable":true,"href":"https:\/\/grillandmore.lv\/shop\/wp-json\/wp\/v2\/media\/11085"}],"wp:attachment":[{"href":"https:\/\/grillandmore.lv\/shop\/wp-json\/wp\/v2\/media?parent=8529"}],"wp:term":[{"taxonomy":"pwb-brand","embeddable":true,"href":"https:\/\/grillandmore.lv\/shop\/wp-json\/wp\/v2\/pwb-brand?post=8529"},{"taxonomy":"product_brand","embeddable":true,"href":"https:\/\/grillandmore.lv\/shop\/wp-json\/wp\/v2\/product_brand?post=8529"},{"taxonomy":"product_cat","embeddable":true,"href":"https:\/\/grillandmore.lv\/shop\/wp-json\/wp\/v2\/product_cat?post=8529"},{"taxonomy":"product_tag","embeddable":true,"href":"https:\/\/grillandmore.lv\/shop\/wp-json\/wp\/v2\/product_tag?post=8529"}],"curies":[{"name":"wp","href":"https:\/\/api.w.org\/{rel}","templated":true}]}}