{"id":8532,"date":"2023-06-04T12:18:39","date_gmt":"2023-06-04T09:18:39","guid":{"rendered":"http:\/\/www.celojumam.lv\/?post_type=product&#038;p=8532"},"modified":"2023-10-01T10:19:55","modified_gmt":"2023-10-01T07:19:55","slug":"mspa-frame-tuscany-6-vietas","status":"publish","type":"product","link":"https:\/\/grillandmore.lv\/shop\/products\/mspa-frame-tuscany-6-vietas\/","title":{"rendered":"MSpa FRAME Tuscany (6 vietas)"},"content":{"rendered":"<p><strong>IZM\u0112RI<\/strong><br \/>\nAugstums: 73cm<br \/>\nPlatums: 193cm<br \/>\nSvars: 75 kg<br \/>\nSvars ar \u016bdeni: 1175 kg<\/p>\n<p><strong>TEHNOLO\u0122IJAS<\/strong><br \/>\n<img decoding=\"async\" class=\"alignnone wp-image-8520\" src=\"http:\/\/www.celojumam.lv\/wp-content\/uploads\/2023\/06\/MSpa-APP-100x100-1.webp\" alt=\"\" width=\"61\" height=\"61\" \/>MSpa aplik\u0101cija telefonam<\/p>\n<p><img decoding=\"async\" class=\"alignnone wp-image-8523\" src=\"http:\/\/www.celojumam.lv\/wp-content\/uploads\/2023\/06\/All-in-one-Control-Box-100x100-1.webp\" alt=\"\" width=\"60\" height=\"60\" \/>Vad\u012bbas kaste<\/p>\n<p><img decoding=\"async\" class=\"wp-image-8522 alignleft\" src=\"http:\/\/www.celojumam.lv\/wp-content\/uploads\/2023\/06\/Variable-speed-Bubble-100x100-1.webp\" alt=\"\" width=\"60\" height=\"60\" \/><\/p>\n<p>&nbsp;<\/p>\n<p>Main\u012bga \u0101truma burbu\u013ci<\/p>\n<p><img loading=\"lazy\" decoding=\"async\" src=\"http:\/\/www.celojumam.lv\/wp-content\/uploads\/2023\/06\/mspa-Heat-Tech-100x100-1.webp\" alt=\"\" width=\"60\" height=\"60\" \/>Sild\u012b\u0161anas iek\u0101rta<\/p>\n<p><img loading=\"lazy\" decoding=\"async\" src=\"http:\/\/www.celojumam.lv\/wp-content\/uploads\/2023\/06\/mspa-Energy-Saving-Timer-100x100-1.webp\" alt=\"\" width=\"60\" height=\"60\" \/>Ener\u0123ijas taup\u012bbas sist\u0113ma<\/p>\n<p><img loading=\"lazy\" decoding=\"async\" src=\"http:\/\/www.celojumam.lv\/wp-content\/uploads\/2023\/06\/mspa-Anti-icing-System-100x100-1.webp\" alt=\"\" width=\"60\" height=\"60\" \/>Pretapledo\u0161anas sist\u0113ma<\/p>\n<p><img loading=\"lazy\" decoding=\"async\" src=\"http:\/\/www.celojumam.lv\/wp-content\/uploads\/2023\/06\/mspa-Smart-Filtration-100x100-1.webp\" alt=\"\" width=\"60\" height=\"60\" \/>Vied\u0101 filtr\u0113\u0161ana<\/p>\n<p><img loading=\"lazy\" decoding=\"async\" src=\"http:\/\/www.celojumam.lv\/wp-content\/uploads\/2023\/06\/mspa-UVC-Sanitizer-100x100-1.webp\" alt=\"\" width=\"60\" height=\"60\" \/>UAV definfekcija<\/p>\n<p><img loading=\"lazy\" decoding=\"async\" class=\"alignnone wp-image-8521\" src=\"http:\/\/www.celojumam.lv\/wp-content\/uploads\/2023\/06\/O3-Ozonator-100x100-1.webp\" alt=\"\" width=\"60\" height=\"60\" \/> O3 \u0123enerators<\/p>\n<p><img loading=\"lazy\" decoding=\"async\" src=\"http:\/\/www.celojumam.lv\/wp-content\/uploads\/2023\/06\/mspa-Anti-bacterial-Fabric-100x100-1.webp\" alt=\"\" width=\"60\" height=\"60\" \/>Antibakteri\u0101ls audums<\/p>\n<p><img loading=\"lazy\" decoding=\"async\" class=\"alignnone size-full wp-image-8494\" src=\"http:\/\/www.celojumam.lv\/wp-content\/uploads\/2023\/06\/mspa-Children-Safety-Lock-100x100-1.webp\" alt=\"\" width=\"60\" height=\"60\" \/>B\u0113rnu dro\u0161\u012bnas sl\u0113dzene<\/p>\n<p>&nbsp;<\/p>\n<p><strong>IETILP\u012aBA<\/strong><\/p>\n<p>l\u012bdz 6 pieaugu\u0161ajiem<\/p>\n<p>Maksim\u0101li piepild\u012bts baseins: 1100 litri<\/p>\n<p><strong>JAUDA<\/strong><\/p>\n<p>Kontroles sist\u0113ma: 220 \u2013 240v \/ 50 Hz<\/p>\n<p>Sild\u012bt\u0101ja jauda: 2200W<\/p>\n<p>Mas\u0101\u017eas gaisa str\u016bklas jauda: 720W &#8211; 3 l\u012bme\u0146i (300W, 500W, 720W)<\/p>\n<p>Str\u016bklas s\u016bknis: 1100!<\/p>\n<p>Gaisa burbu\u013cu hidro mas\u0101\u017eas sist\u0113ma: 138 sprauslas<\/p>\n<p>Sild\u012b\u0161anas \u0101trums: 1.2 \u2013 1.8\u00b0C stund\u0101<\/p>\n<p>Maksim\u0101l\u0101 \u016bdens temperat\u016bra: 40\u00b0C<\/p>\n<p>Filtra s\u016bk\u0146a cirkul\u0101cijas \u016bdens pl\u016bsma: 1800 litri stund\u0101<\/p>\n<p>&nbsp;<\/p>\n<p><strong>OZONS<\/strong><\/p>\n<p>Integr\u0113tais \u0123enerators: 5,5W<\/p>\n<p>Ozona izvade: 30 \u2013 50Mg\/h<\/p>\n<p>&nbsp;<\/p>\n<p><strong>KOMPLEKT\u0100 IETILPST<\/strong><\/p>\n<p>Tosk\u0101nas spa<\/p>\n<p>Spr\u0101dzes spa p\u0101rsegs<\/p>\n<p>Pumpis<\/p>\n<p>Siltuma saglab\u0101\u0161anas putu pakl\u0101ji\u0146\u0161<\/p>\n<p>Filtra kasetne x 2<\/p>\n<p>Filtra kasetnes pamatne<\/p>\n<p>&nbsp;<\/p>\n<p><strong>IEPAKOJUMS<\/strong><\/p>\n<p>81 x 61 x 62 cm<\/p>\n<p>76.5 x 73.5 x 45.5 cm<\/p>\n","protected":false},"excerpt":{"rendered":"<p>Piedz\u012bvojiet ekskluz\u012bvu un unik\u0101lu burbu\u013cmas\u0101\u017eu p\u0101rvietojam\u0101 spa, kas izstr\u0101d\u0101ts t\u0101, lai sniegtu gadiem ilgu neatkar\u012bbu un dro\u0161\u012bbu. \u201cTuscany\u201d kolekcijas vann\u0101m rakstur\u012bgs vienk\u0101r\u0161s, m\u016bsdien\u012bgs dizains. Plastmasas koka panelis nodro\u0161ina produkta iztur\u012bbu, savuk\u0101rt vienk\u0101r\u0161\u0101 uzst\u0101d\u012b\u0161ana \u013cauj \u0113rti p\u0101rvietot.<\/p>\n","protected":false},"featured_media":11092,"comment_status":"open","ping_status":"closed","template":"","meta":[],"pwb-brand":[239],"product_brand":[],"product_cat":[297],"product_tag":[],"class_list":{"0":"post-8532","1":"product","2":"type-product","3":"status-publish","4":"has-post-thumbnail","6":"pwb-brand-mspa","7":"product_cat-piepusamie-baseini","9":"first","10":"onbackorder","11":"taxable","12":"shipping-taxable","13":"purchasable","14":"product-type-simple"},"brands":[{"id":239,"name":"MSpa","slug":"mspa"}],"_links":{"self":[{"href":"https:\/\/grillandmore.lv\/shop\/wp-json\/wp\/v2\/product\/8532","targetHints":{"allow":["GET"]}}],"collection":[{"href":"https:\/\/grillandmore.lv\/shop\/wp-json\/wp\/v2\/product"}],"about":[{"href":"https:\/\/grillandmore.lv\/shop\/wp-json\/wp\/v2\/types\/product"}],"replies":[{"embeddable":true,"href":"https:\/\/grillandmore.lv\/shop\/wp-json\/wp\/v2\/comments?post=8532"}],"version-history":[{"count":1,"href":"https:\/\/grillandmore.lv\/shop\/wp-json\/wp\/v2\/product\/8532\/revisions"}],"predecessor-version":[{"id":11124,"href":"https:\/\/grillandmore.lv\/shop\/wp-json\/wp\/v2\/product\/8532\/revisions\/11124"}],"wp:featuredmedia":[{"embeddable":true,"href":"https:\/\/grillandmore.lv\/shop\/wp-json\/wp\/v2\/media\/11092"}],"wp:attachment":[{"href":"https:\/\/grillandmore.lv\/shop\/wp-json\/wp\/v2\/media?parent=8532"}],"wp:term":[{"taxonomy":"pwb-brand","embeddable":true,"href":"https:\/\/grillandmore.lv\/shop\/wp-json\/wp\/v2\/pwb-brand?post=8532"},{"taxonomy":"product_brand","embeddable":true,"href":"https:\/\/grillandmore.lv\/shop\/wp-json\/wp\/v2\/product_brand?post=8532"},{"taxonomy":"product_cat","embeddable":true,"href":"https:\/\/grillandmore.lv\/shop\/wp-json\/wp\/v2\/product_cat?post=8532"},{"taxonomy":"product_tag","embeddable":true,"href":"https:\/\/grillandmore.lv\/shop\/wp-json\/wp\/v2\/product_tag?post=8532"}],"curies":[{"name":"wp","href":"https:\/\/api.w.org\/{rel}","templated":true}]}}