{"id":8541,"date":"2023-06-04T12:37:18","date_gmt":"2023-06-04T09:37:18","guid":{"rendered":"http:\/\/www.celojumam.lv\/?post_type=product&#038;p=8541"},"modified":"2023-10-01T10:11:15","modified_gmt":"2023-10-01T07:11:15","slug":"konforta-komplekts","status":"publish","type":"product","link":"https:\/\/grillandmore.lv\/shop\/products\/konforta-komplekts\/","title":{"rendered":"Komforta komplekts"},"content":{"rendered":"<p>Galvas balsts: 24,5 x 26,5 x 20,5 cm<\/p>\n<p>Gl\u0101zes tur\u0113t\u0101js: 26,5 x 25 x 17 cm<\/p>\n","protected":false},"excerpt":{"rendered":"<p>Divi galvas balsti un viens gl\u0101zes tur\u0113t\u0101js. PE. Gai\u0161i pel\u0113k\u0101 kr\u0101s\u0101..<\/p>\n","protected":false},"featured_media":11082,"comment_status":"open","ping_status":"closed","template":"","meta":[],"pwb-brand":[239],"product_brand":[],"product_cat":[304,297],"product_tag":[],"class_list":{"0":"post-8541","1":"product","2":"type-product","3":"status-publish","4":"has-post-thumbnail","6":"pwb-brand-mspa","7":"product_cat-piederumi-piepusamie-baseini","8":"product_cat-piepusamie-baseini","10":"first","11":"onbackorder","12":"taxable","13":"shipping-taxable","14":"purchasable","15":"product-type-simple"},"brands":[{"id":239,"name":"MSpa","slug":"mspa"}],"_links":{"self":[{"href":"https:\/\/grillandmore.lv\/shop\/wp-json\/wp\/v2\/product\/8541","targetHints":{"allow":["GET"]}}],"collection":[{"href":"https:\/\/grillandmore.lv\/shop\/wp-json\/wp\/v2\/product"}],"about":[{"href":"https:\/\/grillandmore.lv\/shop\/wp-json\/wp\/v2\/types\/product"}],"replies":[{"embeddable":true,"href":"https:\/\/grillandmore.lv\/shop\/wp-json\/wp\/v2\/comments?post=8541"}],"version-history":[{"count":1,"href":"https:\/\/grillandmore.lv\/shop\/wp-json\/wp\/v2\/product\/8541\/revisions"}],"predecessor-version":[{"id":11116,"href":"https:\/\/grillandmore.lv\/shop\/wp-json\/wp\/v2\/product\/8541\/revisions\/11116"}],"wp:featuredmedia":[{"embeddable":true,"href":"https:\/\/grillandmore.lv\/shop\/wp-json\/wp\/v2\/media\/11082"}],"wp:attachment":[{"href":"https:\/\/grillandmore.lv\/shop\/wp-json\/wp\/v2\/media?parent=8541"}],"wp:term":[{"taxonomy":"pwb-brand","embeddable":true,"href":"https:\/\/grillandmore.lv\/shop\/wp-json\/wp\/v2\/pwb-brand?post=8541"},{"taxonomy":"product_brand","embeddable":true,"href":"https:\/\/grillandmore.lv\/shop\/wp-json\/wp\/v2\/product_brand?post=8541"},{"taxonomy":"product_cat","embeddable":true,"href":"https:\/\/grillandmore.lv\/shop\/wp-json\/wp\/v2\/product_cat?post=8541"},{"taxonomy":"product_tag","embeddable":true,"href":"https:\/\/grillandmore.lv\/shop\/wp-json\/wp\/v2\/product_tag?post=8541"}],"curies":[{"name":"wp","href":"https:\/\/api.w.org\/{rel}","templated":true}]}}