{"id":8550,"date":"2023-06-04T13:47:50","date_gmt":"2023-06-04T10:47:50","guid":{"rendered":"http:\/\/www.celojumam.lv\/?post_type=product&#038;p=8550"},"modified":"2023-10-01T10:07:09","modified_gmt":"2023-10-01T07:07:09","slug":"filtra-kasetnes-papildus-komplekts-lf90-c","status":"publish","type":"product","link":"https:\/\/grillandmore.lv\/shop\/products\/filtra-kasetnes-papildus-komplekts-lf90-c\/","title":{"rendered":"Filtra kasetnes papildus komplekts LF90-C"},"content":{"rendered":"<ul>\n<li>Izm\u0113rs: \u00d810,6\u00d76,7 cm<\/li>\n<li>Der visiem \u201cMSPA\u201d baseiniem<\/li>\n<li>Iepakojum\u0101 6 gab.<\/li>\n<\/ul>\n","protected":false},"excerpt":{"rendered":"<p>Se\u0161as filtra kasetnes ar 90 ieloc\u0113m.<\/p>\n<p>Uzst\u0101d\u012b\u0161anai nepiecie\u0161ama papildu pamatne.<\/p>\n","protected":false},"featured_media":11105,"comment_status":"open","ping_status":"closed","template":"","meta":[],"pwb-brand":[239],"product_brand":[],"product_cat":[304,297],"product_tag":[],"class_list":{"0":"post-8550","1":"product","2":"type-product","3":"status-publish","4":"has-post-thumbnail","6":"pwb-brand-mspa","7":"product_cat-piederumi-piepusamie-baseini","8":"product_cat-piepusamie-baseini","10":"first","11":"onbackorder","12":"taxable","13":"shipping-taxable","14":"purchasable","15":"product-type-simple"},"brands":[{"id":239,"name":"MSpa","slug":"mspa"}],"_links":{"self":[{"href":"https:\/\/grillandmore.lv\/shop\/wp-json\/wp\/v2\/product\/8550","targetHints":{"allow":["GET"]}}],"collection":[{"href":"https:\/\/grillandmore.lv\/shop\/wp-json\/wp\/v2\/product"}],"about":[{"href":"https:\/\/grillandmore.lv\/shop\/wp-json\/wp\/v2\/types\/product"}],"replies":[{"embeddable":true,"href":"https:\/\/grillandmore.lv\/shop\/wp-json\/wp\/v2\/comments?post=8550"}],"version-history":[{"count":1,"href":"https:\/\/grillandmore.lv\/shop\/wp-json\/wp\/v2\/product\/8550\/revisions"}],"predecessor-version":[{"id":11113,"href":"https:\/\/grillandmore.lv\/shop\/wp-json\/wp\/v2\/product\/8550\/revisions\/11113"}],"wp:featuredmedia":[{"embeddable":true,"href":"https:\/\/grillandmore.lv\/shop\/wp-json\/wp\/v2\/media\/11105"}],"wp:attachment":[{"href":"https:\/\/grillandmore.lv\/shop\/wp-json\/wp\/v2\/media?parent=8550"}],"wp:term":[{"taxonomy":"pwb-brand","embeddable":true,"href":"https:\/\/grillandmore.lv\/shop\/wp-json\/wp\/v2\/pwb-brand?post=8550"},{"taxonomy":"product_brand","embeddable":true,"href":"https:\/\/grillandmore.lv\/shop\/wp-json\/wp\/v2\/product_brand?post=8550"},{"taxonomy":"product_cat","embeddable":true,"href":"https:\/\/grillandmore.lv\/shop\/wp-json\/wp\/v2\/product_cat?post=8550"},{"taxonomy":"product_tag","embeddable":true,"href":"https:\/\/grillandmore.lv\/shop\/wp-json\/wp\/v2\/product_tag?post=8550"}],"curies":[{"name":"wp","href":"https:\/\/api.w.org\/{rel}","templated":true}]}}