{"id":8553,"date":"2023-06-04T13:55:24","date_gmt":"2023-06-04T10:55:24","guid":{"rendered":"http:\/\/www.celojumam.lv\/?post_type=product&#038;p=8553"},"modified":"2023-10-01T10:08:38","modified_gmt":"2023-10-01T07:08:38","slug":"filtra-turetajs","status":"publish","type":"product","link":"https:\/\/grillandmore.lv\/shop\/products\/filtra-turetajs\/","title":{"rendered":"Filtra tur\u0113t\u0101js"},"content":{"rendered":"<p>Izm\u0113rs: 7,5 x 8,5 cm<\/p>\n","protected":false},"excerpt":{"rendered":"<p>Ja jums ir MSpa no 2010. l\u012bdz 2019. gadam un v\u0113laties izmantot ar\u012b jaun\u0101kos main\u0101mos filtrus, varat izmantot \u0161o filtru tur\u0113t\u0101ju.<\/p>\n","protected":false},"featured_media":11102,"comment_status":"open","ping_status":"closed","template":"","meta":[],"pwb-brand":[239],"product_brand":[],"product_cat":[304,297],"product_tag":[],"class_list":{"0":"post-8553","1":"product","2":"type-product","3":"status-publish","4":"has-post-thumbnail","6":"pwb-brand-mspa","7":"product_cat-piederumi-piepusamie-baseini","8":"product_cat-piepusamie-baseini","10":"first","11":"onbackorder","12":"taxable","13":"shipping-taxable","14":"purchasable","15":"product-type-simple"},"brands":[{"id":239,"name":"MSpa","slug":"mspa"}],"_links":{"self":[{"href":"https:\/\/grillandmore.lv\/shop\/wp-json\/wp\/v2\/product\/8553","targetHints":{"allow":["GET"]}}],"collection":[{"href":"https:\/\/grillandmore.lv\/shop\/wp-json\/wp\/v2\/product"}],"about":[{"href":"https:\/\/grillandmore.lv\/shop\/wp-json\/wp\/v2\/types\/product"}],"replies":[{"embeddable":true,"href":"https:\/\/grillandmore.lv\/shop\/wp-json\/wp\/v2\/comments?post=8553"}],"version-history":[{"count":1,"href":"https:\/\/grillandmore.lv\/shop\/wp-json\/wp\/v2\/product\/8553\/revisions"}],"predecessor-version":[{"id":11114,"href":"https:\/\/grillandmore.lv\/shop\/wp-json\/wp\/v2\/product\/8553\/revisions\/11114"}],"wp:featuredmedia":[{"embeddable":true,"href":"https:\/\/grillandmore.lv\/shop\/wp-json\/wp\/v2\/media\/11102"}],"wp:attachment":[{"href":"https:\/\/grillandmore.lv\/shop\/wp-json\/wp\/v2\/media?parent=8553"}],"wp:term":[{"taxonomy":"pwb-brand","embeddable":true,"href":"https:\/\/grillandmore.lv\/shop\/wp-json\/wp\/v2\/pwb-brand?post=8553"},{"taxonomy":"product_brand","embeddable":true,"href":"https:\/\/grillandmore.lv\/shop\/wp-json\/wp\/v2\/product_brand?post=8553"},{"taxonomy":"product_cat","embeddable":true,"href":"https:\/\/grillandmore.lv\/shop\/wp-json\/wp\/v2\/product_cat?post=8553"},{"taxonomy":"product_tag","embeddable":true,"href":"https:\/\/grillandmore.lv\/shop\/wp-json\/wp\/v2\/product_tag?post=8553"}],"curies":[{"name":"wp","href":"https:\/\/api.w.org\/{rel}","templated":true}]}}