{"id":8556,"date":"2023-06-04T13:59:33","date_gmt":"2023-06-04T10:59:33","guid":{"rendered":"http:\/\/www.celojumam.lv\/?post_type=product&#038;p=8556"},"modified":"2023-10-01T10:23:45","modified_gmt":"2023-10-01T07:23:45","slug":"sedekla-spilvenu-komplekts","status":"publish","type":"product","link":"https:\/\/grillandmore.lv\/shop\/products\/sedekla-spilvenu-komplekts\/","title":{"rendered":"S\u0113dek\u013ca spilvenu komplekts"},"content":{"rendered":"<p>Izm\u0113rs: 39 cm x 30 cm x 10 cm.<\/p>\n<p>Der visiem \u201cMSPA\u201d baseiniem<\/p>\n<p>Iepakojum\u0101 2 gab.<\/p>\n","protected":false},"excerpt":{"rendered":"<p>Dubultais komplekts. Piepildiet ar \u016bdeni. \u0160ampanie\u0161a zeltain\u0101 kr\u0101s\u0101 ar p\u0113r\u013cu baltu ton\u0113jumu.<\/p>\n","protected":false},"featured_media":11103,"comment_status":"open","ping_status":"closed","template":"","meta":[],"pwb-brand":[239],"product_brand":[],"product_cat":[304,297],"product_tag":[],"class_list":{"0":"post-8556","1":"product","2":"type-product","3":"status-publish","4":"has-post-thumbnail","6":"pwb-brand-mspa","7":"product_cat-piederumi-piepusamie-baseini","8":"product_cat-piepusamie-baseini","10":"first","11":"onbackorder","12":"taxable","13":"shipping-taxable","14":"purchasable","15":"product-type-simple"},"brands":[{"id":239,"name":"MSpa","slug":"mspa"}],"_links":{"self":[{"href":"https:\/\/grillandmore.lv\/shop\/wp-json\/wp\/v2\/product\/8556","targetHints":{"allow":["GET"]}}],"collection":[{"href":"https:\/\/grillandmore.lv\/shop\/wp-json\/wp\/v2\/product"}],"about":[{"href":"https:\/\/grillandmore.lv\/shop\/wp-json\/wp\/v2\/types\/product"}],"replies":[{"embeddable":true,"href":"https:\/\/grillandmore.lv\/shop\/wp-json\/wp\/v2\/comments?post=8556"}],"version-history":[{"count":2,"href":"https:\/\/grillandmore.lv\/shop\/wp-json\/wp\/v2\/product\/8556\/revisions"}],"predecessor-version":[{"id":11130,"href":"https:\/\/grillandmore.lv\/shop\/wp-json\/wp\/v2\/product\/8556\/revisions\/11130"}],"wp:featuredmedia":[{"embeddable":true,"href":"https:\/\/grillandmore.lv\/shop\/wp-json\/wp\/v2\/media\/11103"}],"wp:attachment":[{"href":"https:\/\/grillandmore.lv\/shop\/wp-json\/wp\/v2\/media?parent=8556"}],"wp:term":[{"taxonomy":"pwb-brand","embeddable":true,"href":"https:\/\/grillandmore.lv\/shop\/wp-json\/wp\/v2\/pwb-brand?post=8556"},{"taxonomy":"product_brand","embeddable":true,"href":"https:\/\/grillandmore.lv\/shop\/wp-json\/wp\/v2\/product_brand?post=8556"},{"taxonomy":"product_cat","embeddable":true,"href":"https:\/\/grillandmore.lv\/shop\/wp-json\/wp\/v2\/product_cat?post=8556"},{"taxonomy":"product_tag","embeddable":true,"href":"https:\/\/grillandmore.lv\/shop\/wp-json\/wp\/v2\/product_tag?post=8556"}],"curies":[{"name":"wp","href":"https:\/\/api.w.org\/{rel}","templated":true}]}}