{"id":8570,"date":"2023-06-04T14:18:41","date_gmt":"2023-06-04T11:18:41","guid":{"rendered":"http:\/\/www.celojumam.lv\/?post_type=product&#038;p=8570"},"modified":"2023-10-01T10:21:03","modified_gmt":"2023-10-01T07:21:03","slug":"peldosa-lampa","status":"publish","type":"product","link":"https:\/\/grillandmore.lv\/shop\/products\/peldosa-lampa\/","title":{"rendered":"Peldo\u0161\u0101 lampa"},"content":{"rendered":"<ul>\n<li>16 da\u017e\u0101du kr\u0101su led;<\/li>\n<li>\u016bdens un putek\u013cu necaurlaid\u012bga;<\/li>\n<li>darbin\u0101\u0161anas ilgums no 8 l\u012bdz 12 stund\u0101m;<\/li>\n<li>IPX7 \u2013 \u016bdensnotur\u012bba, iem\u0113rcot \u016bden\u012b 1 metra dzi\u013cum\u0101, l\u012bdz 30 min\u016bt\u0113m;<\/li>\n<li>LED kr\u0101sas: daudzkr\u0101saina, sarkana, zila, za\u013ca un balta;<\/li>\n<li>Korpusa materi\u0101ls \u2013 pret UV staru iedarb\u012bbu notur\u012bga plastmasa.<\/li>\n<\/ul>\n","protected":false},"excerpt":{"rendered":"<p>Uzl\u0101d\u0113jama, peldo\u0161a LED lampa.<\/p>\n","protected":false},"featured_media":11106,"comment_status":"open","ping_status":"closed","template":"","meta":[],"pwb-brand":[239],"product_brand":[],"product_cat":[304,297],"product_tag":[],"class_list":{"0":"post-8570","1":"product","2":"type-product","3":"status-publish","4":"has-post-thumbnail","6":"pwb-brand-mspa","7":"product_cat-piederumi-piepusamie-baseini","8":"product_cat-piepusamie-baseini","10":"first","11":"onbackorder","12":"taxable","13":"shipping-taxable","14":"purchasable","15":"product-type-simple"},"brands":[{"id":239,"name":"MSpa","slug":"mspa"}],"_links":{"self":[{"href":"https:\/\/grillandmore.lv\/shop\/wp-json\/wp\/v2\/product\/8570","targetHints":{"allow":["GET"]}}],"collection":[{"href":"https:\/\/grillandmore.lv\/shop\/wp-json\/wp\/v2\/product"}],"about":[{"href":"https:\/\/grillandmore.lv\/shop\/wp-json\/wp\/v2\/types\/product"}],"replies":[{"embeddable":true,"href":"https:\/\/grillandmore.lv\/shop\/wp-json\/wp\/v2\/comments?post=8570"}],"version-history":[{"count":1,"href":"https:\/\/grillandmore.lv\/shop\/wp-json\/wp\/v2\/product\/8570\/revisions"}],"predecessor-version":[{"id":11125,"href":"https:\/\/grillandmore.lv\/shop\/wp-json\/wp\/v2\/product\/8570\/revisions\/11125"}],"wp:featuredmedia":[{"embeddable":true,"href":"https:\/\/grillandmore.lv\/shop\/wp-json\/wp\/v2\/media\/11106"}],"wp:attachment":[{"href":"https:\/\/grillandmore.lv\/shop\/wp-json\/wp\/v2\/media?parent=8570"}],"wp:term":[{"taxonomy":"pwb-brand","embeddable":true,"href":"https:\/\/grillandmore.lv\/shop\/wp-json\/wp\/v2\/pwb-brand?post=8570"},{"taxonomy":"product_brand","embeddable":true,"href":"https:\/\/grillandmore.lv\/shop\/wp-json\/wp\/v2\/product_brand?post=8570"},{"taxonomy":"product_cat","embeddable":true,"href":"https:\/\/grillandmore.lv\/shop\/wp-json\/wp\/v2\/product_cat?post=8570"},{"taxonomy":"product_tag","embeddable":true,"href":"https:\/\/grillandmore.lv\/shop\/wp-json\/wp\/v2\/product_tag?post=8570"}],"curies":[{"name":"wp","href":"https:\/\/api.w.org\/{rel}","templated":true}]}}