{"id":8574,"date":"2023-06-04T14:24:10","date_gmt":"2023-06-04T11:24:10","guid":{"rendered":"http:\/\/www.celojumam.lv\/?post_type=product&#038;p=8574"},"modified":"2023-10-01T10:23:02","modified_gmt":"2023-10-01T07:23:02","slug":"8574","status":"publish","type":"product","link":"https:\/\/grillandmore.lv\/shop\/products\/8574\/","title":{"rendered":"Piep\u016b\u0161amais izol\u0101cijas p\u016bslis"},"content":{"rendered":"<p>Apa\u013cajam spa 6 person\u0101m; Izm\u0113rs: 162 x 22 cm<\/p>\n","protected":false},"excerpt":{"rendered":"<p>Novietojiet p\u0101rsegu uz spa baseina. Piep\u016b\u0161amais p\u016bslis nodro\u0161ina lab\u0101ku siltuma saglab\u0101\u0161anu un lietus aizpl\u016b\u0161anu.<\/p>\n","protected":false},"featured_media":11097,"comment_status":"open","ping_status":"closed","template":"","meta":[],"pwb-brand":[239],"product_brand":[],"product_cat":[304,297],"product_tag":[],"class_list":{"0":"post-8574","1":"product","2":"type-product","3":"status-publish","4":"has-post-thumbnail","6":"pwb-brand-mspa","7":"product_cat-piederumi-piepusamie-baseini","8":"product_cat-piepusamie-baseini","10":"first","11":"onbackorder","12":"taxable","13":"shipping-taxable","14":"purchasable","15":"product-type-simple"},"brands":[{"id":239,"name":"MSpa","slug":"mspa"}],"_links":{"self":[{"href":"https:\/\/grillandmore.lv\/shop\/wp-json\/wp\/v2\/product\/8574","targetHints":{"allow":["GET"]}}],"collection":[{"href":"https:\/\/grillandmore.lv\/shop\/wp-json\/wp\/v2\/product"}],"about":[{"href":"https:\/\/grillandmore.lv\/shop\/wp-json\/wp\/v2\/types\/product"}],"replies":[{"embeddable":true,"href":"https:\/\/grillandmore.lv\/shop\/wp-json\/wp\/v2\/comments?post=8574"}],"version-history":[{"count":1,"href":"https:\/\/grillandmore.lv\/shop\/wp-json\/wp\/v2\/product\/8574\/revisions"}],"predecessor-version":[{"id":11128,"href":"https:\/\/grillandmore.lv\/shop\/wp-json\/wp\/v2\/product\/8574\/revisions\/11128"}],"wp:featuredmedia":[{"embeddable":true,"href":"https:\/\/grillandmore.lv\/shop\/wp-json\/wp\/v2\/media\/11097"}],"wp:attachment":[{"href":"https:\/\/grillandmore.lv\/shop\/wp-json\/wp\/v2\/media?parent=8574"}],"wp:term":[{"taxonomy":"pwb-brand","embeddable":true,"href":"https:\/\/grillandmore.lv\/shop\/wp-json\/wp\/v2\/pwb-brand?post=8574"},{"taxonomy":"product_brand","embeddable":true,"href":"https:\/\/grillandmore.lv\/shop\/wp-json\/wp\/v2\/product_brand?post=8574"},{"taxonomy":"product_cat","embeddable":true,"href":"https:\/\/grillandmore.lv\/shop\/wp-json\/wp\/v2\/product_cat?post=8574"},{"taxonomy":"product_tag","embeddable":true,"href":"https:\/\/grillandmore.lv\/shop\/wp-json\/wp\/v2\/product_tag?post=8574"}],"curies":[{"name":"wp","href":"https:\/\/api.w.org\/{rel}","templated":true}]}}