{"id":8579,"date":"2023-06-04T14:33:24","date_gmt":"2023-06-04T11:33:24","guid":{"rendered":"http:\/\/www.celojumam.lv\/?post_type=product&#038;p=8579"},"modified":"2023-11-12T14:53:04","modified_gmt":"2023-11-12T12:53:04","slug":"aqua-finesse-piepusamo-baseinu-kopsanas-komplekts","status":"publish","type":"product","link":"https:\/\/grillandmore.lv\/shop\/products\/aqua-finesse-piepusamo-baseinu-kopsanas-komplekts\/","title":{"rendered":"Aqua finesse piep\u016b\u0161amo baseinu kop\u0161anas komplekts"},"content":{"rendered":"<p>\u201cAquafinesse Inflatable\u201d komplekts:<\/p>\n<ul>\n<li>2 litri \u201cAquafinesse\u201d \u0161\u0137\u012bduma;<\/li>\n<li>\u201cAquafinesse\u201d m\u0113rtrauks;<\/li>\n<li>hlora tabletes;<\/li>\n<li>hlora table\u0161u dozators;<\/li>\n<li>pievienota instrukcija.<\/li>\n<\/ul>\n","protected":false},"excerpt":{"rendered":"<p>\u201cAquafiness\u201d komplekts, kas nepiecie\u0161ams piep\u016b\u0161amo baseinu kop\u0161anai<\/p>\n","protected":false},"featured_media":11108,"comment_status":"open","ping_status":"closed","template":"","meta":[],"pwb-brand":[239],"product_brand":[],"product_cat":[304,297],"product_tag":[],"class_list":{"0":"post-8579","1":"product","2":"type-product","3":"status-publish","4":"has-post-thumbnail","6":"pwb-brand-mspa","7":"product_cat-piederumi-piepusamie-baseini","8":"product_cat-piepusamie-baseini","9":"product_shipping_class-paku-skapis","11":"first","12":"onbackorder","13":"taxable","14":"shipping-taxable","15":"purchasable","16":"product-type-simple"},"brands":[{"id":239,"name":"MSpa","slug":"mspa"}],"_links":{"self":[{"href":"https:\/\/grillandmore.lv\/shop\/wp-json\/wp\/v2\/product\/8579","targetHints":{"allow":["GET"]}}],"collection":[{"href":"https:\/\/grillandmore.lv\/shop\/wp-json\/wp\/v2\/product"}],"about":[{"href":"https:\/\/grillandmore.lv\/shop\/wp-json\/wp\/v2\/types\/product"}],"replies":[{"embeddable":true,"href":"https:\/\/grillandmore.lv\/shop\/wp-json\/wp\/v2\/comments?post=8579"}],"version-history":[{"count":1,"href":"https:\/\/grillandmore.lv\/shop\/wp-json\/wp\/v2\/product\/8579\/revisions"}],"predecessor-version":[{"id":11109,"href":"https:\/\/grillandmore.lv\/shop\/wp-json\/wp\/v2\/product\/8579\/revisions\/11109"}],"wp:featuredmedia":[{"embeddable":true,"href":"https:\/\/grillandmore.lv\/shop\/wp-json\/wp\/v2\/media\/11108"}],"wp:attachment":[{"href":"https:\/\/grillandmore.lv\/shop\/wp-json\/wp\/v2\/media?parent=8579"}],"wp:term":[{"taxonomy":"pwb-brand","embeddable":true,"href":"https:\/\/grillandmore.lv\/shop\/wp-json\/wp\/v2\/pwb-brand?post=8579"},{"taxonomy":"product_brand","embeddable":true,"href":"https:\/\/grillandmore.lv\/shop\/wp-json\/wp\/v2\/product_brand?post=8579"},{"taxonomy":"product_cat","embeddable":true,"href":"https:\/\/grillandmore.lv\/shop\/wp-json\/wp\/v2\/product_cat?post=8579"},{"taxonomy":"product_tag","embeddable":true,"href":"https:\/\/grillandmore.lv\/shop\/wp-json\/wp\/v2\/product_tag?post=8579"}],"curies":[{"name":"wp","href":"https:\/\/api.w.org\/{rel}","templated":true}]}}